{"id":8181,"date":"2013-04-07T12:39:58","date_gmt":"2013-04-07T11:39:58","guid":{"rendered":"http:\/\/www.sabinewenig.de\/myblog\/?page_id=8181"},"modified":"2025-06-20T19:36:06","modified_gmt":"2025-06-20T18:36:06","slug":"fruhling-ostern","status":"publish","type":"page","link":"http:\/\/www.sabinewenig.de\/myblog\/?page_id=8181","title":{"rendered":"Fr\u00fchling &#038; Ostern"},"content":{"rendered":"<div class='stb-container stb-style-alert stb-no-caption stb-image-small'><div class='stb-caption'><div class='stb-logo'><img class='stb-logo__image' src='null.gif' alt='img'\/><\/div><div class='stb-caption-content'><\/div><div class='stb-tool'><\/div><\/div><div class='stb-content'><\/p>\n<blockquote>\n<p>ngg_shortcode_0_placeholder<\/p>\n<p>ngg_shortcode_1_placeholder<\/p>\n<\/blockquote>\n<p><\/div><\/div>\n<p>&nbsp;<\/p>\n<div class='stb-container stb-style-info stb-no-caption stb-image-small'><div class='stb-caption'><div class='stb-logo'><img class='stb-logo__image' src='null.gif' alt='img'\/><\/div><div class='stb-caption-content'><\/div><div class='stb-tool'><\/div><\/div><div class='stb-content'><\/p>\n<blockquote>\n<p style=\"text-align: center;\">Fr\u00fchling 2014 &#8211; 1 :<br \/>\n<img loading=\"lazy\" decoding=\"async\" class=\"alignnone size-full wp-image-12157\" src=\"http:\/\/www.sabinewenig.de\/myblog\/wp-content\/uploads\/2013\/10\/Animation1fruehling2014.gif\" alt=\"DSCF3560\" width=\"256\" height=\"256\"><\/p>\n<p style=\"text-align: center;\">Fr\u00fchling 2014 &#8211; 2 :<br \/>\n<img loading=\"lazy\" decoding=\"async\" class=\"alignnone size-full wp-image-12157\" src=\"http:\/\/www.sabinewenig.de\/myblog\/wp-content\/uploads\/2013\/10\/Animation2fruehling2014.gif\" alt=\"DSCF3560\" width=\"256\" height=\"256\"><\/p>\n<p style=\"text-align: center;\">Dietmar\u00b4s Garten im Fr\u00fchling 2015 :<br \/>\n<img loading=\"lazy\" decoding=\"async\" class=\"alignnone size-full wp-image-12157\" src=\"http:\/\/www.sabinewenig.de\/myblog\/wp-content\/uploads\/2013\/10\/dietmar_garten_fruhling2015_animation.gif\" alt=\"DSCF3560\" width=\"256\" height=\"256\"><\/p>\n<p style=\"text-align: center;\">Fr\u00fchling 2015 :<br \/>\n<img loading=\"lazy\" decoding=\"async\" class=\"alignnone size-full wp-image-12157\" src=\"http:\/\/www.sabinewenig.de\/myblog\/wp-content\/uploads\/2013\/10\/fruhling2015Animation1.gif\" alt=\"DSCF3560\" width=\"256\" height=\"256\"><\/p>\n<p style=\"text-align: center;\">Fr\u00fchling 2015 sonstige:<br \/>\n<img loading=\"lazy\" decoding=\"async\" class=\"alignnone size-full wp-image-12157\" src=\"http:\/\/www.sabinewenig.de\/myblog\/wp-content\/uploads\/2013\/10\/fruhling2015Animation2.gif\" alt=\"DSCF3560\" width=\"256\" height=\"256\"><\/p>\n<p style=\"text-align: center;\">Fr\u00fchling &#8211; Garten &#8211; Fische &#8211; Apollo Grab &#8211; 2016 :<br \/>\n<img loading=\"lazy\" decoding=\"async\" class=\"alignnone size-full wp-image-12157\" src=\"http:\/\/www.sabinewenig.de\/myblog\/wp-content\/uploads\/2013\/10\/garten-fische-fruehling2016-Aniimation.gif\" alt=\"DSCF3560\" width=\"256\" height=\"256\"><\/p>\n<p style=\"text-align: center;\">Fr\u00fchling 2016 :<br \/>\n<img loading=\"lazy\" decoding=\"async\" class=\"alignnone size-full wp-image-12157\" src=\"http:\/\/www.sabinewenig.de\/myblog\/wp-content\/uploads\/2013\/10\/fruehling2016-Animation.gif\" alt=\"DSCF3560\" width=\"256\" height=\"256\"><\/p>\n<p style=\"text-align: center;\">Blumen Fr\u00fchling 2016 :<br \/>\n<img loading=\"lazy\" decoding=\"async\" class=\"alignnone size-full wp-image-12157\" src=\"http:\/\/www.sabinewenig.de\/myblog\/wp-content\/uploads\/2013\/10\/blumen-fruehling2016-Animation.gif\" alt=\"DSCF3560\" width=\"256\" height=\"256\"><\/p>\n<p style=\"text-align: center;\">Blumen Fr\u00fchling 2016 Teil 2 &#8211; Garten, Fische &#8230; :<br \/>\n<img loading=\"lazy\" decoding=\"async\" class=\"alignnone size-full wp-image-12157\" src=\"http:\/\/www.sabinewenig.de\/myblog\/wp-content\/uploads\/2013\/10\/Animation2016garten_fruehling2.gif\" alt=\"DSCF3560\" width=\"256\" height=\"256\"><\/p>\n<p style=\"text-align: center;\">Blumen Fr\u00fchling 2016 Teil 2 &#8211; Balkon, drau\u00dfen, Blumenstr\u00e4u\u00dfe &#8230; :<br \/>\n<img loading=\"lazy\" decoding=\"async\" class=\"alignnone size-full wp-image-12157\" src=\"http:\/\/www.sabinewenig.de\/myblog\/wp-content\/uploads\/2013\/10\/Animation2fruehling2016.gif\" alt=\"DSCF3560\" width=\"256\" height=\"256\"><\/p>\n<p style=\"text-align: center;\">Blumen Fr\u00fchling 2017 Teil 1 &#8211; Balkon, drau\u00dfen, Blumenstr\u00e4u\u00dfe &#8230; :<br \/>\n<img loading=\"lazy\" decoding=\"async\" class=\"alignnone size-full wp-image-12157\" src=\"http:\/\/www.sabinewenig.de\/myblog\/wp-content\/uploads\/2013\/10\/Animation_fruehling2017_1Teil.gif\" alt=\"DSCF3560\" width=\"256\" height=\"256\"><\/p>\n<p style=\"text-align: center;\">Dietmar Garten Fr\u00fchling 2017 :<br \/>\n<img loading=\"lazy\" decoding=\"async\" class=\"alignnone size-full wp-image-12157\" src=\"http:\/\/www.sabinewenig.de\/myblog\/wp-content\/uploads\/2013\/10\/dietmar_garten_fruhling2017Animation1.gif\" alt=\"DSCF3560\" width=\"256\" height=\"256\"><\/p>\n<p style=\"text-align: center;\">Blumen Fr\u00fchling 2017 Teil 2 &#8211; Balkon, drau\u00dfen, Blumenstr\u00e4u\u00dfe &#8230; :<br \/>\n<img loading=\"lazy\" decoding=\"async\" class=\"alignnone size-full wp-image-12157\" src=\"http:\/\/www.sabinewenig.de\/myblog\/wp-content\/uploads\/2013\/10\/fruhling2_2017_Animation.gif\" alt=\"DSCF3560\" width=\"256\" height=\"256\"><\/p>\n<p style=\"text-align: center;\">Blumen Garten Fr\u00fchling 2018 :<br \/>\n<img loading=\"lazy\" decoding=\"async\" class=\"alignnone size-full wp-image-12157\" src=\"http:\/\/www.sabinewenig.de\/myblog\/wp-content\/uploads\/2013\/10\/dietmar-garten-fruhling2018-Animation1.gif\" alt=\"DSCF3560\" width=\"256\" height=\"256\"><\/p>\n<p style=\"text-align: center;\">Blumen Fr\u00fchling 2018 :<br \/>\n<img loading=\"lazy\" decoding=\"async\" class=\"alignnone size-full wp-image-12157\" src=\"http:\/\/www.sabinewenig.de\/myblog\/wp-content\/uploads\/2013\/10\/fruhling2018-Animation1.gif\" alt=\"DSCF3560\" width=\"256\" height=\"256\"><\/p>\n<p style=\"text-align: center;\">Blumen Fr\u00fchling 2019 :<br \/>\n<img loading=\"lazy\" decoding=\"async\" class=\"alignnone size-full wp-image-12157\" src=\"http:\/\/www.sabinewenig.de\/myblog\/wp-content\/uploads\/2013\/10\/Animation1_fruhling2019.gif\" alt=\"DSCF3560\" width=\"256\" height=\"256\"><\/p>\n<p style=\"text-align: center;\">Blumen Garten Fr\u00fchling 2019 :<br \/>\n<img loading=\"lazy\" decoding=\"async\" class=\"alignnone size-full wp-image-12157\" src=\"http:\/\/www.sabinewenig.de\/myblog\/wp-content\/uploads\/2013\/10\/Animation1GartenFruhling2019.gif\" alt=\"DSCF3560\" width=\"256\" height=\"256\"><\/p>\n<p style=\"text-align: center;\">Fr\u00fchling 2020 :<br \/>\n<img loading=\"lazy\" decoding=\"async\" class=\"alignnone size-full wp-image-12157\" src=\"http:\/\/www.sabinewenig.de\/myblog\/wp-content\/uploads\/2013\/10\/Fruehling2020_Animation1.gif\" alt=\"DSCF3560\" width=\"256\" height=\"256\"><\/p>\n<p style=\"text-align: center;\">Fr\u00fchling im Garten und Fische 2020 :<br \/>\n<img loading=\"lazy\" decoding=\"async\" class=\"alignnone size-full wp-image-12157\" src=\"http:\/\/www.sabinewenig.de\/myblog\/wp-content\/uploads\/2013\/10\/fruehling-garten-fische2020-Animation1.gif\" alt=\"DSCF3560\" width=\"256\" height=\"256\"><\/p>\n<p style=\"text-align: center;\">Fr\u00fchling 2021 :<br \/>\n<img loading=\"lazy\" decoding=\"async\" class=\"alignnone size-full wp-image-12157\" src=\"http:\/\/www.sabinewenig.de\/myblog\/wp-content\/uploads\/2013\/10\/Fruehling2021_Animation1.gif\" alt=\"DSCF3560\" width=\"256\" height=\"256\"><\/p>\n<p style=\"text-align: center;\">Fr\u00fchling im Garten und Fische 2021 :<br \/>\n<img loading=\"lazy\" decoding=\"async\" class=\"alignnone size-full wp-image-12157\" src=\"http:\/\/www.sabinewenig.de\/myblog\/wp-content\/uploads\/2013\/10\/Fruhling_Garten_Fische2021_Animation1.gif\" alt=\"DSCF3560\" width=\"256\" height=\"256\"><\/p>\n<p style=\"text-align: center;\">Fr\u00fchling 2022 :<br \/>\n<img loading=\"lazy\" decoding=\"async\" class=\"alignnone size-full wp-image-12157\" src=\"http:\/\/www.sabinewenig.de\/myblog\/wp-content\/uploads\/2013\/10\/fruhling2022_Animation2.gif\" alt=\"DSCF3560\" width=\"256\" height=\"256\"><\/p>\n<p style=\"text-align: center;\">Fr\u00fchling im Garten und Fische 2022 :<br \/>\n<img loading=\"lazy\" decoding=\"async\" class=\"alignnone size-full wp-image-12157\" src=\"http:\/\/www.sabinewenig.de\/myblog\/wp-content\/uploads\/2013\/10\/fruhling_garten_fische_2022_Animation3.gif\" alt=\"DSCF3560\" width=\"256\" height=\"256\"><\/p>\n<p style=\"text-align: center;\">Fr\u00fchling 2023 :<br \/>\n<img loading=\"lazy\" decoding=\"async\" class=\"alignnone size-full wp-image-12157\" src=\"http:\/\/www.sabinewenig.de\/myblog\/wp-content\/uploads\/2013\/10\/fruehling2023Animation1.gif\" alt=\"DSCF3560\" width=\"256\" height=\"256\"><\/p>\n<p style=\"text-align: center;\">Fr\u00fchling im Garten und Fische 2023 :<br \/>\n<img loading=\"lazy\" decoding=\"async\" class=\"alignnone size-full wp-image-12157\" src=\"http:\/\/www.sabinewenig.de\/myblog\/wp-content\/uploads\/2013\/10\/fruehling_garten_fische2023Animation1.gif\" alt=\"DSCF3560\" width=\"256\" height=\"256\"><\/p>\n<p style=\"text-align: center;\">Fr\u00fchling 2024 :<br \/>\n<img loading=\"lazy\" decoding=\"async\" class=\"alignnone size-full wp-image-12157\" src=\"http:\/\/www.sabinewenig.de\/myblog\/wp-content\/uploads\/2013\/10\/Fruhling2024_Animation1.gif\" alt=\"DSCF3560\" width=\"256\" height=\"256\"><\/p>\n<p style=\"text-align: center;\">Fr\u00fchling im Garten und Fische 2024 :<br \/>\n<img loading=\"lazy\" decoding=\"async\" class=\"alignnone size-full wp-image-12157\" src=\"http:\/\/www.sabinewenig.de\/myblog\/wp-content\/uploads\/2013\/10\/Fruhling_Garten_Fische_2024_Animation2.gif\" alt=\"DSCF3560\" width=\"256\" height=\"256\"><\/p>\n<p style=\"text-align: center;\">Fr\u00fchling 2025 :<br \/>\n<img loading=\"lazy\" decoding=\"async\" class=\"alignnone size-full wp-image-12157\" src=\"http:\/\/www.sabinewenig.de\/myblog\/wp-content\/uploads\/2013\/10\/fruhling2025-Animation1.gif\" alt=\"DSCF3560\" width=\"256\" height=\"256\"><\/p>\n<p style=\"text-align: center;\">Fr\u00fchling im Garten und Fische 2025 :<br \/>\n<img loading=\"lazy\" decoding=\"async\" class=\"alignnone size-full wp-image-12157\" src=\"http:\/\/www.sabinewenig.de\/myblog\/wp-content\/uploads\/2013\/10\/fruhling2025_Garten_Animation1.gif\" alt=\"DSCF3560\" width=\"256\" height=\"256\"><\/p>\n<\/blockquote>\n<p><\/div><\/div>\n<p>&nbsp;<\/p>\n<p>Magdeburg: Pflanzung von Blumen im Stadtgebiet und auf Friedh\u00f6fen begr\u00fc\u00dft Fr\u00fchling<br \/>\n<a href=\"http:\/\/magdeburger-news.de\/?this=frame&amp;cut=1&amp;c=20180326140832\" target=\"_blank\" rel=\"noopener noreferrer\">http:\/\/magdeburger-news.de\/?this=frame&amp;cut=1&amp;c=20180326140832<\/a><\/p>\n<p>Fr\u00fchlingserwachen mit farbenfrohem Bl\u00fctenarrangement<br \/>\n<a href=\"http:\/\/magdeburger-news.de\/?this=frame&amp;cut=1&amp;c=20180328100813\" target=\"_blank\" rel=\"noopener noreferrer\">http:\/\/magdeburger-news.de\/?this=frame&amp;cut=1&amp;c=20180328100813<\/a><\/p>\n<p>Sch\u00f6nebeck: Erlebter Fr\u00fchling mit Hummel &amp; Co.<br \/>\n<a href=\"http:\/\/magdeburger-news.de\/?this=frame&amp;cut=1&amp;c=20180413104637\" target=\"_blank\" rel=\"noopener noreferrer\">http:\/\/magdeburger-news.de\/?this=frame&amp;cut=1&amp;c=20180413104637<\/a><\/p>\n<p>Tierschutzregeln ab M\u00e4rz: Dieses Verbot gilt nun im Garten<br \/>\n<a href=\"https:\/\/www.gmx.net\/magazine\/ratgeber\/haus-garten\/tierschutzregeln-maerz-verbot-gilt-garten-39375358\" target=\"_blank\" rel=\"noopener\">https:\/\/www.gmx.net\/magazine\/ratgeber\/haus-garten\/tierschutzregeln-maerz-verbot-gilt-garten-39375358<\/a><\/p>\n<p>Gartenarbeit: Das sollten Pflanzenfreunde im M\u00e4rz tun<br \/>\n<a href=\"https:\/\/www.gmx.net\/magazine\/ratgeber\/haus-garten\/gartenarbeit-pflanzenfreunde-maerz-37866864\" target=\"_blank\" rel=\"noopener\">https:\/\/www.gmx.net\/magazine\/ratgeber\/haus-garten\/gartenarbeit-pflanzenfreunde-maerz-37866864<\/a><\/p>\n<p>Diese f\u00fcnf beliebten Fr\u00fchbl\u00fcher sind giftig &#8211; Auch Blumenwasser kann Giftstoffe enthalten<br \/>\n<a href=\"https:\/\/www.magdeburger-news.de\/?this=frame&#038;cut=1&#038;c=20240301090824\" target=\"_blank\" rel=\"noopener\">https:\/\/www.magdeburger-news.de\/?this=frame&#038;cut=1&#038;c=20240301090824<\/a><\/p>\n<p>Rasenpflege im Fr\u00fchjahr: Diese Fehler am Anfang unbedingt vermeiden<br \/>\n<a href=\"https:\/\/www.gmx.net\/magazine\/ratgeber\/haus-garten\/rasenpflege-fruehjahr-achten-39025618#.homepage.threeList_4_Recommendation_treatSimple.Rasenpflege%20im%20Fr%C3%BChjahr:%20Diese%20Fehler%20am%20Anfang%20unbedingt%20vermeiden.6\" target=\"_blank\" rel=\"noopener\">https:\/\/www.gmx.net\/magazine\/ratgeber\/haus-garten\/rasenpflege-fruehjahr-achten-39025618#.homepage.threeList_4_Recommendation_treatSimple.Rasenpflege%20im%20Fr%C3%BChjahr:%20Diese%20Fehler%20am%20Anfang%20unbedingt%20vermeiden.6<\/a><\/p>\n<p>Tips zum Wochenende<br \/>\nOsteressen 2024 &#8211; die besten Rezepte<br \/>\n<a href=\"https:\/\/www.lecker.de\/osteressen-die-besten-rezepte-71028.html?utm_source=mailingwork&#038;utm_medium=email&#038;utm_campaign=tippswochenende\" target=\"_blank\" rel=\"noopener\">https:\/\/www.lecker.de\/osteressen-die-besten-rezepte-71028.html?utm_source=mailingwork&#038;utm_medium=email&#038;utm_campaign=tippswochenende<\/a><\/p>\n<p>Kuriose Br\u00e4uche<br \/>\nOster-Traditionen: So verr\u00fcckt feiern die Menschen weltweit<br \/>\nhttps:\/\/www.reisereporter.de\/tipps-und-tricks\/wissen-fuer-reise-nerds\/oster-traditionen-so-verrueckt-feiern-menschen-in-anderen-laendern-5XZKKKZXM5IVV2FMMTB4X2SHZJ.html?utm_source=pocket-newtab-de-de<\/p>\n<p>Ostern<br \/>\nWas geschah eigentlich am Gr\u00fcndonnerstag? Testen Sie Ihr Wissen rund um Ostern!<br \/>\n<a href=\"https:\/\/www.gmx.net\/magazine\/wissen\/geschichte\/testen-wissen-ostern-36773246#.homepage.fiveBig_19_Wissen.Was%20geschah%20eigentlich%20am%20Gr%C3%BCndonnerstag?%20Testen%20Sie%20Ihr%20Wissen%20rund%20um%20Ostern!.3\" target=\"_blank\" rel=\"noopener\">https:\/\/www.gmx.net\/magazine\/wissen\/geschichte\/testen-wissen-ostern-36773246#.homepage.fiveBig_19_Wissen.Was%20geschah%20eigentlich%20am%20Gr%C3%BCndonnerstag?%20Testen%20Sie%20Ihr%20Wissen%20rund%20um%20Ostern!.3<\/a><\/p>\n<p>Osterhase, Eier und Co.: Was steckt hinter den Ostersymbolen?<br \/>\n<a href=\"https:\/\/www.gmx.net\/magazine\/wissen\/psychologie\/osterhase-eier-co-steckt-ostersymbolen-31449086\" target=\"_blank\" rel=\"noopener\">https:\/\/www.gmx.net\/magazine\/wissen\/psychologie\/osterhase-eier-co-steckt-ostersymbolen-31449086<\/a><\/p>\n<p>Das sind die sch\u00f6nsten Fr\u00fchlingsblumen f\u00fcr Balkon und Garten<br \/>\nhttps:\/\/www.gmx.net\/magazine\/ratgeber\/haus-garten\/schoensten-blumen-balkon-garten-fruehling-36813076#.homepage.fourBullets_16_Ratgeber_B.Das%20sind%20die%20sch%C3%B6nsten%20Fr%C3%BChlingsblumen%20f%C3%BCr%20Balkon%20und%20Garten.1<\/p>\n<p>Wetter in Deutschland<br \/>\nKalendarischer Fr\u00fchlingsanfang steht bevor: Wird es endlich w\u00e4rmer?<br \/>\n<a href=\"https:\/\/www.gmx.net\/magazine\/panorama\/wetter\/kalendarischer-fruehlingsanfang-endlich-waermer-40780724#.homepage.fiveBig_12_Panorama.Kalendarischer%20Fr%C3%BChlingsanfang%20steht%20bevor:%20Wird%20es%20endlich%20w%C3%A4rmer?.1\" target=\"_blank\">https:\/\/www.gmx.net\/magazine\/panorama\/wetter\/kalendarischer-fruehlingsanfang-endlich-waermer-40780724#.homepage.fiveBig_12_Panorama.Kalendarischer%20Fr%C3%BChlingsanfang%20steht%20bevor:%20Wird%20es%20endlich%20w%C3%A4rmer?.1<\/a><\/p>\n<p>&nbsp;<\/p>\n<div class='stb-container stb-style-alert stb-no-caption stb-image-small'><div class='stb-caption'><div class='stb-logo'><img class='stb-logo__image' src='null.gif' alt='img'\/><\/div><div class='stb-caption-content'><\/div><div class='stb-tool'><\/div><\/div><div class='stb-content'><\/p>\n<blockquote>\n<p>2024 : Fr\u00fchlingsvideo\u00b4s :<\/p>\n<p style=\"text-align: center;\">Rapsfeld :<br \/>\n<img decoding=\"async\" class=\"alignnone size-full wp-image-12157\" src=\"http:\/\/www.sabinewenig.de\/myblog\/wp-content\/uploads\/2013\/10\/PTDC0060.gif\" alt=\"DSCF3560\"><\/p>\n<p style=\"text-align: center;\">Garten :<br \/>\n<img decoding=\"async\" class=\"alignnone size-full wp-image-12157\" src=\"http:\/\/www.sabinewenig.de\/myblog\/wp-content\/uploads\/2013\/10\/PTDC0044.gif\" ><\/p>\n<p style=\"text-align: center;\">Eier mit Wels-Junge :<br \/>\n<img decoding=\"async\" class=\"alignnone size-full wp-image-12157\" src=\"http:\/\/www.sabinewenig.de\/myblog\/wp-content\/uploads\/2013\/10\/PTDC0099.gif\" alt=\"DSCF3560\" ><\/p>\n<p style=\"text-align: center;\">Aquarium :<br \/>\n<img decoding=\"async\" class=\"alignnone size-full wp-image-12157\" src=\"http:\/\/www.sabinewenig.de\/myblog\/wp-content\/uploads\/2013\/10\/PTDC0100.gif\" alt=\"DSCF3560\" ><\/p>\n<p>&#8212;&#8212;&#8212;&#8212;&#8212;&#8212;&#8212;&#8212;&#8212;&#8212;&#8212;&#8212;-<\/p>\n<p>2025 : Fr\u00fchlingsvideo\u00b4s :<\/p>\n<p style=\"text-align: center;\">ABM-Garten nebenan absensen :<br \/>\n<img decoding=\"async\" class=\"alignnone size-full wp-image-12157\" src=\"http:\/\/www.sabinewenig.de\/myblog\/wp-content\/uploads\/2013\/10\/fruhling2025_Garten_ABM-Garten_gesenst_VID_20250517_151918_640.gif\" alt=\"DSCF3560\"><\/p>\n<p style=\"text-align: center;\">Goldfische im blauen Licht im Aquarium :<br \/>\n<img decoding=\"async\" class=\"alignnone size-full wp-image-12157\" src=\"http:\/\/www.sabinewenig.de\/myblog\/wp-content\/uploads\/2013\/10\/fruhling2025_Garten_NORMAL00070___kl.gif\" ><\/p>\n<p style=\"text-align: center;\">Windspiel im Garten :<br \/>\n<img decoding=\"async\" class=\"alignnone size-full wp-image-12157\" src=\"http:\/\/www.sabinewenig.de\/myblog\/wp-content\/uploads\/2013\/10\/fruhling2025_Garten_VID_20250531_133340.gif\" ><\/p>\n<\/blockquote>\n<p><\/div><\/div>\n<p>****************************************************************************************<\/p>\n","protected":false},"excerpt":{"rendered":"<p>&nbsp; &nbsp; Magdeburg: Pflanzung von Blumen im Stadtgebiet und auf Friedh\u00f6fen begr\u00fc\u00dft Fr\u00fchling http:\/\/magdeburger-news.de\/?this=frame&amp;cut=1&amp;c=20180326140832 Fr\u00fchlingserwachen mit farbenfrohem Bl\u00fctenarrangement http:\/\/magdeburger-news.de\/?this=frame&amp;cut=1&amp;c=20180328100813 Sch\u00f6nebeck: Erlebter Fr\u00fchling mit Hummel &amp; Co. http:\/\/magdeburger-news.de\/?this=frame&amp;cut=1&amp;c=20180413104637 Tierschutzregeln ab M\u00e4rz: Dieses Verbot gilt nun im Garten https:\/\/www.gmx.net\/magazine\/ratgeber\/haus-garten\/tierschutzregeln-maerz-verbot-gilt-garten-39375358 Gartenarbeit: Das sollten &hellip; <a href=\"http:\/\/www.sabinewenig.de\/myblog\/?page_id=8181\">Weiterlesen <span class=\"meta-nav\">&rarr;<\/span><\/a><\/p>\n","protected":false},"author":1,"featured_media":0,"parent":2001,"menu_order":25,"comment_status":"closed","ping_status":"open","template":"","meta":{"ngg_post_thumbnail":0,"footnotes":""},"class_list":["post-8181","page","type-page","status-publish","hentry"],"_links":{"self":[{"href":"http:\/\/www.sabinewenig.de\/myblog\/index.php?rest_route=\/wp\/v2\/pages\/8181","targetHints":{"allow":["GET"]}}],"collection":[{"href":"http:\/\/www.sabinewenig.de\/myblog\/index.php?rest_route=\/wp\/v2\/pages"}],"about":[{"href":"http:\/\/www.sabinewenig.de\/myblog\/index.php?rest_route=\/wp\/v2\/types\/page"}],"author":[{"embeddable":true,"href":"http:\/\/www.sabinewenig.de\/myblog\/index.php?rest_route=\/wp\/v2\/users\/1"}],"replies":[{"embeddable":true,"href":"http:\/\/www.sabinewenig.de\/myblog\/index.php?rest_route=%2Fwp%2Fv2%2Fcomments&post=8181"}],"version-history":[{"count":0,"href":"http:\/\/www.sabinewenig.de\/myblog\/index.php?rest_route=\/wp\/v2\/pages\/8181\/revisions"}],"up":[{"embeddable":true,"href":"http:\/\/www.sabinewenig.de\/myblog\/index.php?rest_route=\/wp\/v2\/pages\/2001"}],"wp:attachment":[{"href":"http:\/\/www.sabinewenig.de\/myblog\/index.php?rest_route=%2Fwp%2Fv2%2Fmedia&parent=8181"}],"curies":[{"name":"wp","href":"https:\/\/api.w.org\/{rel}","templated":true}]}}