{"id":4797,"date":"2012-12-26T12:09:19","date_gmt":"2012-12-26T11:09:19","guid":{"rendered":"http:\/\/www.sabinewenig.de\/myblog\/?page_id=4797"},"modified":"2012-12-26T12:44:40","modified_gmt":"2012-12-26T11:44:40","slug":"uber-myblog","status":"publish","type":"page","link":"http:\/\/www.sabinewenig.de\/myblog\/?page_id=4797","title":{"rendered":"\u00dcber Myblog"},"content":{"rendered":"<p>~~~~ _..-+*\u00b0*+-.._~~~~~ _..-+*\u00b0*+-.._~~~~ _..-+*\u00b0*+-.._~~~~~ _..-+*\u00b0*+-.._~~~~ <\/p>\n<p>Aufgrund der Auftragslosigkeit f\u00fcr Designauftr\u00e4ge bei OSC-Shops und der Vermehrung von Blog\u00b4s im Internet wurde es Anfang April 2011 f\u00fcr mich interessant, nicht nur selber in Blog\u00b4s zu schreiben, sondern auch einen eigenen Blog zu er\u00f6ffnen und umzuschreiben und zu f\u00fcllen.<br \/>\nNun gibt es ja mehrere Bloganbieter &#8211; ich entschied mich f\u00fcr wordpress und lud es von <a href=\"http:\/\/de.wordpress.org\/\" title=\"http:\/\/de.wordpress.org\/\" target=\"_blank\">http:\/\/de.wordpress.org\/<\/a> herunter und installierte es und richtete es mir ein, so wie es mir gefiel.<\/p>\n<p>Am Anfang wu\u00dfte ich nicht so recht, was ich als Inhalt einf\u00fcgen sollte &#8211; meine Foto\u00b4s ja, war klar &#8211; aber im Laufe der Zeit unterlegte ich diese mit Zeitungsartikeln (nat\u00fcrlich immer mit Urheber-Angabe &#8211; die Rechte m\u00fcssen schon gewahrt bleiben !) und probierte mir einige Plugins aus &#8211; z.B. die Galery oder den farbigen Rahmen oder das G\u00e4stebuch. Hier konnte ich auch plugins f\u00fcr meine Kunden testen &#8211; z.B. aktuelle News anzeigen lassen (hab ich aber wieder in meinem Blog rausgenommen).<\/p>\n<p>Da es mir nicht gefiel, da\u00df wie in meinem myforum immer alle anderen ihren M\u00fcll hier abladen (trotz Filter), hab ich irgendwann einfach die Kommentarfunktion in den Dateien selber auskommentiert (in wp-content\/themes\/twentyten\/ sind das die Dateien loop.php, loop-attachment.php, loop-page.php und loop-single.php). Leider kann man diese Kommentarfunktion und auch die Vor\/Zur\u00fcck-Funktion (hat mir auch nicht gefallen) nicht im Admin ausblenden &#8211; man kann nur den Haken rausnehmen bei : k\u00f6nnen Benutzer eintragen oder nicht. Ich habe leider nach jeder Aktualisierung von wordpress (auch wenn diese Updates zum Gl\u00fcck sonst problemlos laufen !!!!! im Gegensatz zu denen beim Forum bei myforum !) diese Zeilen wieder drin und mu\u00df sie erneut im php-Code ausblenden (\/\/). Ich hatte dies auch mal als Tip an WordPress geschrieben &#8211; w\u00e4re ein Leichtes, sowas im Admin (Dashboard) mit einzubinden &#8211; aber da tat sich nichts.<\/p>\n<p>Jedenfalls wurde Myblog im Laufe der Zeit f\u00fcr mich wie ein Tagebuch &#8211; ich schreibe mir hier von der Seele, was mich bewegt &#8211; ehe es mich auffri\u00dft und ich wieder im n\u00e4chsten Herzinfarkt lande. Klar w\u00fcrde manch einer sagen : eh zu pers\u00f6nlich und geht keinen was an &#8211; aber das sehe ich nicht so &#8211; ich glaube, viele Leute haben \u00e4hnliche Probleme und Sorgen und quasseln nur nicht dar\u00fcber und ggf. hilft gerade denen ja, was ich so von mir gebe.<\/p>\n<p>Ein anderer Aspekt ist nat\u00fcrlich, da\u00df ich als Webdesignerin immer im Internet gefunden werden mu\u00df um Auftr\u00e4ge zu erhalten und durch meine Webprojekte, wie Myblog immer eine gute Ranking-Plazierung habe.<br \/>\nIch bin nunmal als Webdesignerin eine \u00f6ffentliche Person &#8211; und es st\u00f6rt mich auch nicht &#8211; auch nicht, wenn die Kunden durch meinen Blog eben wissen, was ich f\u00fcr ein Mensch bin und nicht nur was f\u00fcr ein Designer.<\/p>\n<p>Myblog ist mir ans Herz gewachsen und ich empfinde Freude dabei, immer wieder was Neues hier einzubringen &#8211; und ist der Tag auch noch so grau, baut mich dieses wieder auf.<\/p>\n<p>Eure Bine<\/p>\n","protected":false},"excerpt":{"rendered":"<p>~~~~ _..-+*\u00b0*+-.._~~~~~ _..-+*\u00b0*+-.._~~~~ _..-+*\u00b0*+-.._~~~~~ _..-+*\u00b0*+-.._~~~~ Aufgrund der Auftragslosigkeit f\u00fcr Designauftr\u00e4ge bei OSC-Shops und der Vermehrung von Blog\u00b4s im Internet wurde es Anfang April 2011 f\u00fcr mich interessant, nicht nur selber in Blog\u00b4s zu schreiben, sondern auch einen eigenen Blog zu &hellip; <a href=\"http:\/\/www.sabinewenig.de\/myblog\/?page_id=4797\">Weiterlesen <span class=\"meta-nav\">&rarr;<\/span><\/a><\/p>\n","protected":false},"author":1,"featured_media":0,"parent":3182,"menu_order":10,"comment_status":"closed","ping_status":"open","template":"","meta":{"ngg_post_thumbnail":0,"footnotes":""},"class_list":["post-4797","page","type-page","status-publish","hentry"],"_links":{"self":[{"href":"http:\/\/www.sabinewenig.de\/myblog\/index.php?rest_route=\/wp\/v2\/pages\/4797","targetHints":{"allow":["GET"]}}],"collection":[{"href":"http:\/\/www.sabinewenig.de\/myblog\/index.php?rest_route=\/wp\/v2\/pages"}],"about":[{"href":"http:\/\/www.sabinewenig.de\/myblog\/index.php?rest_route=\/wp\/v2\/types\/page"}],"author":[{"embeddable":true,"href":"http:\/\/www.sabinewenig.de\/myblog\/index.php?rest_route=\/wp\/v2\/users\/1"}],"replies":[{"embeddable":true,"href":"http:\/\/www.sabinewenig.de\/myblog\/index.php?rest_route=%2Fwp%2Fv2%2Fcomments&post=4797"}],"version-history":[{"count":0,"href":"http:\/\/www.sabinewenig.de\/myblog\/index.php?rest_route=\/wp\/v2\/pages\/4797\/revisions"}],"up":[{"embeddable":true,"href":"http:\/\/www.sabinewenig.de\/myblog\/index.php?rest_route=\/wp\/v2\/pages\/3182"}],"wp:attachment":[{"href":"http:\/\/www.sabinewenig.de\/myblog\/index.php?rest_route=%2Fwp%2Fv2%2Fmedia&parent=4797"}],"curies":[{"name":"wp","href":"https:\/\/api.w.org\/{rel}","templated":true}]}}