{"id":4555,"date":"2012-12-21T11:27:30","date_gmt":"2012-12-21T10:27:30","guid":{"rendered":"http:\/\/www.sabinewenig.de\/myblog\/?page_id=4555"},"modified":"2025-07-28T13:34:30","modified_gmt":"2025-07-28T12:34:30","slug":"winter-weihnachten","status":"publish","type":"page","link":"http:\/\/www.sabinewenig.de\/myblog\/?page_id=4555","title":{"rendered":"Winter &#038; Weihnachten &#038; Silvester"},"content":{"rendered":"<div class='stb-container stb-style-alert stb-no-caption stb-image-small'><div class='stb-caption'><div class='stb-logo'><img class='stb-logo__image' src='null.gif' alt='img'\/><\/div><div class='stb-caption-content'><\/div><div class='stb-tool'><\/div><\/div><div class='stb-content'><\/p>\n<blockquote><p>ngg_shortcode_0_placeholder<\/p><\/blockquote>\n<p><\/div><\/div>\n<p>&nbsp;<\/p>\n<div class='stb-container stb-style-info stb-no-caption stb-image-small'><div class='stb-caption'><div class='stb-logo'><img class='stb-logo__image' src='null.gif' alt='img'\/><\/div><div class='stb-caption-content'><\/div><div class='stb-tool'><\/div><\/div><div class='stb-content'><\/p>\n<blockquote>\n<p style=\"text-align: center;\">Winter &#8211; Weihnachten 2013 :<br \/>\n<img loading=\"lazy\" decoding=\"async\" class=\"alignnone size-full wp-image-12157\" src=\"http:\/\/www.sabinewenig.de\/myblog\/wp-content\/uploads\/2013\/10\/Animation3winter256.gif\" alt=\"DSCF3560\" width=\"256\" height=\"256\"><\/p>\n<p style=\"text-align: center;\">Winter &#8211; Weihnachten 2014 :<br \/>\n<img loading=\"lazy\" decoding=\"async\" class=\"alignnone size-full wp-image-12157\" src=\"http:\/\/www.sabinewenig.de\/myblog\/wp-content\/uploads\/2013\/10\/Animation1weihnachten256.gif\" alt=\"DSCF3560\" width=\"256\" height=\"256\"><\/p>\n<p style=\"text-align: center;\">Silvester 2014 :<br \/>\n<img loading=\"lazy\" decoding=\"async\" class=\"alignnone size-full wp-image-12157\" src=\"http:\/\/www.sabinewenig.de\/myblog\/wp-content\/uploads\/2013\/10\/Animation1_silvester_256.gif\" alt=\"DSCF3560\" width=\"256\" height=\"256\"><\/p>\n<p style=\"text-align: center;\">Winter &#8211; Weihnachten 2015 &#8211; Teil 1 :<br \/>\n<img loading=\"lazy\" decoding=\"async\" class=\"alignnone size-full wp-image-12157\" src=\"http:\/\/www.sabinewenig.de\/myblog\/wp-content\/uploads\/2013\/10\/Animation_winter2015_1.gif\" alt=\"DSCF3560\" width=\"256\" height=\"256\"><\/p>\n<p style=\"text-align: center;\">Winter &#8211; Weihnachten 2015 &#8211; Teil&nbsp;2 :<img loading=\"lazy\" decoding=\"async\" class=\"alignnone size-full wp-image-26344\" src=\"http:\/\/www.sabinewenig.de\/myblog\/wp-content\/uploads\/2015\/11\/advent2015Animation.gif\" alt=\"IMG_0660_kl\" width=\"256\" height=\"256\"><\/p>\n<p style=\"text-align: center;\">Winter &#8211; Weihnachten 2015 &#8211; Teil&nbsp;3 :<\/p>\n<p style=\"text-align: center;\"><img loading=\"lazy\" decoding=\"async\" class=\"alignnone size-full wp-image-26344\" src=\"http:\/\/www.sabinewenig.de\/myblog\/wp-content\/uploads\/2015\/11\/weihnachten2015_animation01.gif\" alt=\"IMG_0660_kl\" width=\"256\" height=\"256\"><\/p>\n<p style=\"text-align: center;\">Winter &#8211; Silvester 2015 \/ Neujahr 2016 :<br \/>\n<img loading=\"lazy\" decoding=\"async\" class=\"alignnone size-full wp-image-26351\" src=\"http:\/\/www.sabinewenig.de\/myblog\/wp-content\/uploads\/2015\/11\/Silvester2015Animation.gif\" alt=\"IMG_0771_kl\" width=\"256\" height=\"256\"><\/p>\n<p style=\"text-align: center;\">Winter &#8211; Schnee 2015\/2016 :<br \/>\n<img loading=\"lazy\" decoding=\"async\" class=\"alignnone size-full wp-image-26351\" src=\"http:\/\/www.sabinewenig.de\/myblog\/wp-content\/uploads\/2015\/11\/winter-schnee2015Animation.gif\" alt=\"IMG_0771_kl\" width=\"256\" height=\"256\"><\/p>\n<p style=\"text-align: center;\">Winter &#8211; Schnee 2016 :<br \/>\n<img loading=\"lazy\" decoding=\"async\" class=\"alignnone size-full wp-image-26351\" src=\"http:\/\/www.sabinewenig.de\/myblog\/wp-content\/uploads\/2013\/10\/schnee-Animation1.gif\" alt=\"IMG_0771_kl\" width=\"256\" height=\"256\"><\/p>\n<p style=\"text-align: center;\">Winter-Weihnachten-Silvester 2016-2017 :<br \/>\n<img loading=\"lazy\" decoding=\"async\" class=\"alignnone size-full wp-image-26351\" src=\"http:\/\/www.sabinewenig.de\/myblog\/wp-content\/uploads\/2013\/10\/Animation_winter_weihnachten_silvester2016-17.gif\" alt=\"IMG_0771_kl\" width=\"256\" height=\"256\"><\/p>\n<p style=\"text-align: center;\">Winter-Weihnachten-Silvester Dietmar\u00b4s Garten 2017-2018 :<br \/>\n<img loading=\"lazy\" decoding=\"async\" class=\"alignnone size-full wp-image-26351\" src=\"http:\/\/www.sabinewenig.de\/myblog\/wp-content\/uploads\/2013\/10\/winter2018garten-animation1.gif\" alt=\"IMG_0771_kl\" width=\"256\" height=\"256\"><\/p>\n<p style=\"text-align: center;\">Winter-Weihnachten-Silvester 2017-2018 :<br \/>\n<img loading=\"lazy\" decoding=\"async\" class=\"alignnone size-full wp-image-26351\" src=\"http:\/\/www.sabinewenig.de\/myblog\/wp-content\/uploads\/2013\/10\/winter2018Animation1.gif\" alt=\"IMG_0771_kl\" width=\"256\" height=\"256\"><\/p>\n<p style=\"text-align: center;\">Winter-Weihnachten-Silvester 2018-2019 :<br \/>\n<img loading=\"lazy\" decoding=\"async\" class=\"alignnone size-full wp-image-26351\" src=\"http:\/\/www.sabinewenig.de\/myblog\/wp-content\/uploads\/2013\/10\/winter2018Animation2.gif\" alt=\"IMG_0771_kl\" width=\"256\" height=\"256\"><\/p>\n<p style=\"text-align: center;\">Winter-Weihnachten-Silvester Garten Fische 2018-2019 :<br \/>\n<img loading=\"lazy\" decoding=\"async\" class=\"alignnone size-full wp-image-26351\" src=\"http:\/\/www.sabinewenig.de\/myblog\/wp-content\/uploads\/2013\/10\/winter2018-9GartenFischeAnimation1.gif\" alt=\"IMG_0771_kl\" width=\"256\" height=\"256\"><\/p>\n<p style=\"text-align: center;\">Winter-Weihnachten-Silvester 2019-2020 :<br \/>\n<img loading=\"lazy\" decoding=\"async\" class=\"alignnone size-full wp-image-26351\" src=\"http:\/\/www.sabinewenig.de\/myblog\/wp-content\/uploads\/2013\/10\/winter2019-2020-Animation1.gif\" alt=\"IMG_0771_kl\" width=\"256\" height=\"256\"><\/p>\n<p style=\"text-align: center;\">Winter-Weihnachten-Silvester Garten Fische 2019-2020 :<br \/>\n<img loading=\"lazy\" decoding=\"async\" class=\"alignnone size-full wp-image-26351\" src=\"http:\/\/www.sabinewenig.de\/myblog\/wp-content\/uploads\/2013\/10\/winter-garten2019-2020-Animation2.gif\" alt=\"IMG_0771_kl\" width=\"256\" height=\"256\"><\/p>\n<p style=\"text-align: center;\">Winter-Weihnachten-Silvester Garten Fische 2020-2021 :<br \/>\n<img loading=\"lazy\" decoding=\"async\" class=\"alignnone size-full wp-image-26351\" src=\"http:\/\/www.sabinewenig.de\/myblog\/wp-content\/uploads\/2013\/10\/winter2020-2021_Garten_Animation2.gif\" alt=\"IMG_0771_kl\" width=\"256\" height=\"256\"><\/p>\n<p style=\"text-align: center;\">Winter-Weihnachten-Silvester 2020-2021 :<br \/>\n<img loading=\"lazy\" decoding=\"async\" class=\"alignnone size-full wp-image-26351\" src=\"http:\/\/www.sabinewenig.de\/myblog\/wp-content\/uploads\/2013\/10\/Winter2020-2021_Animation1.gif\" alt=\"IMG_0771_kl\" width=\"256\" height=\"256\"><\/p>\n<p style=\"text-align: center;\">Winter-Weihnachten-Silvester Garten Fische 2021-2022 :<br \/>\n<img loading=\"lazy\" decoding=\"async\" class=\"alignnone size-full wp-image-26351\" src=\"http:\/\/www.sabinewenig.de\/myblog\/wp-content\/uploads\/2013\/10\/winter_garten_fische_2021_Animation1.gif\" alt=\"IMG_0771_kl\" width=\"256\" height=\"256\"><\/p>\n<p style=\"text-align: center;\">Winter-Weihnachten-Silvester 2021-2022 :<br \/>\n<img loading=\"lazy\" decoding=\"async\" class=\"alignnone size-full wp-image-26351\" src=\"http:\/\/www.sabinewenig.de\/myblog\/wp-content\/uploads\/2013\/10\/winter2021_Animation2.gif\" alt=\"IMG_0771_kl\" width=\"256\" height=\"256\"><\/p>\n<p style=\"text-align: center;\">Winter-Weihnachten-Silvester Garten Fische 2022-2023 :<br \/>\n<img loading=\"lazy\" decoding=\"async\" src=\"http:\/\/www.sabinewenig.de\/myblog\/wp-content\/uploads\/2013\/10\/winter-garten-fische-2022to2023Animation2.gif\" alt=\"IMG_0771_kl\" width=\"256\" height=\"256\" class=\"alignnone size-full wp-image-26351\" \/><\/p>\n<p style=\"text-align: center;\">Winter-Weihnachten-Silvester 2022-2023 :<br \/>\n<img loading=\"lazy\" decoding=\"async\" src=\"http:\/\/www.sabinewenig.de\/myblog\/wp-content\/uploads\/2013\/10\/winter2022to2023_Animation1.gif\" alt=\"IMG_0771_kl\" width=\"256\" height=\"256\" class=\"alignnone size-full wp-image-26351\" \/><\/p>\n<p style=\"text-align: center;\">Winter-Weihnachten-Silvester Garten Fische 2023-2024 :<br \/>\n<img loading=\"lazy\" decoding=\"async\" src=\"http:\/\/www.sabinewenig.de\/myblog\/wp-content\/uploads\/2013\/10\/Winter_Garten_Fische2023zu2024_Animation3.gif\" alt=\"IMG_0771_kl\" width=\"256\" height=\"256\" class=\"alignnone size-full wp-image-26351\" \/><\/p>\n<p style=\"text-align: center;\">Winter-Weihnachten-Silvester 2023-2024 :<br \/>\n<img loading=\"lazy\" decoding=\"async\" src=\"http:\/\/www.sabinewenig.de\/myblog\/wp-content\/uploads\/2013\/10\/Winter2023zu2024_Animation2.gif\" alt=\"IMG_0771_kl\" width=\"256\" height=\"256\" class=\"alignnone size-full wp-image-26351\" \/><\/p>\n<p style=\"text-align: center;\">Winter-Weihnachten-Silvester Garten Fische 2024-2025 :<br \/>\n<img loading=\"lazy\" decoding=\"async\" src=\"http:\/\/www.sabinewenig.de\/myblog\/wp-content\/uploads\/2013\/10\/winter_garten_2024-2025_Animation2.gif\" alt=\"IMG_0771_kl\" width=\"256\" height=\"256\" class=\"alignnone size-full wp-image-26351\" \/><\/p>\n<p style=\"text-align: center;\">Winter-Weihnachten-Silvester 2024-2025 :<br \/>\n<img loading=\"lazy\" decoding=\"async\" src=\"http:\/\/www.sabinewenig.de\/myblog\/wp-content\/uploads\/2013\/10\/winter2024-2025_Animation3.gif\" alt=\"IMG_0771_kl\" width=\"256\" height=\"256\" class=\"alignnone size-full wp-image-26351\" \/><\/p>\n<\/blockquote>\n<p><\/div><\/div>\n<p>Garten im Winter: Was bedeutet eigentlich \u201ewinterhart bei Pflanzen&#8220;?<br \/>\n<a href=\"https:\/\/www.gmx.net\/magazine\/ratgeber\/haus-garten\/garten-winter-bedeutet-winterhart-pflanzen-37464226#.homepage.fourBullets_16_Ratgeber_B.Garten%20im%20Winter:%20Was%20bedeutet%20eigentlich%20%E2%80%9Ewinterhart%20bei%20Pflanzen%22?.0\" target=\"_blank\" rel=\"noopener\">https:\/\/www.gmx.net\/magazine\/ratgeber\/haus-garten\/garten-winter-bedeutet-winterhart-pflanzen-37464226#.homepage.fourBullets_16_Ratgeber_B.Garten%20im%20Winter:%20Was%20bedeutet%20eigentlich%20%E2%80%9Ewinterhart%20bei%20Pflanzen%22?.0<\/a><\/p>\n<p>Pflanzen im Winter: Warum rollen Immergr\u00fcne die Bl\u00e4tter ein?<br \/>\n<a href=\"https:\/\/www.msn.com\/de-de\/lifestyle\/leben\/pflanzen-im-winter-warum-rollen-immergr%C3%BCne-die-bl%C3%A4tter-ein\/ar-AASuW5r?ocid=BingHp01\" target=\"_blank\" rel=\"noopener\">https:\/\/www.msn.com\/de-de\/lifestyle\/leben\/pflanzen-im-winter-warum-rollen-immergr%C3%BCne-die-bl%C3%A4tter-ein\/ar-AASuW5r?ocid=BingHp01<\/a><\/p>\n<p>Balkon und Garten winterfest machen<br \/>\nhttps:\/\/www.gmx.net\/magazine\/bestenliste\/garten-balkon\/balkon-garten-winterfest-37339030<\/p>\n<p>Der Garten wird winterfest<br \/>\n<a href=\"https:\/\/www.nabu.de\/umwelt-und-ressourcen\/oekologisch-leben\/balkon-und-garten\/pflege\/saisonal\/winter\/23324.html?utm_source=newsletter&#038;utm_medium=email&#038;utm_campaign=221118+Garten\" target=\"_blank\" rel=\"noopener\">https:\/\/www.nabu.de\/umwelt-und-ressourcen\/oekologisch-leben\/balkon-und-garten\/pflege\/saisonal\/winter\/23324.html?utm_source=newsletter&#038;utm_medium=email&#038;utm_campaign=221118+Garten<\/a><\/p>\n<p>Wer \u00fcberwintert wo im Garten? NABU erkl\u00e4rt Winterquartiere vor eigener Haust\u00fcr<br \/>\n<a href=\"https:\/\/www.magdeburger-news.de\/?this=frame&#038;c=20221111145811\" target=\"_blank\" rel=\"noopener\">https:\/\/www.magdeburger-news.de\/?this=frame&#038;c=20221111145811<\/a><\/p>\n<p>Schnee im Garten: Darum m\u00fcssen Sie ihre Pflanzen trotzdem gie\u00dfen<br \/>\n<a href=\"https:\/\/www.gmx.net\/magazine\/ratgeber\/haus-garten\/schnee-garten-pflanzen-giessen-37560826#.homepage.fourBullets_16_Ratgeber_B.Schnee%20im%20Garten:%20Darum%20m%C3%BCssen%20Sie%20ihre%20Pflanzen%20trotzdem%20gie%C3%9Fen.1\" target=\"_blank\" rel=\"noopener\">https:\/\/www.gmx.net\/magazine\/ratgeber\/haus-garten\/schnee-garten-pflanzen-giessen-37560826#.homepage.fourBullets_16_Ratgeber_B.Schnee%20im%20Garten:%20Darum%20m%C3%BCssen%20Sie%20ihre%20Pflanzen%20trotzdem%20gie%C3%9Fen.1<\/a><\/p>\n<p> W\u00e4rme f\u00fcr die W\u00fcrmer<br \/>\nKomposthaufen im Winter isolieren<br \/>\n<a href=\"https:\/\/www.volksstimme.de\/leben\/haus-und-garten\/komposthaufen-im-winter-isolieren-3518825\" target=\"_blank\" rel=\"noopener\">https:\/\/www.volksstimme.de\/leben\/haus-und-garten\/komposthaufen-im-winter-isolieren-3518825<\/a><\/p>\n<p> Ab nach S\u00fcden<br \/>\nViele Pflanzen leiden im Winter unter Lichtmangel<br \/>\n<a href=\"https:\/\/www.volksstimme.de\/leben\/haus-und-garten\/viele-pflanzen-leiden-im-winter-unter-lichtmangel-3518495\" target=\"_blank\" rel=\"noopener\">https:\/\/www.volksstimme.de\/leben\/haus-und-garten\/viele-pflanzen-leiden-im-winter-unter-lichtmangel-3518495<\/a><\/p>\n<p> Keine Probleme im Winter<br \/>\nDiese Pflanzen brauchen k\u00fchle Wohnr\u00e4ume<br \/>\n<a href=\"https:\/\/www.volksstimme.de\/leben\/haus-und-garten\/diese-pflanzen-brauchen-kuhle-wohnraume-3518284\" target=\"_blank\" rel=\"noopener\">https:\/\/www.volksstimme.de\/leben\/haus-und-garten\/diese-pflanzen-brauchen-kuhle-wohnraume-3518284<\/a><\/p>\n<p>Gartentipp<br \/>\nWinterschnitt: Wer ihn jetzt diesen B\u00e4umen verpasst, wird sp\u00e4ter reich belohnt<br \/>\n<a href=\"https:\/\/www.gmx.net\/magazine\/ratgeber\/haus-garten\/winterschnitt-spaeter-reich-belohnt-37726656#.homepage.fourBullets_16_Ratgeber_B.Winterschnitt:%20Wer%20ihn%20jetzt%20diesen%20B%C3%A4umen%20verpasst,%20wird%20sp%C3%A4ter%20reich%20belohnt.0\" target=\"_blank\" rel=\"noopener\">https:\/\/www.gmx.net\/magazine\/ratgeber\/haus-garten\/winterschnitt-spaeter-reich-belohnt-37726656#.homepage.fourBullets_16_Ratgeber_B.Winterschnitt:%20Wer%20ihn%20jetzt%20diesen%20B%C3%A4umen%20verpasst,%20wird%20sp%C3%A4ter%20reich%20belohnt.0<\/a><\/p>\n<p>Rasenm\u00e4her hat Winterpause: Das ist jetzt im Garten zu tun<br \/>\n<a href=\"https:\/\/www.gmx.net\/magazine\/ratgeber\/haus-garten\/garten-winterfest-38829012#.homepage.threeList_5_Recommendation.Rasenm%C3%A4her%20hat%20Winterpause:%20Das%20ist%20jetzt%20im%20Garten%20zu%20tun%20%20%20.2\" target=\"_blank\" rel=\"noopener\">https:\/\/www.gmx.net\/magazine\/ratgeber\/haus-garten\/garten-winterfest-38829012#.homepage.threeList_5_Recommendation.Rasenm%C3%A4her%20hat%20Winterpause:%20Das%20ist%20jetzt%20im%20Garten%20zu%20tun%20%20%20.2<\/a><\/p>\n<p>Winteranfang<br \/>\nMeteorologischer und kalendarischer Winteranfang 2023: Das ist der Unterschied<br \/>\n<a href=\"https:\/\/www.gmx.net\/magazine\/wissen\/natur-umwelt\/meteorologischer-kalendarischer-winteranfang-2023-38248246#.homepage.text_14_EditorialRecommendation.Meteorologischer%20und%20kalendarischer%20Winteranfang%202023:%20Das%20ist%20der%20Unterschied.1\" target=\"_blank\" rel=\"noopener\">https:\/\/www.gmx.net\/magazine\/wissen\/natur-umwelt\/meteorologischer-kalendarischer-winteranfang-2023-38248246#.homepage.text_14_EditorialRecommendation.Meteorologischer%20und%20kalendarischer%20Winteranfang%202023:%20Das%20ist%20der%20Unterschied.1<\/a><\/p>\n<p>Das Hochbeet im Winter<br \/>\nhttps:\/\/www.gmx.net\/magazine\/ratgeber\/haus-garten\/hochbeet-winter-39054628#.homepage.inactivityDialog_4_inactivityDialog_treatSimple.Das%20Hochbeet%20im%20Winter.0<\/p>\n<p>Giftige Weihnachtsbl\u00fcher &#8211; Vorsicht bei Amaryllis, Eibe und Mistel<br \/>\n<a href=\"https:\/\/www.magdeburger-news.de\/?this=frame&#038;cut=1&#038;c=20241129061706\" target=\"_blank\">https:\/\/www.magdeburger-news.de\/?this=frame&#038;cut=1&#038;c=20241129061706<\/a><\/p>\n<p>Oft am falschen Platz<br \/>\nWeihnachtsstern: Der richtige Standort ist das A und O<br \/>\n<a href=\"https:\/\/www.gmx.net\/magazine\/ratgeber\/haus-garten\/weihnachtsstern-richtige-standort-40359226#.homepage.inactivityDialog_4_inactivityDialog_treatSimple.%20Weihnachtsstern:%20Der%20richtige%20Standort%20ist%20das%20A%20und%20O.0\" target=\"_blank\">https:\/\/www.gmx.net\/magazine\/ratgeber\/haus-garten\/weihnachtsstern-richtige-standort-40359226#.homepage.inactivityDialog_4_inactivityDialog_treatSimple.%20Weihnachtsstern:%20Der%20richtige%20Standort%20ist%20das%20A%20und%20O.0<\/a><\/p>\n<p>Schnee auf den Pflanzen im Garten: Sch\u00e4dlich oder sch\u00fctzend?<br \/>\n<a href=\"https:\/\/www.oekotest.de\/freizeit-technik\/Schnee-auf-den-Pflanzen-im-Garten-Schaedlich-oder-schuetzend_14356_1.html?utm_source=firefox-newtab-de-de\" target=\"_blank\">https:\/\/www.oekotest.de\/freizeit-technik\/Schnee-auf-den-Pflanzen-im-Garten-Schaedlich-oder-schuetzend_14356_1.html?utm_source=firefox-newtab-de-de<\/a><\/p>\n<p>Aussaat im Januar: Diese Gem\u00fcse lieben den fr\u00fchen Start<br \/>\n<a href=\"https:\/\/utopia.de\/ratgeber\/aussaat-im-januar-diese-gemuese-lieben-den-fruehen-start_766588\/?utm_source=firefox-newtab-de-de\" target=\"_blank\">https:\/\/utopia.de\/ratgeber\/aussaat-im-januar-diese-gemuese-lieben-den-fruehen-start_766588\/?utm_source=firefox-newtab-de-de<\/a><\/p>\n","protected":false},"excerpt":{"rendered":"<p>&nbsp; Garten im Winter: Was bedeutet eigentlich \u201ewinterhart bei Pflanzen&#8220;? https:\/\/www.gmx.net\/magazine\/ratgeber\/haus-garten\/garten-winter-bedeutet-winterhart-pflanzen-37464226#.homepage.fourBullets_16_Ratgeber_B.Garten%20im%20Winter:%20Was%20bedeutet%20eigentlich%20%E2%80%9Ewinterhart%20bei%20Pflanzen%22?.0 Pflanzen im Winter: Warum rollen Immergr\u00fcne die Bl\u00e4tter ein? https:\/\/www.msn.com\/de-de\/lifestyle\/leben\/pflanzen-im-winter-warum-rollen-immergr%C3%BCne-die-bl%C3%A4tter-ein\/ar-AASuW5r?ocid=BingHp01 Balkon und Garten winterfest machen https:\/\/www.gmx.net\/magazine\/bestenliste\/garten-balkon\/balkon-garten-winterfest-37339030 Der Garten wird winterfest https:\/\/www.nabu.de\/umwelt-und-ressourcen\/oekologisch-leben\/balkon-und-garten\/pflege\/saisonal\/winter\/23324.html?utm_source=newsletter&#038;utm_medium=email&#038;utm_campaign=221118+Garten Wer \u00fcberwintert wo im Garten? NABU erkl\u00e4rt Winterquartiere &hellip; <a href=\"http:\/\/www.sabinewenig.de\/myblog\/?page_id=4555\">Weiterlesen <span class=\"meta-nav\">&rarr;<\/span><\/a><\/p>\n","protected":false},"author":1,"featured_media":0,"parent":2001,"menu_order":28,"comment_status":"closed","ping_status":"open","template":"","meta":{"ngg_post_thumbnail":0,"footnotes":""},"class_list":["post-4555","page","type-page","status-publish","hentry"],"_links":{"self":[{"href":"http:\/\/www.sabinewenig.de\/myblog\/index.php?rest_route=\/wp\/v2\/pages\/4555","targetHints":{"allow":["GET"]}}],"collection":[{"href":"http:\/\/www.sabinewenig.de\/myblog\/index.php?rest_route=\/wp\/v2\/pages"}],"about":[{"href":"http:\/\/www.sabinewenig.de\/myblog\/index.php?rest_route=\/wp\/v2\/types\/page"}],"author":[{"embeddable":true,"href":"http:\/\/www.sabinewenig.de\/myblog\/index.php?rest_route=\/wp\/v2\/users\/1"}],"replies":[{"embeddable":true,"href":"http:\/\/www.sabinewenig.de\/myblog\/index.php?rest_route=%2Fwp%2Fv2%2Fcomments&post=4555"}],"version-history":[{"count":0,"href":"http:\/\/www.sabinewenig.de\/myblog\/index.php?rest_route=\/wp\/v2\/pages\/4555\/revisions"}],"up":[{"embeddable":true,"href":"http:\/\/www.sabinewenig.de\/myblog\/index.php?rest_route=\/wp\/v2\/pages\/2001"}],"wp:attachment":[{"href":"http:\/\/www.sabinewenig.de\/myblog\/index.php?rest_route=%2Fwp%2Fv2%2Fmedia&parent=4555"}],"curies":[{"name":"wp","href":"https:\/\/api.w.org\/{rel}","templated":true}]}}