{"id":34,"date":"2010-11-13T21:44:02","date_gmt":"2010-11-13T20:44:02","guid":{"rendered":"http:\/\/www.sabinewenig.de\/myblog\/?page_id=34"},"modified":"2023-10-19T10:53:58","modified_gmt":"2023-10-19T09:53:58","slug":"werbebanner-von-freunden","status":"publish","type":"page","link":"http:\/\/www.sabinewenig.de\/myblog\/?page_id=34","title":{"rendered":"Werbebanner von Freunden"},"content":{"rendered":"<div class='stb-container stb-style-custom stb-no-caption stb-image-small'><div class='stb-caption'><div class='stb-logo'><img class='stb-logo__image' src='null.gif' alt='img'\/><\/div><div class='stb-caption-content'><\/div><div class='stb-tool'><\/div><\/div><div class='stb-content'><\/p>\n<p style=\"text-align: center;\"><a href=\"http:\/\/www.sabinewenig.de\" target=\"_blank\" rel=\"noopener\"><img decoding=\"async\" src=\"http:\/\/www.sabinewenig.de\/magdeburg\/images\/sw.jpg\" alt=\"http:\/\/www.sabinewenig.de\"><\/a>&nbsp;&nbsp;&nbsp;&nbsp;&nbsp;&nbsp;&nbsp;&nbsp; <a href=\"http:\/\/www.cooleshops.de\" target=\"_blank\" rel=\"noopener\"><img decoding=\"async\" src=\"http:\/\/www.sabinewenig.de\/magdeburg\/images\/cs.jpg\" alt=\"http:\/\/www.cooleshops.de\"><\/a>&nbsp;&nbsp;&nbsp;&nbsp;&nbsp;&nbsp;&nbsp;&nbsp; <a href=\"http:\/\/www.ig-altes-magdeburg.de\" target=\"_blank\" rel=\"noopener\"><img decoding=\"async\" src=\"http:\/\/www.sabinewenig.de\/magdeburg\/images\/ig.jpg\" alt=\"http:\/\/www.ig-altes-magdeburg.de\"><\/a><\/p>\n<p style=\"text-align: center;\">MD-Kalender :<br \/>\n<a href=\"http:\/\/www.sabinewenig.de\/magdeburg\/kalender.html\" target=\"_blank\" rel=\"noopener\">http:\/\/www.sabinewenig.de\/magdeburg\/kalender.html<\/a><\/p>\n<p><\/div><\/div>\n<div class='stb-container stb-style-download stb-no-caption stb-image-small'><div class='stb-caption'><div class='stb-logo'><img class='stb-logo__image' src='null.gif' alt='img'\/><\/div><div class='stb-caption-content'><\/div><div class='stb-tool'><\/div><\/div><div class='stb-content'><\/p>\n<blockquote>\n<p style=\"text-align: center;\"><a href=\"http:\/\/stores.ebay.de\/enmisport\" target=\"_blank\" rel=\"noopener\"><br \/>\n<img loading=\"lazy\" decoding=\"async\" class=\"alignnone size-full wp-image-10174\" src=\"http:\/\/www.sabinewenig.de\/myblog\/wp-content\/uploads\/2010\/11\/logo_kl.jpg\" alt=\"http:\/\/stores.ebay.de\/enmisport\" width=\"265\" height=\"171\"><\/a><br \/>\nFanshop der 1. Bundesliga, 2. Bundesliga und 3. Liga.<br \/>\nHier bekommen Sie alle Fu\u00dfball Lizenzartikel; Bettw\u00e4sche, Decken, Caps, Schals, Gl\u00e4ser, Tassen, B\u00e4lle, Handt\u00fccher, Fahnen, Hundeleinen,- halsb\u00e4nder,-halst\u00fccher,-fressn\u00e4pfe,-marken, Hausschuhe, Schl\u00fcsselanh\u00e4nger, Kissen, Taschen, Uhren uvm.<\/p>\n<\/blockquote>\n<p><\/div><\/div>\n<div class='stb-container stb-style-alert stb-no-caption stb-image-small'><div class='stb-caption'><div class='stb-logo'><img class='stb-logo__image' src='null.gif' alt='img'\/><\/div><div class='stb-caption-content'><\/div><div class='stb-tool'><\/div><\/div><div class='stb-content'><\/p>\n<blockquote>\n<p style=\"text-align: center;\">Mein Freund,<br \/>\nKunstmaler und Handwerker Dietmar Zimmermann :<br \/>\n<img loading=\"lazy\" decoding=\"async\" class=\"alignnone size-full wp-image-10179\" src=\"http:\/\/www.sabinewenig.de\/myblog\/wp-content\/uploads\/2010\/11\/logo_weis.jpg\" alt=\"Dietmar Zimmermann\" width=\"251\" height=\"110\"><\/p>\n<\/blockquote>\n<p><\/div><\/div>\n<div class='stb-container stb-style-custom stb-no-caption stb-image-small'><div class='stb-caption'><div class='stb-logo'><img class='stb-logo__image' src='null.gif' alt='img'\/><\/div><div class='stb-caption-content'><\/div><div class='stb-tool'><\/div><\/div><div class='stb-content'><\/p>\n<blockquote>\n<p style=\"text-align: center;\">Hier eine Freundschaftswerbung f\u00fcr Frank Guderjahn<\/p>\n<blockquote>\n<blockquote><p><img loading=\"lazy\" decoding=\"async\" class=\"alignnone size-full wp-image-10280\" src=\"http:\/\/www.sabinewenig.de\/myblog\/wp-content\/uploads\/2010\/11\/frank.gif\" alt=\"frank\" width=\"200\" height=\"67\"><\/p>\n<p>&#8211; Haushaltsaufl\u00f6sungen<br \/>\n&#8211; Entr\u00fcmpelungen<br \/>\n&#8211; Betriebsaufl\u00f6sungen<br \/>\n&#8211; Autotransporte und Autoentsorgungen<br \/>\n&#8211; Auto- und Motorradankauf<br \/>\n&#8211; Kleinumz\u00fcge<\/p>\n<p>GuderjahnFrank@t-online.de<br \/>\n0391 \/4 00 69 89<br \/>\n0172 \/4 70 25 93<\/p><\/blockquote>\n<\/blockquote>\n<\/blockquote>\n<p><\/div><\/div>\n<div class='stb-container stb-style-info stb-no-caption stb-image-small'><div class='stb-caption'><div class='stb-logo'><img class='stb-logo__image' src='null.gif' alt='img'\/><\/div><div class='stb-caption-content'><\/div><div class='stb-tool'><\/div><\/div><div class='stb-content'><\/p>\n<blockquote>\n<p style=\"text-align: center;\">WMV &#8211; Goldhammer<\/p>\n<p><img loading=\"lazy\" decoding=\"async\" class=\"size-full wp-image-72494 aligncenter\" src=\"http:\/\/www.sabinewenig.de\/myblog\/wp-content\/uploads\/2021\/01\/logo.jpg\" alt=\"\" width=\"242\" height=\"142\"><\/p><\/blockquote>\n<p><\/div><\/div>\n<p style=\"text-align: center;\"><a href=\"http:\/\/www.onlinetvrecorder.com\/\" target=\"_blank\" rel=\"noopener\"><img loading=\"lazy\" decoding=\"async\" class=\"alignnone size-full wp-image-19122\" src=\"http:\/\/www.sabinewenig.de\/myblog\/wp-content\/uploads\/2010\/11\/OTR.gif\" alt=\"OTR\" width=\"180\" height=\"111\"><\/a><\/p>\n<p style=\"text-align: center;\"><div class='stb-container stb-style-info stb-no-caption stb-image-small'><div class='stb-caption'><div class='stb-logo'><img class='stb-logo__image' src='null.gif' alt='img'\/><\/div><div class='stb-caption-content'><\/div><div class='stb-tool'><\/div><\/div><div class='stb-content'><br \/>\n<a href=\"https:\/\/www.realportico.de\" target=\"_blank\" rel=\"noopener\"><img loading=\"lazy\" decoding=\"async\" class=\"size-full wp-image-72488 aligncenter\" src=\"http:\/\/www.sabinewenig.de\/myblog\/wp-content\/uploads\/2021\/01\/realportico.jpg\" alt=\"\" width=\"283\" height=\"283\" srcset=\"http:\/\/www.sabinewenig.de\/myblog\/wp-content\/uploads\/2021\/01\/realportico.jpg 283w, http:\/\/www.sabinewenig.de\/myblog\/wp-content\/uploads\/2021\/01\/realportico-150x150.jpg 150w\" sizes=\"auto, (max-width: 283px) 100vw, 283px\" \/><\/a><\/p>\n<p style=\"text-align: center;\">Finden Sie Immobilien zum Verlieben<br \/>\nAUSSERGEW\u00d6HNLICHE H\u00c4USER, ANWESEN, LIEGENSCHAFTEN UND WOHNUNGEN IN EUROPA.<\/p>\n<p><\/div><\/div><\/p>\n<p>&nbsp;<\/p>\n<p>Online-Marketing: Warum die Internetwerbung unverzichtbar ist<br \/>\n<a href=\"https:\/\/www.magdeburger-news.de\/?this=frame&#038;cut=1&#038;c=20231017112805\" target=\"_blank\" rel=\"noopener\">https:\/\/www.magdeburger-news.de\/?this=frame&#038;cut=1&#038;c=20231017112805<\/a><\/p>\n","protected":false},"excerpt":{"rendered":"<p>&nbsp; Online-Marketing: Warum die Internetwerbung unverzichtbar ist https:\/\/www.magdeburger-news.de\/?this=frame&#038;cut=1&#038;c=20231017112805<\/p>\n","protected":false},"author":1,"featured_media":8,"parent":2148,"menu_order":5,"comment_status":"open","ping_status":"open","template":"","meta":{"ngg_post_thumbnail":0,"footnotes":""},"class_list":["post-34","page","type-page","status-publish","has-post-thumbnail","hentry"],"_links":{"self":[{"href":"http:\/\/www.sabinewenig.de\/myblog\/index.php?rest_route=\/wp\/v2\/pages\/34","targetHints":{"allow":["GET"]}}],"collection":[{"href":"http:\/\/www.sabinewenig.de\/myblog\/index.php?rest_route=\/wp\/v2\/pages"}],"about":[{"href":"http:\/\/www.sabinewenig.de\/myblog\/index.php?rest_route=\/wp\/v2\/types\/page"}],"author":[{"embeddable":true,"href":"http:\/\/www.sabinewenig.de\/myblog\/index.php?rest_route=\/wp\/v2\/users\/1"}],"replies":[{"embeddable":true,"href":"http:\/\/www.sabinewenig.de\/myblog\/index.php?rest_route=%2Fwp%2Fv2%2Fcomments&post=34"}],"version-history":[{"count":0,"href":"http:\/\/www.sabinewenig.de\/myblog\/index.php?rest_route=\/wp\/v2\/pages\/34\/revisions"}],"up":[{"embeddable":true,"href":"http:\/\/www.sabinewenig.de\/myblog\/index.php?rest_route=\/wp\/v2\/pages\/2148"}],"wp:featuredmedia":[{"embeddable":true,"href":"http:\/\/www.sabinewenig.de\/myblog\/index.php?rest_route=\/wp\/v2\/media\/8"}],"wp:attachment":[{"href":"http:\/\/www.sabinewenig.de\/myblog\/index.php?rest_route=%2Fwp%2Fv2%2Fmedia&parent=34"}],"curies":[{"name":"wp","href":"https:\/\/api.w.org\/{rel}","templated":true}]}}