{"id":3179,"date":"2012-11-14T10:13:14","date_gmt":"2012-11-14T09:13:14","guid":{"rendered":"http:\/\/www.sabinewenig.de\/myblog\/?page_id=3179"},"modified":"2024-07-15T09:44:39","modified_gmt":"2024-07-15T08:44:39","slug":"erweitertes-impressum","status":"publish","type":"page","link":"http:\/\/www.sabinewenig.de\/myblog\/?page_id=3179","title":{"rendered":"Erweitertes Impressum"},"content":{"rendered":"<p style=\"text-align: center;\"><a href=\"http:\/\/www.sabinewenig.de\/myblog\/wp-content\/uploads\/2012\/05\/was.jpg\"><img loading=\"lazy\" decoding=\"async\" class=\"alignnone size-full wp-image-1070\" title=\"was\" src=\"http:\/\/www.sabinewenig.de\/myblog\/wp-content\/uploads\/2012\/05\/was.jpg\" alt=\"\" width=\"310\" height=\"302\" srcset=\"http:\/\/www.sabinewenig.de\/myblog\/wp-content\/uploads\/2012\/05\/was.jpg 310w, http:\/\/www.sabinewenig.de\/myblog\/wp-content\/uploads\/2012\/05\/was-300x292.jpg 300w\" sizes=\"auto, (max-width: 310px) 100vw, 310px\" \/><\/a><\/p>\n<p>&nbsp;<\/p>\n<p>In meinem Horoskop hei\u00dft es beim Skorpion : &#8222;gewandt in Wort und Schrift&#8220;<br \/>\nund da ich Cary Bratschor immer als Columnistin bewundert habe bei &#8222;Sex and the City&#8220;, es aber nie soweit treiben w\u00fcrde in einer Zeitung zu schreiben, versuche ich mich hier in meinem Blog als kleine &#8222;Schriftstellerin&#8220; &#8212; nee, ich schreibe, was mir gerade auf der Seele liegt &#8211; reinfressen bringt mich nur zum n\u00e4chsten Herzinfarkt und oft interessieren auch andere, was woanders so geschrieben steht &#8211; eben Alltagsthemen, die uns bewegen.<\/p>\n<p>Alle Bilder ohne Urheberangabe stammen von mir selber, aber oft unterlege \/belege ich meine Worte mit Artikeln aus Zeitungen oder Internet-Seiten &#8211; nat\u00fcrlich gebe ich immer brav an, woher bzw. wann, damit die Rechte gewahrt bleiben. Auf alle F\u00e4llen m\u00f6chte ich mich bei diesen Schreibern bedanken und nicht ihr geistiges Eigentum klauen o.\u00e4. &#8211; ich weis auch aus Erfahrung, da\u00df man im Ranking der Suchroboter steigt, je \u00f6fter man verlinkt oder in anderen Webseiten genannt wird und somit helfe ich diesen Leuten indirekt und mir ja auch.<\/p>\n<p>Im \u00dcbrigen hab ich mich oft ge\u00e4rgert, wenn man z.B. in der Zeitung einen Artikel sch\u00f6n findet und er aber online nicht ver\u00f6ffentlicht wurde &#8211; ich also nicht verlinken konnte bzw. der Link (die Webseite) nicht mehr existiert &#8211; wenn meine Links sich tod laufen &#8211; wie kann ich dann anderen solche zeitlosen Artikel noch zum Lesen geben ? Bleibt ja nur meine Variante (nicht nur Verlinken, sondern den Artikel einf\u00fcgen und Urheber angeben).<\/p>\n<p>http:\/\/www.wbs-law.de\/urheberrecht\/kabinett-beschliest-gesetzentwurf-fur-leistungsschutzrecht-28067\/ : (stand mal dort, wurde aus Internet genommen)<\/p>\n<p>(zum vergr\u00f6\u00dfern anklicken)<br \/>\n<a href=\"http:\/\/www.sabinewenig.de\/myblog\/wp-content\/uploads\/2012\/11\/gesetzesbeschluss.jpg\" target=\"_blank\" rel=\"noopener noreferrer\"><img loading=\"lazy\" decoding=\"async\" class=\"alignnone size-full wp-image-3940\" title=\"gesetzesbeschluss_klein\" src=\"http:\/\/www.sabinewenig.de\/myblog\/wp-content\/uploads\/2012\/11\/gesetzesbeschluss_klein.jpg\" alt=\"\" width=\"256\" height=\"203\"><\/a><\/p>\n<p>Vollst\u00e4ndiger Gesetzestext :<br \/>\nhttp:\/\/www.bmj.de\/SharedDocs\/Downloads\/DE\/pdfs\/RegE_LSR.pdf?__blob=publicationFile : (stand mal dort, wurde aus Internet genommen)<br \/>\nbzw. hier :<br \/>\n<a href=\"http:\/\/www.sabinewenig.de\/myblog\/wp-content\/uploads\/2012\/11\/Gesetzestext_RegE_LSR.pdf\" target=\"_blank\" rel=\"noopener noreferrer\"><img loading=\"lazy\" decoding=\"async\" class=\"alignnone size-full wp-image-3947\" title=\"pdf\" src=\"http:\/\/www.sabinewenig.de\/myblog\/wp-content\/uploads\/2012\/11\/pdf.jpg\" alt=\"\" width=\"102\" height=\"100\"><\/a><\/p>\n<p>Aber sollte es dennoch \u00c4rger geben, schreibt mir einfach und ich nehme den Artikel raus.<br \/>\n<a href=\"mailto:info@sabinewenig.de\">info@sabinewenig.de<\/a><br \/>\nSabine Wenig<br \/>\nWebdesignerin bei <a title=\"http:\/\/www.cooleshops.de\" href=\"http:\/\/www.cooleshops.de\" target=\"_blank\" rel=\"noopener noreferrer\">cooleshops<\/a><br \/>\nBertolt-Brecht-Str. 14 c<br \/>\n39120 Magdeburg<\/p>\n<p>Ich danke noch einmal meinen Web- und Zeitungs-Artikel-Urhebern und gebe hier ihr Impressum an :<\/p>\n<p>Elbekurier :<br \/>\n<a href=\"http:\/\/www.sabinewenig.de\/myblog\/wp-content\/uploads\/2012\/11\/impressum_elbekurier_10_11_2012.jpg\" target=\"_blank\" rel=\"noopener noreferrer\"><img loading=\"lazy\" decoding=\"async\" class=\"alignnone size-full wp-image-3159\" title=\"impressum_elbekurier_10_11_2012_kleiner\" src=\"http:\/\/www.sabinewenig.de\/myblog\/wp-content\/uploads\/2012\/05\/impressum_elbekurier_10_11_2012_kleiner.jpg\" alt=\"\" width=\"141\" height=\"461\"><\/a><\/p>\n<p>Magdeburger Sonntag :<br \/>\n<a href=\"http:\/\/www.sabinewenig.de\/myblog\/wp-content\/uploads\/2012\/11\/impressum_magdeburger_sonntag.jpg\" target=\"_blank\" rel=\"noopener noreferrer\"><img loading=\"lazy\" decoding=\"async\" class=\"alignnone size-full wp-image-5810\" src=\"http:\/\/www.sabinewenig.de\/myblog\/wp-content\/uploads\/2012\/11\/impressum_magdeburger_sonntag_kl.jpg\" alt=\"impressum_magdeburger_sonntag_kl\" width=\"281\" height=\"242\"><\/a><\/p>\n<p>Generalanzeiger :<br \/>\nhttp:\/\/www.generalanzeiger.de\/<br \/>\n<a href=\"http:\/\/www.sabinewenig.de\/myblog\/wp-content\/uploads\/2012\/11\/impressum_generalanzeiger_30_10_2012.jpg\" target=\"_blank\" rel=\"noopener noreferrer\"><img loading=\"lazy\" decoding=\"async\" class=\"alignnone size-full wp-image-3160\" title=\"impressum_generalanzeiger_30_10_2012_kleiner\" src=\"http:\/\/www.sabinewenig.de\/myblog\/wp-content\/uploads\/2012\/05\/impressum_generalanzeiger_30_10_2012_kleiner.jpg\" alt=\"\" width=\"276\" height=\"353\" srcset=\"http:\/\/www.sabinewenig.de\/myblog\/wp-content\/uploads\/2012\/05\/impressum_generalanzeiger_30_10_2012_kleiner.jpg 276w, http:\/\/www.sabinewenig.de\/myblog\/wp-content\/uploads\/2012\/05\/impressum_generalanzeiger_30_10_2012_kleiner-234x300.jpg 234w\" sizes=\"auto, (max-width: 276px) 100vw, 276px\" \/><\/a><\/p>\n<p>Kaufland-Zeitung :<br \/>\n<a href=\"http:\/\/www.sabinewenig.de\/myblog\/wp-content\/uploads\/2012\/11\/impressum_kauflandzeitung.jpg\" target=\"_blank\" rel=\"noopener noreferrer\"><img loading=\"lazy\" decoding=\"async\" class=\"alignnone size-full wp-image-3161\" title=\"impressum_kauflandzeitung_kleiner\" src=\"http:\/\/www.sabinewenig.de\/myblog\/wp-content\/uploads\/2012\/05\/impressum_kauflandzeitung_kleiner.jpg\" alt=\"\" width=\"466\" height=\"66\" srcset=\"http:\/\/www.sabinewenig.de\/myblog\/wp-content\/uploads\/2012\/05\/impressum_kauflandzeitung_kleiner.jpg 466w, http:\/\/www.sabinewenig.de\/myblog\/wp-content\/uploads\/2012\/05\/impressum_kauflandzeitung_kleiner-300x42.jpg 300w\" sizes=\"auto, (max-width: 466px) 100vw, 466px\" \/><\/a><\/p>\n<p>Volksstimme :<br \/>\n<a href=\"http:\/\/www.sabinewenig.de\/myblog\/wp-content\/uploads\/2012\/11\/impressum_volksstimme_2_11_2012.jpg\" target=\"_blank\" rel=\"noopener noreferrer\"><img loading=\"lazy\" decoding=\"async\" class=\"alignnone size-full wp-image-3162\" title=\"impressum_volksstimme_2_11_2012_kleiner\" src=\"http:\/\/www.sabinewenig.de\/myblog\/wp-content\/uploads\/2012\/05\/impressum_volksstimme_2_11_2012_kleiner.jpg\" alt=\"\" width=\"266\" height=\"98\"><\/a><\/p>\n<p><a href=\"http:\/\/www.sabinewenig.de\/myblog\/wp-content\/uploads\/2012\/11\/impressum_volksstimme_27_10_2012.jpg\" target=\"_blank\" rel=\"noopener noreferrer\"><img loading=\"lazy\" decoding=\"async\" class=\"alignnone size-full wp-image-3163\" title=\"impressum_volksstimme_27_10_2012_kleiner\" src=\"http:\/\/www.sabinewenig.de\/myblog\/wp-content\/uploads\/2012\/05\/impressum_volksstimme_27_10_2012_kleiner.jpg\" alt=\"\" width=\"131\" height=\"375\"><\/a><\/p>\n<p>&#8230; und ich glaube, auch ich trage dazu bei :<br \/>\nmehr Volksstimmeleser 9.1.2013 Volksstimme:<br \/>\n<a href=\"http:\/\/www.sabinewenig.de\/myblog\/wp-content\/uploads\/2012\/11\/volksstimmeleser_9_1_2013_volksstimme.jpg\" target=\"_blank\" rel=\"noopener noreferrer\"><img loading=\"lazy\" decoding=\"async\" class=\"alignnone size-full wp-image-5800\" src=\"http:\/\/www.sabinewenig.de\/myblog\/wp-content\/uploads\/2012\/11\/volksstimmeleser_9_1_2013_volksstimme_kl.jpg\" alt=\"volksstimmeleser_9_1_2013_volksstimme_kl\" width=\"836\" height=\"522\" srcset=\"http:\/\/www.sabinewenig.de\/myblog\/wp-content\/uploads\/2012\/11\/volksstimmeleser_9_1_2013_volksstimme_kl.jpg 836w, http:\/\/www.sabinewenig.de\/myblog\/wp-content\/uploads\/2012\/11\/volksstimmeleser_9_1_2013_volksstimme_kl-300x187.jpg 300w\" sizes=\"auto, (max-width: 836px) 100vw, 836px\" \/><\/a><\/p>\n<p>Date\u00b4s :<br \/>\n<a href=\"http:\/\/www.sabinewenig.de\/myblog\/wp-content\/uploads\/2012\/11\/impressum_dates.jpg\" target=\"_blank\" rel=\"noopener noreferrer\"><img loading=\"lazy\" decoding=\"async\" class=\"alignnone size-full wp-image-3254\" title=\"impressum_dates_kleiner\" src=\"http:\/\/www.sabinewenig.de\/myblog\/wp-content\/uploads\/2012\/11\/impressum_dates_kleiner.jpg\" alt=\"\" width=\"242\" height=\"528\" srcset=\"http:\/\/www.sabinewenig.de\/myblog\/wp-content\/uploads\/2012\/11\/impressum_dates_kleiner.jpg 242w, http:\/\/www.sabinewenig.de\/myblog\/wp-content\/uploads\/2012\/11\/impressum_dates_kleiner-137x300.jpg 137w\" sizes=\"auto, (max-width: 242px) 100vw, 242px\" \/><\/a><\/p>\n<p>Biber :<br \/>\n<a href=\"http:\/\/www.sabinewenig.de\/myblog\/wp-content\/uploads\/2012\/11\/impressum_biber.jpg\" target=\"_blank\" rel=\"noopener noreferrer\"><img loading=\"lazy\" decoding=\"async\" class=\"alignnone size-full wp-image-3572\" title=\"impressum_biber_kleiner\" src=\"http:\/\/www.sabinewenig.de\/myblog\/wp-content\/uploads\/2012\/11\/impressum_biber_kleiner.jpg\" alt=\"\" width=\"134\" height=\"382\" srcset=\"http:\/\/www.sabinewenig.de\/myblog\/wp-content\/uploads\/2012\/11\/impressum_biber_kleiner.jpg 134w, http:\/\/www.sabinewenig.de\/myblog\/wp-content\/uploads\/2012\/11\/impressum_biber_kleiner-105x300.jpg 105w\" sizes=\"auto, (max-width: 134px) 100vw, 134px\" \/><\/a><\/p>\n<p>urbanite :<br \/>\nim Web Jan 2013 :<br \/>\n<a href=\"http:\/\/www.sabinewenig.de\/myblog\/wp-content\/uploads\/2012\/11\/urbanite_im_web_jan2013.jpg\" target=\"_blank\" rel=\"noopener noreferrer\"><img loading=\"lazy\" decoding=\"async\" class=\"alignnone size-full wp-image-5804\" src=\"http:\/\/www.sabinewenig.de\/myblog\/wp-content\/uploads\/2012\/11\/urbanite_im_web_jan2013_kl.jpg\" alt=\"urbanite_im_web_jan2013_kl\" width=\"474\" height=\"155\" srcset=\"http:\/\/www.sabinewenig.de\/myblog\/wp-content\/uploads\/2012\/11\/urbanite_im_web_jan2013_kl.jpg 474w, http:\/\/www.sabinewenig.de\/myblog\/wp-content\/uploads\/2012\/11\/urbanite_im_web_jan2013_kl-300x98.jpg 300w\" sizes=\"auto, (max-width: 474px) 100vw, 474px\" \/><br \/>\n<\/a><\/p>\n<p>Impressum urbanite :<br \/>\n<a href=\"http:\/\/www.sabinewenig.de\/myblog\/wp-content\/uploads\/2012\/11\/impressum_urbanite.jpg\" target=\"_blank\" rel=\"noopener noreferrer\"><img loading=\"lazy\" decoding=\"async\" class=\"alignnone size-full wp-image-5808\" src=\"http:\/\/www.sabinewenig.de\/myblog\/wp-content\/uploads\/2012\/11\/impressum_urbanite_kl.jpg\" alt=\"impressum_urbanite_kl\" width=\"489\" height=\"419\" srcset=\"http:\/\/www.sabinewenig.de\/myblog\/wp-content\/uploads\/2012\/11\/impressum_urbanite_kl.jpg 489w, http:\/\/www.sabinewenig.de\/myblog\/wp-content\/uploads\/2012\/11\/impressum_urbanite_kl-300x257.jpg 300w\" sizes=\"auto, (max-width: 489px) 100vw, 489px\" \/><\/a><\/p>\n<p>&#8212;&#8212;&#8212;&#8212;&#8212;&#8212;&#8212;&#8212;&#8212;&#8212;&#8211;<\/p>\n<p><a title=\"http:\/\/www.gmx.net\/impressum\/\" href=\"http:\/\/www.gmx.net\/impressum\/\" target=\"_blank\" rel=\"noopener noreferrer\">http:\/\/www.gmx.net\/impressum\/<\/a><\/p>\n<p><a title=\"http:\/\/web.de\/Impressum\/\" href=\"http:\/\/web.de\/Impressum\/\" target=\"_blank\" rel=\"noopener noreferrer\">http:\/\/web.de\/Impressum\/<\/a><\/p>\n<p>http:\/\/www1.freenet.de\/impressum\/index.html<\/p>\n<p>http:\/\/de.msn.com\/impressum.aspx<\/p>\n<p>&#8230;<\/p>\n<hr>\n<p>Haftungshinweis:<br \/>\nTrotz sorgf\u00e4ltiger inhaltlicher Kontrolle \u00fcbernehme ich keine Haftung f\u00fcr die Inhalte externer Links. F\u00fcr den Inhalt der verlinkten Seiten sind ausschlie\u00dflich deren Betreiber verantwortlich.<\/p>\n<p>&#8212;&#8212;&#8212;&#8212;&#8212;&#8212;&#8212;&#8212;&#8212;&#8212;&#8212;&#8212;&#8212;&#8212;&#8212;&#8212;&#8212;&#8212;&#8212;&#8212;&#8212;&#8212;&#8212;&#8212;&#8212;<\/p>\n<p><strong>\u00fcbrigens :<\/strong><\/p>\n<p><strong>ich wurde wieder von einem Anwalt verklagt wegen Urheberrechtsverletzung &#8211; dabei sagt mein &#8222;Erweitertes Impressum&#8220; eindeutig die Neuregelung dazu seit Anfang des Jahres aus : Wenn ich den Urheber angebe, darf ich das Bild dazu ver\u00f6ffentlichen &#8211; und genau das habe ich \u00fcberall hier gemacht : der Urheberlink dazu steht immer dar\u00fcber &#8212;&#8212;&#8212;&#8212;&#8211; naja jedenfalls stehen deshalb hier jetzt meist nur noch die Links (ohne Bilder) am Ende eines jeden Beitrages &#8211; ich finde es schade, denn wenn der Urheber dann den Beitrag bei sich l\u00f6scht, ist er verloren f\u00fcr Euch &#8211; k\u00f6nnt ihr nicht mehr bei mir nachlesen, wie bisher immer &#8211; schade !<\/strong><\/p>\n<p>Bine<\/p>\n<p>&#8212;&#8212;&#8212;&#8212;&#8212;&#8212;&#8212;&#8212;&#8212;&#8212;&#8212;&#8212;&#8212;&#8212;&#8212;&#8212;&#8212;&#8212;&#8212;&#8212;&#8212;&#8212;&#8212;&#8212;&#8212;<\/p>\n","protected":false},"excerpt":{"rendered":"<p>&nbsp; In meinem Horoskop hei\u00dft es beim Skorpion : &#8222;gewandt in Wort und Schrift&#8220; und da ich Cary Bratschor immer als Columnistin bewundert habe bei &#8222;Sex and the City&#8220;, es aber nie soweit treiben w\u00fcrde in einer Zeitung zu schreiben, &hellip; <a href=\"http:\/\/www.sabinewenig.de\/myblog\/?page_id=3179\">Weiterlesen <span class=\"meta-nav\">&rarr;<\/span><\/a><\/p>\n","protected":false},"author":1,"featured_media":0,"parent":0,"menu_order":0,"comment_status":"open","ping_status":"open","template":"","meta":{"ngg_post_thumbnail":0,"footnotes":""},"class_list":["post-3179","page","type-page","status-publish","hentry"],"_links":{"self":[{"href":"http:\/\/www.sabinewenig.de\/myblog\/index.php?rest_route=\/wp\/v2\/pages\/3179","targetHints":{"allow":["GET"]}}],"collection":[{"href":"http:\/\/www.sabinewenig.de\/myblog\/index.php?rest_route=\/wp\/v2\/pages"}],"about":[{"href":"http:\/\/www.sabinewenig.de\/myblog\/index.php?rest_route=\/wp\/v2\/types\/page"}],"author":[{"embeddable":true,"href":"http:\/\/www.sabinewenig.de\/myblog\/index.php?rest_route=\/wp\/v2\/users\/1"}],"replies":[{"embeddable":true,"href":"http:\/\/www.sabinewenig.de\/myblog\/index.php?rest_route=%2Fwp%2Fv2%2Fcomments&post=3179"}],"version-history":[{"count":0,"href":"http:\/\/www.sabinewenig.de\/myblog\/index.php?rest_route=\/wp\/v2\/pages\/3179\/revisions"}],"wp:attachment":[{"href":"http:\/\/www.sabinewenig.de\/myblog\/index.php?rest_route=%2Fwp%2Fv2%2Fmedia&parent=3179"}],"curies":[{"name":"wp","href":"https:\/\/api.w.org\/{rel}","templated":true}]}}