{"id":26773,"date":"2016-01-17T16:53:45","date_gmt":"2016-01-17T15:53:45","guid":{"rendered":"http:\/\/www.sabinewenig.de\/myblog\/?page_id=26773"},"modified":"2021-03-07T00:26:55","modified_gmt":"2021-03-06T23:26:55","slug":"meine-reisen-%e2%96%bc","status":"publish","type":"page","link":"http:\/\/www.sabinewenig.de\/myblog\/?page_id=26773","title":{"rendered":"&#x1f3d6; Reisen \u25bc"},"content":{"rendered":"<p>&#x1f334;&#x1f334;&#x1f334;&#x1f334;&#x1f334;&#x1f334;&#x1f334;&#x1f334;&#x1f334;&#x1f334;&#x1f334;&#x1f334;&#x1f334;&#x1f334;&#x1f334;&#x1f334;&#x1f334;&#x1f334;&#x1f334;&#x1f334;&#x1f334;&#x1f334;&#x1f334;&#x1f334;&#x1f334;&#x1f334;&#x1f334;&#x1f334;&#x1f334;&#x1f334;&#x1f334;&#x1f334;&#x1f334;&#x1f334;<\/p>\n<p>Hier kommen meine Urlaubsreisen rein, da sie in http:\/\/www.sabinewenig.de\/mystyle nicht mehr richtig dargestellt werden seit dem Serverumzug &#8211; bis dahin wohnen hier meine Smylies aus den ehem. Wortketten (hab ich rausgenommen) &#8211; ich h\u00e4tte ja alle Seiten von http:\/\/www.sabinewenig.de\/mystyle hierher \u00fcbernommen, aber die ganzen Scripte laufen ja leider hier nicht in wordpress.<\/p>\n<p><img loading=\"lazy\" decoding=\"async\" class=\"alignnone size-full wp-image-1497\" title=\"imagesomkhbfv\" src=\"http:\/\/www.sabinewenig.de\/myblog\/wp-content\/uploads\/2012\/06\/imagesomkhbfv.jpg\" alt=\"\" width=\"111\" height=\"113\" \/> <img loading=\"lazy\" decoding=\"async\" class=\"alignnone size-full wp-image-1498\" title=\"imagesknghf\" src=\"http:\/\/www.sabinewenig.de\/myblog\/wp-content\/uploads\/2012\/06\/imagesknghf.jpg\" alt=\"\" width=\"88\" height=\"88\" \/> <img loading=\"lazy\" decoding=\"async\" class=\"alignnone size-full wp-image-1499\" title=\"imagesjnhbfc\" src=\"http:\/\/www.sabinewenig.de\/myblog\/wp-content\/uploads\/2012\/06\/imagesjnhbfc.jpg\" alt=\"\" width=\"80\" height=\"74\" \/><\/p>\n<p><img loading=\"lazy\" decoding=\"async\" class=\"alignnone size-full wp-image-1520\" title=\"imagesdddd\" src=\"http:\/\/www.sabinewenig.de\/myblog\/wp-content\/uploads\/2012\/06\/imagesdddd.jpg\" alt=\"\" width=\"92\" height=\"88\" \/> <img loading=\"lazy\" decoding=\"async\" class=\"alignnone size-full wp-image-1519\" title=\"imagesnj\" src=\"http:\/\/www.sabinewenig.de\/myblog\/wp-content\/uploads\/2012\/06\/imagesnj.jpg\" alt=\"\" width=\"88\" height=\"88\" \/> <img loading=\"lazy\" decoding=\"async\" class=\"alignnone size-full wp-image-1521\" title=\"imagesdfreffr\" src=\"http:\/\/www.sabinewenig.de\/myblog\/wp-content\/uploads\/2012\/06\/imagesdfreffr.jpg\" alt=\"\" width=\"92\" height=\"88\" \/><\/p>\n<p><img loading=\"lazy\" decoding=\"async\" class=\"alignnone size-full wp-image-1674\" title=\"imagesnjkjjh\" src=\"http:\/\/www.sabinewenig.de\/myblog\/wp-content\/uploads\/2012\/06\/imagesnjkjjh.jpg\" alt=\"\" width=\"78\" height=\"82\" \/> <img loading=\"lazy\" decoding=\"async\" class=\"alignnone size-full wp-image-1675\" title=\"imagesknkjkjn\" src=\"http:\/\/www.sabinewenig.de\/myblog\/wp-content\/uploads\/2012\/06\/imagesknkjkjn.jpg\" alt=\"\" width=\"102\" height=\"102\" srcset=\"http:\/\/www.sabinewenig.de\/myblog\/wp-content\/uploads\/2012\/06\/imagesknkjkjn.jpg 204w, http:\/\/www.sabinewenig.de\/myblog\/wp-content\/uploads\/2012\/06\/imagesknkjkjn-150x150.jpg 150w\" sizes=\"auto, (max-width: 102px) 100vw, 102px\" \/> <img loading=\"lazy\" decoding=\"async\" class=\"alignnone size-full wp-image-1676\" title=\"imageskjnknkj\" src=\"http:\/\/www.sabinewenig.de\/myblog\/wp-content\/uploads\/2012\/06\/imageskjnknkj.jpg\" alt=\"\" width=\"102\" height=\"102\" srcset=\"http:\/\/www.sabinewenig.de\/myblog\/wp-content\/uploads\/2012\/06\/imageskjnknkj.jpg 204w, http:\/\/www.sabinewenig.de\/myblog\/wp-content\/uploads\/2012\/06\/imageskjnknkj-150x150.jpg 150w\" sizes=\"auto, (max-width: 102px) 100vw, 102px\" \/><\/p>\n<p><img loading=\"lazy\" decoding=\"async\" class=\"alignnone wp-image-1679\" title=\"imageskklk\" src=\"http:\/\/www.sabinewenig.de\/myblog\/wp-content\/uploads\/2012\/06\/imageskklk.jpg\" alt=\"\" width=\"237\" height=\"53\" srcset=\"http:\/\/www.sabinewenig.de\/myblog\/wp-content\/uploads\/2012\/06\/imageskklk.jpg 475w, http:\/\/www.sabinewenig.de\/myblog\/wp-content\/uploads\/2012\/06\/imageskklk-300x66.jpg 300w\" sizes=\"auto, (max-width: 237px) 100vw, 237px\" \/><\/p>\n<p><img loading=\"lazy\" decoding=\"async\" class=\"alignnone size-full wp-image-1637\" title=\"imageslmnkj\" src=\"http:\/\/www.sabinewenig.de\/myblog\/wp-content\/uploads\/2012\/06\/imageslmnkj.jpg\" alt=\"\" width=\"96\" height=\"89\" \/> <img loading=\"lazy\" decoding=\"async\" class=\"alignnone size-full wp-image-1638\" title=\"imagesnkj\" src=\"http:\/\/www.sabinewenig.de\/myblog\/wp-content\/uploads\/2012\/06\/imagesnkj.jpg\" alt=\"\" width=\"160\" height=\"56\" \/><\/p>\n<p><img loading=\"lazy\" decoding=\"async\" class=\"alignnone size-full wp-image-1642\" title=\"images,lmnkj\" src=\"http:\/\/www.sabinewenig.de\/myblog\/wp-content\/uploads\/2012\/06\/imageslmnkj1.jpg\" alt=\"\" width=\"84\" height=\"68\" \/> <img loading=\"lazy\" decoding=\"async\" class=\"alignnone size-full wp-image-1643\" title=\"imagesknjkj\" src=\"http:\/\/www.sabinewenig.de\/myblog\/wp-content\/uploads\/2012\/06\/imagesknjkj.jpg\" alt=\"\" width=\"65\" height=\"62\" \/> <img loading=\"lazy\" decoding=\"async\" class=\"alignnone size-full wp-image-1644\" title=\"imagesnkjkm\" src=\"http:\/\/www.sabinewenig.de\/myblog\/wp-content\/uploads\/2012\/06\/imagesnkjkm.jpg\" alt=\"\" width=\"68\" height=\"68\" \/><\/p>\n<p><img loading=\"lazy\" decoding=\"async\" class=\"alignnone size-full wp-image-1468\" title=\"Smilies26_0\" src=\"http:\/\/www.sabinewenig.de\/myblog\/wp-content\/uploads\/2012\/06\/Smilies26_0.gif\" alt=\"\" width=\"117\" height=\"100\" \/> <img loading=\"lazy\" decoding=\"async\" class=\"alignnone size-full wp-image-1472\" title=\"smilies14\" src=\"http:\/\/www.sabinewenig.de\/myblog\/wp-content\/uploads\/2012\/06\/smilies14.gif\" alt=\"\" width=\"97\" height=\"96\" \/> <img loading=\"lazy\" decoding=\"async\" class=\"alignnone size-full wp-image-1470\" title=\"imagesgvg\" src=\"http:\/\/www.sabinewenig.de\/myblog\/wp-content\/uploads\/2012\/06\/imagesgvg.jpg\" alt=\"\" width=\"104\" height=\"92\" \/><\/p>\n<p><img loading=\"lazy\" decoding=\"async\" class=\"alignnone size-full wp-image-1526\" title=\"imagesccd\" src=\"http:\/\/www.sabinewenig.de\/myblog\/wp-content\/uploads\/2012\/06\/imagesccd.jpg\" alt=\"\" width=\"88\" height=\"88\" \/> <img loading=\"lazy\" decoding=\"async\" class=\"alignnone size-full wp-image-1527\" title=\"imagedcsccfs\" src=\"http:\/\/www.sabinewenig.de\/myblog\/wp-content\/uploads\/2012\/06\/imagedcsccfs.jpg\" alt=\"\" width=\"84\" height=\"73\" \/> <img loading=\"lazy\" decoding=\"async\" class=\"alignnone size-full wp-image-1530\" title=\"imagesjkjnjn\" src=\"http:\/\/www.sabinewenig.de\/myblog\/wp-content\/uploads\/2012\/06\/imagesjkjnjn.jpg\" alt=\"\" width=\"83\" height=\"75\" \/><\/p>\n<p><img loading=\"lazy\" decoding=\"async\" class=\"alignnone size-full wp-image-1542\" title=\"imageskj\" src=\"http:\/\/www.sabinewenig.de\/myblog\/wp-content\/uploads\/2012\/06\/imageskj.jpg\" alt=\"\" width=\"128\" height=\"74\" \/> <img loading=\"lazy\" decoding=\"async\" class=\"alignnone wp-image-1543\" title=\"imagesmkk\" src=\"http:\/\/www.sabinewenig.de\/myblog\/wp-content\/uploads\/2012\/06\/imagesmkk.jpg\" alt=\"\" width=\"140\" height=\"87\" \/> <img loading=\"lazy\" decoding=\"async\" class=\"alignnone size-full wp-image-1544\" title=\"imageskjnk\" src=\"http:\/\/www.sabinewenig.de\/myblog\/wp-content\/uploads\/2012\/06\/imageskjnk.jpg\" alt=\"\" width=\"88\" height=\"88\" \/><\/p>\n<p><img loading=\"lazy\" decoding=\"async\" class=\"alignnone size-full wp-image-1545\" title=\"imageskjnb\" src=\"http:\/\/www.sabinewenig.de\/myblog\/wp-content\/uploads\/2012\/06\/imageskjnb.jpg\" alt=\"\" width=\"92\" height=\"82\" \/> <img loading=\"lazy\" decoding=\"async\" class=\"alignnone size-full wp-image-1546\" title=\"imageskknjnjk\" src=\"http:\/\/www.sabinewenig.de\/myblog\/wp-content\/uploads\/2012\/06\/imageskknjnjk.jpg\" alt=\"\" width=\"120\" height=\"119\" \/> <img loading=\"lazy\" decoding=\"async\" class=\"alignnone size-full wp-image-1547\" title=\"imageskk,ll\" src=\"http:\/\/www.sabinewenig.de\/myblog\/wp-content\/uploads\/2012\/06\/imageskkll.jpg\" alt=\"\" width=\"113\" height=\"56\" \/><\/p>\n<p><img loading=\"lazy\" decoding=\"async\" class=\"alignnone size-full wp-image-1485\" title=\"imagesjkgvhdx\" src=\"http:\/\/www.sabinewenig.de\/myblog\/wp-content\/uploads\/2012\/06\/imagesjkgvhdx.jpg\" alt=\"\" width=\"88\" height=\"88\" \/> <img loading=\"lazy\" decoding=\"async\" class=\"alignnone size-full wp-image-1486\" title=\"Smilies51fb\" src=\"http:\/\/www.sabinewenig.de\/myblog\/wp-content\/uploads\/2012\/06\/Smilies51fb.gif\" alt=\"\" width=\"110\" height=\"110\" \/><\/p>\n<p><img loading=\"lazy\" decoding=\"async\" class=\"alignnone size-full wp-image-1535\" title=\"imagesknjjn\" src=\"http:\/\/www.sabinewenig.de\/myblog\/wp-content\/uploads\/2012\/06\/imagesknjjn.jpg\" alt=\"\" width=\"88\" height=\"88\" \/> <img loading=\"lazy\" decoding=\"async\" class=\"alignnone size-full wp-image-1536\" title=\"imagesk nkjmk\" src=\"http:\/\/www.sabinewenig.de\/myblog\/wp-content\/uploads\/2012\/06\/imagesk-nkjmk.jpg\" alt=\"\" width=\"117\" height=\"92\" \/> <img loading=\"lazy\" decoding=\"async\" class=\"alignnone size-full wp-image-1537\" title=\"imagesknnj\" src=\"http:\/\/www.sabinewenig.de\/myblog\/wp-content\/uploads\/2012\/06\/imagesknnj.jpg\" alt=\"\" width=\"258\" height=\"160\" \/><\/p>\n<p><img loading=\"lazy\" decoding=\"async\" class=\"alignnone size-full wp-image-1481\" title=\"imageshbhbhb\" src=\"http:\/\/www.sabinewenig.de\/myblog\/wp-content\/uploads\/2012\/06\/imageshbhbhb.jpg\" alt=\"\" width=\"88\" height=\"88\" \/> <img loading=\"lazy\" decoding=\"async\" class=\"alignnone size-full wp-image-1480\" title=\"images567\" src=\"http:\/\/www.sabinewenig.de\/myblog\/wp-content\/uploads\/2012\/06\/images567.jpg\" alt=\"\" width=\"92\" height=\"88\" \/> <img loading=\"lazy\" decoding=\"async\" class=\"alignnone size-full wp-image-1482\" title=\"imagesnkjko\" src=\"http:\/\/www.sabinewenig.de\/myblog\/wp-content\/uploads\/2012\/06\/imagesnkjko.jpg\" alt=\"\" width=\"88\" height=\"81\" \/><\/p>\n<p><img loading=\"lazy\" decoding=\"async\" class=\"alignnone size-full wp-image-1506\" title=\"images jbgh\" src=\"http:\/\/www.sabinewenig.de\/myblog\/wp-content\/uploads\/2012\/06\/images-jbgh.jpg\" alt=\"\" width=\"82\" height=\"76\" \/> <img loading=\"lazy\" decoding=\"async\" class=\"alignnone size-full wp-image-1507\" title=\"imagesijgv\" src=\"http:\/\/www.sabinewenig.de\/myblog\/wp-content\/uploads\/2012\/06\/imagesijgv.jpg\" alt=\"\" width=\"87\" height=\"84\" \/> <img loading=\"lazy\" decoding=\"async\" class=\"alignnone size-full wp-image-1509\" title=\"imagesjhhbggv\" src=\"http:\/\/www.sabinewenig.de\/myblog\/wp-content\/uploads\/2012\/06\/imagesjhhbggv1.jpg\" alt=\"\" width=\"88\" height=\"88\" \/><\/p>\n<p><img loading=\"lazy\" decoding=\"async\" class=\"alignnone size-full wp-image-1488\" title=\"imageskjnnjhgv\" src=\"http:\/\/www.sabinewenig.de\/myblog\/wp-content\/uploads\/2012\/06\/imageskjnnjhgv.jpg\" alt=\"\" width=\"88\" height=\"88\" \/> <img loading=\"lazy\" decoding=\"async\" class=\"alignnone size-full wp-image-1489\" title=\"hexen-smilies-0071\" src=\"http:\/\/www.sabinewenig.de\/myblog\/wp-content\/uploads\/2012\/06\/hexen-smilies-0071.gif\" alt=\"\" width=\"131\" height=\"125\" \/> <img loading=\"lazy\" decoding=\"async\" class=\"alignnone size-full wp-image-1490\" title=\"imageskmjng\" src=\"http:\/\/www.sabinewenig.de\/myblog\/wp-content\/uploads\/2012\/06\/imageskmjng.jpg\" alt=\"\" width=\"88\" height=\"88\" \/><\/p>\n<p><img loading=\"lazy\" decoding=\"async\" class=\"alignnone size-full wp-image-1511\" title=\"imagesjnhhbgvh\" src=\"http:\/\/www.sabinewenig.de\/myblog\/wp-content\/uploads\/2012\/06\/imagesjnhhbgvh.jpg\" alt=\"\" width=\"92\" height=\"92\" \/> <img loading=\"lazy\" decoding=\"async\" class=\"alignnone size-full wp-image-1512\" title=\"imagesjnhgvh\" src=\"http:\/\/www.sabinewenig.de\/myblog\/wp-content\/uploads\/2012\/06\/imagesjnhgvh.jpg\" alt=\"\" width=\"88\" height=\"88\" \/> <img loading=\"lazy\" decoding=\"async\" class=\"alignnone size-full wp-image-1513\" title=\"imagesjnhb\" src=\"http:\/\/www.sabinewenig.de\/myblog\/wp-content\/uploads\/2012\/06\/imagesjnhb.jpg\" alt=\"\" width=\"118\" height=\"112\" \/><\/p>\n<p><img loading=\"lazy\" decoding=\"async\" class=\"alignnone size-full wp-image-1623\" title=\"images bhb\" src=\"http:\/\/www.sabinewenig.de\/myblog\/wp-content\/uploads\/2012\/06\/images-bhb.jpg\" alt=\"\" width=\"88\" height=\"88\" \/> <img loading=\"lazy\" decoding=\"async\" class=\"alignnone size-full wp-image-1624\" title=\"imagesmlkl\" src=\"http:\/\/www.sabinewenig.de\/myblog\/wp-content\/uploads\/2012\/06\/imagesmlkl.jpg\" alt=\"\" width=\"102\" height=\"102\" srcset=\"http:\/\/www.sabinewenig.de\/myblog\/wp-content\/uploads\/2012\/06\/imagesmlkl.jpg 204w, http:\/\/www.sabinewenig.de\/myblog\/wp-content\/uploads\/2012\/06\/imagesmlkl-150x150.jpg 150w\" sizes=\"auto, (max-width: 102px) 100vw, 102px\" \/> <img loading=\"lazy\" decoding=\"async\" class=\"alignnone size-full wp-image-1625\" title=\"imageskn\" src=\"http:\/\/www.sabinewenig.de\/myblog\/wp-content\/uploads\/2012\/06\/imageskn.jpg\" alt=\"\" width=\"103\" height=\"92\" \/><\/p>\n<p><img loading=\"lazy\" decoding=\"async\" class=\"alignnone size-full wp-image-1627\" title=\"imageskjnbj\" src=\"http:\/\/www.sabinewenig.de\/myblog\/wp-content\/uploads\/2012\/06\/imageskjnbj.jpg\" alt=\"\" width=\"65\" height=\"65\" \/> <img loading=\"lazy\" decoding=\"async\" class=\"alignnone size-full wp-image-1628\" title=\"imageskl\" src=\"http:\/\/www.sabinewenig.de\/myblog\/wp-content\/uploads\/2012\/06\/imageskl.jpg\" alt=\"\" width=\"78\" height=\"78\" \/> <img loading=\"lazy\" decoding=\"async\" class=\"alignnone size-full wp-image-1629\" title=\"imagesnkjlk\" src=\"http:\/\/www.sabinewenig.de\/myblog\/wp-content\/uploads\/2012\/06\/imagesnkjlk.jpg\" alt=\"\" width=\"72\" height=\"71\" \/><\/p>\n<p><img loading=\"lazy\" decoding=\"async\" class=\"alignnone size-full wp-image-1493\" title=\"imagesnjhbd\" src=\"http:\/\/www.sabinewenig.de\/myblog\/wp-content\/uploads\/2012\/06\/imagesnjhbd.jpg\" alt=\"\" width=\"80\" height=\"70\" \/> <img loading=\"lazy\" decoding=\"async\" class=\"alignnone size-full wp-image-1494\" title=\"images\u00f6\u00e4,l\u00f6nj\" src=\"http:\/\/www.sabinewenig.de\/myblog\/wp-content\/uploads\/2012\/06\/images\u00f6\u00e4l\u00f6nj.jpg\" alt=\"\" width=\"88\" height=\"88\" \/> <img loading=\"lazy\" decoding=\"async\" class=\"alignnone wp-image-1495\" title=\"imagesCA67Q0LL\" src=\"http:\/\/www.sabinewenig.de\/myblog\/wp-content\/uploads\/2012\/06\/imagesCA67Q0LL.jpg\" alt=\"\" width=\"55\" height=\"88\" \/><\/p>\n<p><img loading=\"lazy\" decoding=\"async\" class=\"alignnone size-full wp-image-1515\" title=\"imagesk gjb\" src=\"http:\/\/www.sabinewenig.de\/myblog\/wp-content\/uploads\/2012\/06\/imagesk-gjb.jpg\" alt=\"\" width=\"93\" height=\"65\" \/> <img loading=\"lazy\" decoding=\"async\" class=\"alignnone size-full wp-image-1516\" title=\"imageskj gh\" src=\"http:\/\/www.sabinewenig.de\/myblog\/wp-content\/uploads\/2012\/06\/imageskj-gh.jpg\" alt=\"\" width=\"121\" height=\"84\" \/> <img loading=\"lazy\" decoding=\"async\" class=\"alignnone size-full wp-image-1517\" title=\"imageskjhgb\" src=\"http:\/\/www.sabinewenig.de\/myblog\/wp-content\/uploads\/2012\/06\/imageskjhgb.jpg\" alt=\"\" width=\"88\" height=\"88\" \/><\/p>\n<p><img loading=\"lazy\" decoding=\"async\" class=\"alignnone size-full wp-image-1475\" title=\"images1444\" src=\"http:\/\/www.sabinewenig.de\/myblog\/wp-content\/uploads\/2012\/06\/images1444.jpg\" alt=\"\" width=\"88\" height=\"88\" \/> <img loading=\"lazy\" decoding=\"async\" class=\"alignnone size-full wp-image-1476\" title=\"images14432\" src=\"http:\/\/www.sabinewenig.de\/myblog\/wp-content\/uploads\/2012\/06\/images14432.jpg\" alt=\"\" width=\"80\" height=\"80\" \/> <img loading=\"lazy\" decoding=\"async\" class=\"alignnone size-full wp-image-1477\" title=\"index144444\" src=\"http:\/\/www.sabinewenig.de\/myblog\/wp-content\/uploads\/2012\/06\/index144444.jpg\" alt=\"\" width=\"88\" height=\"88\" \/><\/p>\n<p><img loading=\"lazy\" decoding=\"async\" class=\"alignnone size-full wp-image-1528\" title=\"imagesdsvvsf\" src=\"http:\/\/www.sabinewenig.de\/myblog\/wp-content\/uploads\/2012\/06\/imagesdsvvsf.jpg\" alt=\"\" width=\"88\" height=\"71\" \/> <img loading=\"lazy\" decoding=\"async\" class=\"alignnone size-full wp-image-1532\" title=\"imagesmkoj\" src=\"http:\/\/www.sabinewenig.de\/myblog\/wp-content\/uploads\/2012\/06\/imagesmkoj.jpg\" alt=\"\" width=\"83\" height=\"75\" \/> <img loading=\"lazy\" decoding=\"async\" class=\"alignnone size-full wp-image-1533\" title=\"imageskmmjmj\" src=\"http:\/\/www.sabinewenig.de\/myblog\/wp-content\/uploads\/2012\/06\/imageskmmjmj.jpg\" alt=\"\" width=\"88\" height=\"88\" \/><\/p>\n<p>&#x1f3d6; &#x1f3d6; &#x1f3d6; &#x1f3d6; &#x1f3d6; &#x1f3d6; &#x1f3d6; &#x1f3d6; &#x1f3d6; &#x1f3d6; &#x1f3d6; &#x1f3d6; &#x1f3d6; &#x1f3d6; &#x1f3d6; &#x1f3d6; &#x1f3d6; &#x1f3d6; &#x1f3d6; &#x1f3d6; &#x1f3d6; &#x1f3d6; &#x1f3d6; &#x1f3d6; &#x1f3d6; &#x1f3d6; <\/p>\n","protected":false},"excerpt":{"rendered":"<p>&#x1f334;&#x1f334;&#x1f334;&#x1f334;&#x1f334;&#x1f334;&#x1f334;&#x1f334;&#x1f334;&#x1f334;&#x1f334;&#x1f334;&#x1f334;&#x1f334;&#x1f334;&#x1f334;&#x1f334;&#x1f334;&#x1f334;&#x1f334;&#x1f334;&#x1f334;&#x1f334;&#x1f334;&#x1f334;&#x1f334;&#x1f334;&#x1f334;&#x1f334;&#x1f334;&#x1f334;&#x1f334;&#x1f334;&#x1f334; Hier kommen meine Urlaubsreisen rein, da sie in http:\/\/www.sabinewenig.de\/mystyle nicht mehr richtig dargestellt werden seit dem Serverumzug &#8211; bis dahin wohnen hier meine Smylies aus den ehem. Wortketten (hab ich rausgenommen) &#8211; ich h\u00e4tte ja alle Seiten von http:\/\/www.sabinewenig.de\/mystyle &hellip; <a href=\"http:\/\/www.sabinewenig.de\/myblog\/?page_id=26773\">Weiterlesen <span class=\"meta-nav\">&rarr;<\/span><\/a><\/p>\n","protected":false},"author":1,"featured_media":0,"parent":0,"menu_order":6,"comment_status":"closed","ping_status":"closed","template":"","meta":{"ngg_post_thumbnail":0,"footnotes":""},"class_list":["post-26773","page","type-page","status-publish","hentry"],"_links":{"self":[{"href":"http:\/\/www.sabinewenig.de\/myblog\/index.php?rest_route=\/wp\/v2\/pages\/26773","targetHints":{"allow":["GET"]}}],"collection":[{"href":"http:\/\/www.sabinewenig.de\/myblog\/index.php?rest_route=\/wp\/v2\/pages"}],"about":[{"href":"http:\/\/www.sabinewenig.de\/myblog\/index.php?rest_route=\/wp\/v2\/types\/page"}],"author":[{"embeddable":true,"href":"http:\/\/www.sabinewenig.de\/myblog\/index.php?rest_route=\/wp\/v2\/users\/1"}],"replies":[{"embeddable":true,"href":"http:\/\/www.sabinewenig.de\/myblog\/index.php?rest_route=%2Fwp%2Fv2%2Fcomments&post=26773"}],"version-history":[{"count":0,"href":"http:\/\/www.sabinewenig.de\/myblog\/index.php?rest_route=\/wp\/v2\/pages\/26773\/revisions"}],"wp:attachment":[{"href":"http:\/\/www.sabinewenig.de\/myblog\/index.php?rest_route=%2Fwp%2Fv2%2Fmedia&parent=26773"}],"curies":[{"name":"wp","href":"https:\/\/api.w.org\/{rel}","templated":true}]}}