{"id":2171,"date":"2012-07-30T13:36:25","date_gmt":"2012-07-30T12:36:25","guid":{"rendered":"http:\/\/www.sabinewenig.de\/myblog\/?page_id=2171"},"modified":"2023-01-24T21:44:09","modified_gmt":"2023-01-24T20:44:09","slug":"marx-engels-lenin-bucher-abzugeben","status":"publish","type":"page","link":"http:\/\/www.sabinewenig.de\/myblog\/?page_id=2171","title":{"rendered":"Marx \/ Engels \/ Lenin &#8211; B\u00fccher abzugeben"},"content":{"rendered":"<div class='stb-container stb-style-download stb-no-caption stb-image-small'><div class='stb-caption'><div class='stb-logo'><img class='stb-logo__image' src='null' alt='img'\/><\/div><div class='stb-caption-content'><\/div><div class='stb-tool'><\/div><\/div><div class='stb-content'><\/p>\n<blockquote><p><img loading=\"lazy\" decoding=\"async\" class=\"size-full wp-image-96 aligncenter\" title=\"bigbook.gif\" src=\"http:\/\/www.sabinewenig.de\/myblog\/wp-content\/uploads\/2011\/04\/bigbook.gif\" alt=\"\" width=\"150\" height=\"150\" \/><\/p>\n<p>Hi,<br \/>\ninteressiert sich jemand f\u00fcr meine Marx \/ Engels \/ Lenin &#8211; B\u00fccher<br \/>\n&#8211; von 1990 &#8211;<br \/>\nliegen noch neu vom Studium bei mir rum.<br \/>\n&#8211; Preis nach Vereinbarung<br \/>\n&#8211; Versand bei DHL oder Selbstabholung<\/p>\n<p>Ich schlie\u00dfe jegliche Sachmangelhaftung aus.<br \/>\nDie Haftung auf Schadenersatz wegen Verletzungen von Gesundheit, K\u00f6rper oder Leben und grob fahrl\u00e4ssiger und\/oder vors\u00e4tzlicher Verletzungen meiner Pflichten als Verk\u00e4ufer bleibt uneingeschr\u00e4nkt.<\/p>\n<p>Bitte einfach bei mir melden per Mail.<br \/>\n<a href=\"mailto:sabine_wenig@gmx.de\">sabine_wenig@gmx.de<\/a>\n<\/p><\/blockquote>\n<p><\/div><\/div>\n","protected":false},"excerpt":{"rendered":"","protected":false},"author":1,"featured_media":0,"parent":2153,"menu_order":0,"comment_status":"open","ping_status":"open","template":"","meta":{"ngg_post_thumbnail":0,"footnotes":""},"class_list":["post-2171","page","type-page","status-publish","hentry"],"_links":{"self":[{"href":"http:\/\/www.sabinewenig.de\/myblog\/index.php?rest_route=\/wp\/v2\/pages\/2171","targetHints":{"allow":["GET"]}}],"collection":[{"href":"http:\/\/www.sabinewenig.de\/myblog\/index.php?rest_route=\/wp\/v2\/pages"}],"about":[{"href":"http:\/\/www.sabinewenig.de\/myblog\/index.php?rest_route=\/wp\/v2\/types\/page"}],"author":[{"embeddable":true,"href":"http:\/\/www.sabinewenig.de\/myblog\/index.php?rest_route=\/wp\/v2\/users\/1"}],"replies":[{"embeddable":true,"href":"http:\/\/www.sabinewenig.de\/myblog\/index.php?rest_route=%2Fwp%2Fv2%2Fcomments&post=2171"}],"version-history":[{"count":0,"href":"http:\/\/www.sabinewenig.de\/myblog\/index.php?rest_route=\/wp\/v2\/pages\/2171\/revisions"}],"up":[{"embeddable":true,"href":"http:\/\/www.sabinewenig.de\/myblog\/index.php?rest_route=\/wp\/v2\/pages\/2153"}],"wp:attachment":[{"href":"http:\/\/www.sabinewenig.de\/myblog\/index.php?rest_route=%2Fwp%2Fv2%2Fmedia&parent=2171"}],"curies":[{"name":"wp","href":"https:\/\/api.w.org\/{rel}","templated":true}]}}