{"id":2159,"date":"2012-07-30T13:32:14","date_gmt":"2012-07-30T12:32:14","guid":{"rendered":"http:\/\/www.sabinewenig.de\/myblog\/?page_id=2159"},"modified":"2023-01-24T21:40:02","modified_gmt":"2023-01-24T20:40:02","slug":"drei-alte-pelzmantel-abzugeben","status":"publish","type":"page","link":"http:\/\/www.sabinewenig.de\/myblog\/?page_id=2159","title":{"rendered":"drei alte Pelzm\u00e4ntel abzugeben"},"content":{"rendered":"<div class='stb-container stb-style-download stb-no-caption stb-image-small'><div class='stb-caption'><div class='stb-logo'><img class='stb-logo__image' src='null' alt='img'\/><\/div><div class='stb-caption-content'><\/div><div class='stb-tool'><\/div><\/div><div class='stb-content'><\/p>\n<blockquote>\n<p>Hi,<br \/>\nich habe im Keller im Pappkarton noch drei alte Pelzm\u00e4ntel von meiner Oma und Mutter rumliegen.<br \/>\nHat nicht jemand Interesse daran ?<\/p>\n<p>&#8211; Preis nach Vereinbarung<br \/>\n&#8211; Versand bei DHL oder Selbstabholung<\/p>\n<p>Ich schlie\u00dfe jegliche Sachmangelhaftung aus.<br \/>\nDie Haftung auf Schadenersatz wegen Verletzungen von Gesundheit, K\u00f6rper oder Leben und grob fahrl\u00e4ssiger und\/oder vors\u00e4tzlicher Verletzungen meiner Pflichten als Verk\u00e4ufer bleibt uneingeschr\u00e4nkt.<\/p>\n<p>Bitte einfach bei mir melden per Mail.<br \/>\n<a href=\"mailto:sabine_wenig@gmx.de\">sabine_wenig@gmx.de<\/a><\/p><\/blockquote>\n<p><\/div><\/div>\n","protected":false},"excerpt":{"rendered":"","protected":false},"author":1,"featured_media":0,"parent":2153,"menu_order":0,"comment_status":"open","ping_status":"open","template":"","meta":{"ngg_post_thumbnail":0,"footnotes":""},"class_list":["post-2159","page","type-page","status-publish","hentry"],"_links":{"self":[{"href":"http:\/\/www.sabinewenig.de\/myblog\/index.php?rest_route=\/wp\/v2\/pages\/2159","targetHints":{"allow":["GET"]}}],"collection":[{"href":"http:\/\/www.sabinewenig.de\/myblog\/index.php?rest_route=\/wp\/v2\/pages"}],"about":[{"href":"http:\/\/www.sabinewenig.de\/myblog\/index.php?rest_route=\/wp\/v2\/types\/page"}],"author":[{"embeddable":true,"href":"http:\/\/www.sabinewenig.de\/myblog\/index.php?rest_route=\/wp\/v2\/users\/1"}],"replies":[{"embeddable":true,"href":"http:\/\/www.sabinewenig.de\/myblog\/index.php?rest_route=%2Fwp%2Fv2%2Fcomments&post=2159"}],"version-history":[{"count":0,"href":"http:\/\/www.sabinewenig.de\/myblog\/index.php?rest_route=\/wp\/v2\/pages\/2159\/revisions"}],"up":[{"embeddable":true,"href":"http:\/\/www.sabinewenig.de\/myblog\/index.php?rest_route=\/wp\/v2\/pages\/2153"}],"wp:attachment":[{"href":"http:\/\/www.sabinewenig.de\/myblog\/index.php?rest_route=%2Fwp%2Fv2%2Fmedia&parent=2159"}],"curies":[{"name":"wp","href":"https:\/\/api.w.org\/{rel}","templated":true}]}}