{"id":2035,"date":"2012-07-28T18:38:21","date_gmt":"2012-07-28T17:38:21","guid":{"rendered":"http:\/\/www.sabinewenig.de\/myblog\/?page_id=2035"},"modified":"2021-04-12T18:59:04","modified_gmt":"2021-04-12T17:59:04","slug":"tips","status":"publish","type":"page","link":"http:\/\/www.sabinewenig.de\/myblog\/?page_id=2035","title":{"rendered":"Tips zur Gallery"},"content":{"rendered":"<p><strong>&nbsp;<\/strong><\/p>\n<h3>Tips und Tricks um die NextGen-Gallery :<\/h3>\n<p>Also ich habe heute so einiges \u00fcber das WordPress-Plugin NextGen-Gallery gelernt !<\/p>\n<p>Download :<br \/>\n<a title=\"http:\/\/wordpress.org\/extend\/plugins\/nextgen-gallery\/\" href=\"http:\/\/wordpress.org\/extend\/plugins\/nextgen-gallery\/\" target=\"_blank\" rel=\"noopener noreferrer\">http:\/\/wordpress.org\/extend\/plugins\/nextgen-gallery\/<\/a><\/p>\n<p>Installation :<br \/>\nDie zip-Datei ins Verzeichnis wp-content\/plugins\/ entpacken.<br \/>\nDas Verzeichnis Admin ins Verzeichnis wp-admin verschieben.<br \/>\nIm Dashboard auf Plugins und dort NextGen-Gallery aktivieren.<br \/>\n<strong>Wichtig :<\/strong><br \/>\nViele Plugins vertragen sich nicht mit NextGen-Gallery &#8211; also hier so wenige Plugins wie m\u00f6glich haben !<br \/>\nHat man z.B. andere Gallerien aktiviert, \u00fcberlagert es z.B. bei der Slideshow.<\/p>\n<p>Im Dashboard \u00fcber &#8222;Design&#8220; &#8211; &#8222;Widgets&#8220; kann man z.B. die Slideshow u.\u00e4. auch noch mit einbinden und anzeigen. Hier geht z.B. kein Leerzeile erzeugen mit &#8222;&lt;br&gt;&#8220; hinter dem Wort Slideshow.<\/p>\n<p>Im Dashboard erscheint unten links &#8222;Galerie&#8220; und oben in der grauen Leiste auch.<\/p>\n<p>Dort kann man jetzt z.B. \u00fcber den Men\u00fc-Punkt &#8222;<strong>Optionen<\/strong>&#8220; seine Einstellungen machen.<br \/>\nWas ich erst \u00fcbersehen habe : in Optionen gibt es oben noch Tabs wie Thumbsnails oder Bilder &#8230; &#8211; hier &#8211; In &#8222;Bilder&#8220; kann man den &#8222;Cache leeren&#8220; &#8212;&gt; <strong>wichtig !<\/strong><br \/>\n&#8211; In &#8222;Allg. Optionen&#8220; mu\u00df der Punkt auf &#8222;GD Bibliothek&#8220; stehen &#8212;-&gt; <strong>wichtig !<\/strong><br \/>\n&#8211; In &#8222;Wasserzeichen&#8220; kann man seine Bilder ggf. sch\u00fctzen mit Copyright<br \/>\n&#8211; In &#8222;Gallery&#8220; stellt man z.B. ein, ob erst die Slideshow oder die Thumbnails gezeigt werden sollen und wie der Link zum Umstellen hei\u00dfen soll &#8212;-&gt; hier kann man z.B. mit &#8222;&lt;br&gt;&#8220; eine Leerzeile zwischen Link und Anzeige zaubern !<br \/>\n&#8211; In &#8222;Thumbnails&#8220; stellt man z.B. die Gr\u00f6\u00dfe der Vorschaubilder ein &#8211; wird aber auch beim Anlegen der Vorschaubilder (sp\u00e4ter beschrieben) abgefragt<br \/>\n&#8211; In &#8222;Effekte&#8220; kann man einstellen, welche Besonderheiten die Bilderanzeige haben soll &#8212;&gt; Thickbox und Shutter werden automatisch schon von WordPress unterst\u00fctzt &#8211; die anderen m\u00fcssen erst installiert usw. werden !!!<br \/>\n&#8211; In &#8222;Slideshow&#8220; kann man die Besonderheiten der Slideshow einstellen &#8211; z.B. wie der Bilderwechsel sein soll , wie gro\u00df die Bilder und der Zeitabstand &#8230; &#8212; wenn man Flash Slideshow verwenden m\u00f6chte, mu\u00df man erst Image-Rotator installieren !!!!<\/p>\n<p>Im Men\u00fcpunkt &#8222;Stichworte&#8220; kann man Suchbegriffe eingeben &#8211; geht auch in &#8222;Gallerie verwalten&#8220;<br \/>\nIm Men\u00fcpunkt &#8222;Alben&#8220; kann man alles noch \u00fcber Alben verwalten.<br \/>\nIm Men\u00fcpunkt &#8222;Zugriffe&#8220; kann man Rechte vergeben und einschr\u00e4nken &#8230;<br \/>\nIm Men\u00fcpunkt &#8222;\u00dcber&#8220; findet man alles \u00fcber die &#8222;Macher&#8220;<br \/>\nIm Men\u00fcpunkt &#8222;Style&#8220; kann man dem ganzen seine pers\u00f6nliche Note aufdr\u00fccken und in der css-Datei rumschreiben.<\/p>\n<p>Im Men\u00fc-Punkt &#8222;Galerie\/Bilder hinzuf\u00fcgen&#8220; kann man jetzt seine Galerien anlegen &#8211; auch Verlinkungen zum Hauptmen\u00fc usw. Name, Eigenschaften &#8230;. und seine Bilder dann dort hineinladen.<\/p>\n<p>Im Men\u00fc-Punkt &#8222;Galerie verwalten&#8220; kann man jedes einzelne Bild einzeln verwalten oder \u00fcber die Hakenkontrollk\u00e4stchen gleich mehrere gleichzeitig bearbeiten &#8211; im Aufklappmen\u00fc z.B. Meta-Informationen hinzuf\u00fcgen oder Vorschaubilder (Thumbs) erstellen (Hier wird auch nochmal die Gr\u00f6\u00dfe und das Seitenverh\u00e4ltnis abgefragt)<\/p>\n<p><strong>\u00c4u\u00dferst wichtig !<\/strong><br \/>\nder Ordner wp-content\/gallery wird zwar alleine als Bilder-Verzeichnis angelegt &#8211; man sollte aber darauf achten, da\u00df es Rechte 755 hat. Darin legen sich die Ordner mit den Gallery-Namen an (m\u00fcssen Rechte 755 haben !!!) Die Vorschaubilder legen ihr Verzeichnis dann in dem Gallery-Unterverzeichnis an &#8211; Name thumbs und mu\u00df Rechte 777 haben &#8212;&#8211; <strong>sauwichtig<\/strong> &#8211; sonst werden keine Thumbsbilder angezeigt !!!! (Ja man sollte nie ein Verzeichnis ganz freigeben &#8211; auch zum schreiben &#8211; aber sonst werden keine Bilder angezeigt !!! &#8211; Ich habe es dann \u00fcber eine .htaccess geregelt, da\u00df keiner reinschreiben kann au\u00dfer mir. &#8212;-&gt; hat einfach den Inhalt :<\/p>\n<blockquote><p># $Id$<br \/>\n#<br \/>\n# This is used to restrict access to this folder to anything other<br \/>\n# than images<\/p>\n<p># Prevents any script files from being accessed from the images folder<br \/>\n&lt;FilesMatch &#8222;\\.(php([0-9]|s)?|s?p?html|cgi|pl|exe)$&#8220;&gt;<br \/>\nOrder Deny,Allow<br \/>\nDeny from all<\/p><\/blockquote>\n<p>Ich hatte das Problem, da\u00df die Thumbs n\u00e4mlich nicht angezeigt wurden, w\u00e4hrend die Slideshow gleich kam.<br \/>\nAlso habe ich mir noch viele weitere Tricks im Internet gesucht &#8211; z.B.:<br \/>\n<strong>wichtig<\/strong> : memory-limit mu\u00df ziemlich gro\u00df sein &#8211; oft reicht 32 MB nicht &#8211; 64 MB geht schon &#8211; besser 128 MB.<br \/>\nSowas l\u00e4\u00dft man vom Provider in der php.ini einstellen, sofern man nicht selber der Provider ist.<br \/>\nUnter &#8222;Galerie&#8220; &#8211; &#8222;\u00dcbersicht&#8220; sieht man rechts unten die aktuellen Einstellungen der php-Werte usw. &#8211; <strong>Hinweis <\/strong>: Anzeige mu\u00df blau sein, darf nicht grau sein !<br \/>\nDar\u00fcber findet man auch : &#8222;Plugin pr\u00fcfen&#8220; &#8211; sollte man mal durchlaufen lassen ! M\u00fcssen \u00fcberall gr\u00fcne Haken kommen.<\/p>\n<p>Weitere Memory-Limit-Einstellungen, die helfen k\u00f6nnen, wenn keine Thumbnails angezeigt werden :<br \/>\n&#8211; versteckte Dateien anzeigen und in der .htaccess in wp-admin von wordpress kann man eintragen :<\/p>\n<blockquote><p>php_value memory_limit 128M<\/p>\n<p># BEGIN WordPress<\/p>\n<p>RewriteEngine On<br \/>\nRewriteBase \/<br \/>\nRewriteCond %{REQUEST_FILENAME} !-f<br \/>\nRewriteCond %{REQUEST_FILENAME} !-d<br \/>\nRewriteRule . \/index.php [L]<br \/>\n# END WordPress<\/p><\/blockquote>\n<p>&#8211; in wp-conten\/plugins\/NextGen-Gallery\/lib\/gd.thumbnail.inc.php kann man in Zeile 168 (so ungef\u00e4hr) die beiden Striche f\u00fcr Auskommentieren (\/\/) rausnehmen vor<br \/>\n@ini_set(&#8218;memory_limit&#8216;, &#8218;128M&#8216;);<\/p>\n<p>&#8211; in der wp-config.php kann man auch eintragen :<br \/>\ndefine(&#8218;WP_MEMORY_LIMIT&#8216;, &#8218;256M&#8216;);<br \/>\ndirekt unter : define(&#8218;WPLANG&#8216;, &#8218;de_DE&#8216;);<\/p>\n<p>&#8211; einige in Foren raten auch zu der alten 0.99 Version zur\u00fcck zu wechseln &#8211; erscheint mir aber nicht gerade als die L\u00f6sung !!! Hier der Link dazu : http:\/\/code.google.com\/p\/nextgen-gallery\/downloads\/detail?name=nextgen-gallery-0.99RC1.zip&amp;can=4&amp;q=<\/p>\n<p>\u00dcbrigens wandelt er *.JPG (wie es oft von der Kamera kommt) beim Hochladen automatisch in *.jpg<\/p>\n<p>Man kann nat\u00fcrlich auch die Plugins miteinander kombinieren &#8211; ich habe die Bilderanzeige in eine farbige Box \u00fcber das Plugin &#8222;Special Text Boxes&#8220; angezeigt und \u00fcber &#8222;&lt;blockquote&gt;&#8220; ausgerichtet.<\/p>\n<p><strong>siehe Text im Beitrag &#8222;Neues aus der EDV-Front&#8220;<\/strong><em><br \/>\n(zu den Unterseiten &#8211; warum nicht seit Update der Gallery)<\/em><\/p>\n<p>&#8212;&#8212;&#8212;&#8212;&#8212;&#8212;&#8212;&#8212;&#8212;&#8212;<\/p>\n<p>26.7.2018 :<br \/>\nhabe heute meine Gallery endlich mal wieder zum laufen gebracht &#8211; war neuer Code seit irgendeinem Update &#8211; ist jetzt \u00fcber den gr\u00fcnen Button oben (Add Gallery)<\/p>\n<p>&#8212;&#8212;&#8212;&#8212;&#8212;&#8212;&#8212;&#8212;&#8212;&#8212;-<\/p>\n<p>M\u00e4rz 2021 : hatte gesamt Gallery rausgel\u00f6scht, weil meine Datenbank schon \u00fcber 3 GB war und Strato nur 2 GB erlaubt &#8211; war aber nicht besser danach &#8211; habe dann \u00fcber wp-sweep alle Revisionen gel\u00f6scht und somit die Datenbank auf 1 GB gedr\u00fcckt &#8211; konnte dann alle Gallery-Bilder wieder neu einf\u00fcgen &#8211; so wie hier eine :<\/p>\n<p>z.B. &#8222;meine Blumenbilder&#8220; als Nextgen-Gallery<\/p>\n<div class='stb-container stb-style-alert stb-no-caption stb-image-small'><div class='stb-caption'><div class='stb-logo'><img class='stb-logo__image' src='null' alt='img'\/><\/div><div class='stb-caption-content'><\/div><div class='stb-tool'><\/div><\/div><div class='stb-content'><\/p>\n<blockquote><p>ngg_shortcode_0_placeholder<\/p><\/blockquote>\n<p><\/div><\/div>\n","protected":false},"excerpt":{"rendered":"<p>&nbsp; Tips und Tricks um die NextGen-Gallery : Also ich habe heute so einiges \u00fcber das WordPress-Plugin NextGen-Gallery gelernt ! Download : http:\/\/wordpress.org\/extend\/plugins\/nextgen-gallery\/ Installation : Die zip-Datei ins Verzeichnis wp-content\/plugins\/ entpacken. Das Verzeichnis Admin ins Verzeichnis wp-admin verschieben. Im Dashboard &hellip; <a href=\"http:\/\/www.sabinewenig.de\/myblog\/?page_id=2035\">Weiterlesen <span class=\"meta-nav\">&rarr;<\/span><\/a><\/p>\n","protected":false},"author":1,"featured_media":0,"parent":2001,"menu_order":40,"comment_status":"open","ping_status":"open","template":"","meta":{"ngg_post_thumbnail":0,"footnotes":""},"class_list":["post-2035","page","type-page","status-publish","hentry"],"_links":{"self":[{"href":"http:\/\/www.sabinewenig.de\/myblog\/index.php?rest_route=\/wp\/v2\/pages\/2035","targetHints":{"allow":["GET"]}}],"collection":[{"href":"http:\/\/www.sabinewenig.de\/myblog\/index.php?rest_route=\/wp\/v2\/pages"}],"about":[{"href":"http:\/\/www.sabinewenig.de\/myblog\/index.php?rest_route=\/wp\/v2\/types\/page"}],"author":[{"embeddable":true,"href":"http:\/\/www.sabinewenig.de\/myblog\/index.php?rest_route=\/wp\/v2\/users\/1"}],"replies":[{"embeddable":true,"href":"http:\/\/www.sabinewenig.de\/myblog\/index.php?rest_route=%2Fwp%2Fv2%2Fcomments&post=2035"}],"version-history":[{"count":0,"href":"http:\/\/www.sabinewenig.de\/myblog\/index.php?rest_route=\/wp\/v2\/pages\/2035\/revisions"}],"up":[{"embeddable":true,"href":"http:\/\/www.sabinewenig.de\/myblog\/index.php?rest_route=\/wp\/v2\/pages\/2001"}],"wp:attachment":[{"href":"http:\/\/www.sabinewenig.de\/myblog\/index.php?rest_route=%2Fwp%2Fv2%2Fmedia&parent=2035"}],"curies":[{"name":"wp","href":"https:\/\/api.w.org\/{rel}","templated":true}]}}