{"id":143736,"date":"2024-02-12T18:10:08","date_gmt":"2024-02-12T17:10:08","guid":{"rendered":"http:\/\/www.sabinewenig.de\/myblog\/?page_id=143736"},"modified":"2024-02-13T11:32:24","modified_gmt":"2024-02-13T10:32:24","slug":"haushaltsaufloesung-und-entruemplung-durch-frank-guderjahn","status":"publish","type":"page","link":"http:\/\/www.sabinewenig.de\/myblog\/?page_id=143736","title":{"rendered":"Haushaltsaufl\u00f6sung und Entr\u00fcmplung durch Frank Guderjahn"},"content":{"rendered":"<p>&#8230; ich habe es selbst erlebt :<br \/>\npl\u00f6tzlich ist ein geliebter Mensch verstorben und man steht vor der schier unl\u00f6sbaren Aufgabe, seine Zur\u00fccklassenschaften durch zu schaun und dann zu entsorgen.<br \/>\nDa stecken noch soooooo viele Emotionen und Erinnerungen in den Gegenst\u00e4nden und R\u00e4umen, da\u00df man einfach erschlagen ist.<br \/>\nWas soll man behalten &#8211; was ist noch so gut, verkauft zu werden und was ist so verlebt, da\u00df es nur noch entsorgt werden kann ???<br \/>\nEgal, ob Wohnung, Gartenlaube oder Haus : man ist total \u00fcberfordert !<\/p>\n<p>Doch nicht verzweifeln, Sie sind nicht alleine &#8212;<br \/>\nrufen Sie Frank Guderjahn unter <strong>0172 4 70 25 93<\/strong> an oder<br \/>\nschreiben ihm per Email <strong><a href=\"mailto:guderjahnfrank@t-online.de\">guderjahnfrank@t-online.de<\/a><\/strong><\/p>\n<p>&#8211; er hilft Ihnen in diesen schweren Zeiten beim Aufl\u00f6sen des Nachlasses, denn man kann sie nicht ewig weiter behalten,<br \/>\nnur um die Erinnerungen an den geliebten Menschen zu bewahren.<br \/>\nDie Toten leben in unseren Herzen weiter und man beh\u00e4lt nur ein paar wenige weltliche Dinge, denn man hat ja selber schon einen kompletten Haushalt.<br \/>\nAber man m\u00f6chte doch, da\u00df die noch guten St\u00fccke in gute H\u00e4nde kommen &#8211; in H\u00e4nde, die sie nicht achtlos wegwerfen und zerst\u00f6ren,<br \/>\nsondern die ihnen noch ein zweites oder drittes Leben erm\u00f6glichen.<br \/>\nNur schon verschlissene Dinge sollen auf den M\u00fcll bzw. fachgerecht entsorgt werden.<\/p>\n<p>Und genau dabei hilft Ihnen Frank Guderjahn mit seinem Fachwissen.<br \/>\n(Bevorzugt im Raum Magdeburg und B\u00f6rde)<br \/>\nEinfach mit ihm Kontakt aufnehmen und es geht voran und ist bald geschafft.<\/p>\n<p>Eure Sabine Wenig<\/p>\n<p>&nbsp;<\/p>\n","protected":false},"excerpt":{"rendered":"<p>&#8230; ich habe es selbst erlebt : pl\u00f6tzlich ist ein geliebter Mensch verstorben und man steht vor der schier unl\u00f6sbaren Aufgabe, seine Zur\u00fccklassenschaften durch zu schaun und dann zu entsorgen. Da stecken noch soooooo viele Emotionen und Erinnerungen in den &hellip; <a href=\"http:\/\/www.sabinewenig.de\/myblog\/?page_id=143736\">Weiterlesen <span class=\"meta-nav\">&rarr;<\/span><\/a><\/p>\n","protected":false},"author":1,"featured_media":0,"parent":2153,"menu_order":1,"comment_status":"closed","ping_status":"closed","template":"","meta":{"ngg_post_thumbnail":0,"footnotes":""},"class_list":["post-143736","page","type-page","status-publish","hentry"],"_links":{"self":[{"href":"http:\/\/www.sabinewenig.de\/myblog\/index.php?rest_route=\/wp\/v2\/pages\/143736","targetHints":{"allow":["GET"]}}],"collection":[{"href":"http:\/\/www.sabinewenig.de\/myblog\/index.php?rest_route=\/wp\/v2\/pages"}],"about":[{"href":"http:\/\/www.sabinewenig.de\/myblog\/index.php?rest_route=\/wp\/v2\/types\/page"}],"author":[{"embeddable":true,"href":"http:\/\/www.sabinewenig.de\/myblog\/index.php?rest_route=\/wp\/v2\/users\/1"}],"replies":[{"embeddable":true,"href":"http:\/\/www.sabinewenig.de\/myblog\/index.php?rest_route=%2Fwp%2Fv2%2Fcomments&post=143736"}],"version-history":[{"count":0,"href":"http:\/\/www.sabinewenig.de\/myblog\/index.php?rest_route=\/wp\/v2\/pages\/143736\/revisions"}],"up":[{"embeddable":true,"href":"http:\/\/www.sabinewenig.de\/myblog\/index.php?rest_route=\/wp\/v2\/pages\/2153"}],"wp:attachment":[{"href":"http:\/\/www.sabinewenig.de\/myblog\/index.php?rest_route=%2Fwp%2Fv2%2Fmedia&parent=143736"}],"curies":[{"name":"wp","href":"https:\/\/api.w.org\/{rel}","templated":true}]}}