{"id":143405,"date":"2024-01-31T17:17:11","date_gmt":"2024-01-31T16:17:11","guid":{"rendered":"http:\/\/www.sabinewenig.de\/myblog\/?page_id=143405"},"modified":"2024-02-13T11:36:02","modified_gmt":"2024-02-13T10:36:02","slug":"flohmarkt-der-besonderen-art-erlebnis-flohmarkt-im-schloss-hornhausen","status":"publish","type":"page","link":"http:\/\/www.sabinewenig.de\/myblog\/?page_id=143405","title":{"rendered":"Ausflugstip :<br>Flohmarkt der besonderen Art : <br>Erlebnis-Flohmarkt im Schlo\u00df Hornhausen"},"content":{"rendered":"<p>****************************************************************************<\/p>\n<p><strong>Sie<\/strong> sind diese geordneten Flohm\u00e4rkte leid <em>oder<\/em><br \/>\n<strong>Sie<\/strong> suchen etwas Bestimmtes <em>oder<\/em><br \/>\n<strong>Sie<\/strong> lassen sich einfach inspirieren beim Durchst\u00f6bern von Rarit\u00e4ten und Alltagsgegenst\u00e4nden.<br \/>\nVon Grammophonplatten \u00fcber Magnetb\u00e4nder von ORWO bis Couchtisch &#8211; alles da.<br \/>\nEs gibt so viel zu entdecken an kleinen vergessenen Sch\u00e4tzen, die an unsere Kindheit und vergangene Jahrzehnte erinnern <em>oder<\/em><br \/>\nkaufen <strong>Sie<\/strong> das damals geliebte Spielzeug jetzt f\u00fcr Ihre Kinder &#8211; einfach aus dem Impuls heraus, wie gl\u00fccklich es <strong>Sie<\/strong> damals gemacht hat.<\/p>\n<p>Und als Bonus oben drauf :<br \/>\nAlles im historischen Ambiente im und um Schlo\u00df Hornhausen.<br \/>\nStellen <strong>Sie<\/strong> sich vor wie eine adlige Dame die geschwungene Holztreppe herunter schreitet und mit ihrem Sonnenschirm sich an den Schlo\u00dfteich setzt <em>oder<\/em><br \/>\nwie der Kutscher gerade die f\u00fcrstliche Kutsche mit den herrlichen Pferden aus dem gro\u00dfen Tor des Gesindehauses f\u00e4hrt <em>oder<\/em><br \/>\netwas neuzeitlicher : eines der ersten Mobile, welches knattert und mit Kurbel noch angeworfen wird.<br \/>\nTr\u00e4umen <strong>Sie<\/strong> von den exotischen Blumen, die im Wintergarten mit den riesigen Fenstern \u00fcber dem Eingang gerade bl\u00fchen <em>oder<\/em><br \/>\ngemeinsame Abende der Gesellschaft vor dem Kamin im Salon, mit den Engelbildern in Stuck an der Decke <em>oder<\/em><br \/>\nvom Teekr\u00e4nzchen der mittelalterlich gekleideten Damen im Tee-Pavillion am Ende des Hauses <em>oder<\/em><br \/>\ndem Tetatet des Stallburschen mit der Hausdame im Stall.<\/p>\n<p>Gehen <strong>Sie<\/strong> auf Entdeckungsreise im alten Schlo\u00df &#8211; was verbirgt sich wohl hinter dieser T\u00fcre &#8211; gibt es Geheimg\u00e4nge &#8230;?<br \/>\n<strong>Sie<\/strong> k\u00f6nnen sogar \u00fcbernachten und testen, ob ein Schlo\u00dfgespenst auftaucht.<\/p>\n<p>Der Schlo\u00dfherr pers\u00f6nlich f\u00fchrt <strong>Sie<\/strong> durch seine Sch\u00e4tze<br \/>\nund hilft auch ggf. beim Abtransport.<br \/>\nMachen <strong>Sie<\/strong> einfach einen Termin unter :<\/p>\n<p><strong><em>Frank Guderjahn &nbsp;&nbsp;&nbsp; 0172 4702593<\/em><\/strong><br \/>\n<a href=\"mailto:guderjahnfrank@t-online.de\">guderjahnfrank@t-online.de<\/a><\/p>\n<p>Ich kann <strong>Ihnen<\/strong> dieses nachhaltige Gedankenspiel mit ggf. Kaufrausch nur empfehlen.<br \/>\n<strong>Sie<\/strong> werden begeistert sein.<\/p>\n<p>Eure Sabine Wenig<br \/>\n(sitze gerade in Gedanken mit einem Kaffee in der Tasse am Schlo\u00dfteich)<\/p>\n","protected":false},"excerpt":{"rendered":"<p>**************************************************************************** Sie sind diese geordneten Flohm\u00e4rkte leid oder Sie suchen etwas Bestimmtes oder Sie lassen sich einfach inspirieren beim Durchst\u00f6bern von Rarit\u00e4ten und Alltagsgegenst\u00e4nden. Von Grammophonplatten \u00fcber Magnetb\u00e4nder von ORWO bis Couchtisch &#8211; alles da. Es gibt so viel zu &hellip; <a href=\"http:\/\/www.sabinewenig.de\/myblog\/?page_id=143405\">Weiterlesen <span class=\"meta-nav\">&rarr;<\/span><\/a><\/p>\n","protected":false},"author":1,"featured_media":0,"parent":2153,"menu_order":0,"comment_status":"closed","ping_status":"closed","template":"","meta":{"ngg_post_thumbnail":0,"footnotes":""},"class_list":["post-143405","page","type-page","status-publish","hentry"],"_links":{"self":[{"href":"http:\/\/www.sabinewenig.de\/myblog\/index.php?rest_route=\/wp\/v2\/pages\/143405","targetHints":{"allow":["GET"]}}],"collection":[{"href":"http:\/\/www.sabinewenig.de\/myblog\/index.php?rest_route=\/wp\/v2\/pages"}],"about":[{"href":"http:\/\/www.sabinewenig.de\/myblog\/index.php?rest_route=\/wp\/v2\/types\/page"}],"author":[{"embeddable":true,"href":"http:\/\/www.sabinewenig.de\/myblog\/index.php?rest_route=\/wp\/v2\/users\/1"}],"replies":[{"embeddable":true,"href":"http:\/\/www.sabinewenig.de\/myblog\/index.php?rest_route=%2Fwp%2Fv2%2Fcomments&post=143405"}],"version-history":[{"count":0,"href":"http:\/\/www.sabinewenig.de\/myblog\/index.php?rest_route=\/wp\/v2\/pages\/143405\/revisions"}],"up":[{"embeddable":true,"href":"http:\/\/www.sabinewenig.de\/myblog\/index.php?rest_route=\/wp\/v2\/pages\/2153"}],"wp:attachment":[{"href":"http:\/\/www.sabinewenig.de\/myblog\/index.php?rest_route=%2Fwp%2Fv2%2Fmedia&parent=143405"}],"curies":[{"name":"wp","href":"https:\/\/api.w.org\/{rel}","templated":true}]}}