{"id":128644,"date":"2023-01-24T21:59:28","date_gmt":"2023-01-24T20:59:28","guid":{"rendered":"http:\/\/www.sabinewenig.de\/myblog\/?page_id=128644"},"modified":"2023-04-11T10:44:05","modified_gmt":"2023-04-11T09:44:05","slug":"hundehuetten-und-vogelhaeuser","status":"publish","type":"page","link":"http:\/\/www.sabinewenig.de\/myblog\/?page_id=128644","title":{"rendered":"Hundeh\u00fctten und Vogelh\u00e4user"},"content":{"rendered":"<p>Hallo,<\/p>\n<p>ich baue f\u00fcr Euch Hundeh\u00fctten und Vogelh\u00e4user.<\/p>\n<p>Meldet Euch einfach unter Tel. 0157 36200870.<\/p>\n<p>nur an Selbstabholer.<\/p>\n<p>Privatverkauf in Magdeburg <\/p>\n<p>Ich schlie\u00dfe jegliche Sachmangelhaftung aus.<br \/>\nDie Haftung auf Schadenersatz wegen Verletzungen von Gesundheit, K\u00f6rper oder Leben und grob fahrl\u00e4ssiger und\/oder vors\u00e4tzlicher Verletzungen meiner Pflichten als Verk\u00e4ufer bleibt uneingeschr\u00e4nkt.<\/p>\n<p>&#8212;&#8212;&#8212;&#8212;&#8212;&#8212;&#8212;&#8212;&#8212;&#8212;&#8212;<br \/>\nBau :<\/p>\n<p><img loading=\"lazy\" decoding=\"async\" src=\"http:\/\/www.sabinewenig.de\/myblog\/wp-content\/uploads\/2023\/03\/PTDC0339-768x1024.jpg\" alt=\"\" width=\"192\" height=\"256\" class=\"size-large wp-image-130765\" srcset=\"http:\/\/www.sabinewenig.de\/myblog\/wp-content\/uploads\/2023\/03\/PTDC0339-768x1024.jpg 768w, http:\/\/www.sabinewenig.de\/myblog\/wp-content\/uploads\/2023\/03\/PTDC0339-225x300.jpg 225w, http:\/\/www.sabinewenig.de\/myblog\/wp-content\/uploads\/2023\/03\/PTDC0339-1152x1536.jpg 1152w, http:\/\/www.sabinewenig.de\/myblog\/wp-content\/uploads\/2023\/03\/PTDC0339-1536x2048.jpg 1536w, http:\/\/www.sabinewenig.de\/myblog\/wp-content\/uploads\/2023\/03\/PTDC0339-scaled.jpg 1920w\" sizes=\"auto, (max-width: 192px) 100vw, 192px\" \/> <img loading=\"lazy\" decoding=\"async\" src=\"http:\/\/www.sabinewenig.de\/myblog\/wp-content\/uploads\/2023\/03\/PTDC0338-1024x768.jpg\" alt=\"\" width=\"256\" height=\"192\" class=\"size-large wp-image-130766\" srcset=\"http:\/\/www.sabinewenig.de\/myblog\/wp-content\/uploads\/2023\/03\/PTDC0338-1024x768.jpg 1024w, http:\/\/www.sabinewenig.de\/myblog\/wp-content\/uploads\/2023\/03\/PTDC0338-300x225.jpg 300w, http:\/\/www.sabinewenig.de\/myblog\/wp-content\/uploads\/2023\/03\/PTDC0338-768x576.jpg 768w, http:\/\/www.sabinewenig.de\/myblog\/wp-content\/uploads\/2023\/03\/PTDC0338-1536x1152.jpg 1536w, http:\/\/www.sabinewenig.de\/myblog\/wp-content\/uploads\/2023\/03\/PTDC0338-2048x1536.jpg 2048w\" sizes=\"auto, (max-width: 256px) 100vw, 256px\" \/><\/p>\n<p><img loading=\"lazy\" decoding=\"async\" src=\"http:\/\/www.sabinewenig.de\/myblog\/wp-content\/uploads\/2023\/03\/PTDC0335-768x1024.jpg\" alt=\"\" width=\"192\" height=\"256\" class=\"size-large wp-image-130767\" srcset=\"http:\/\/www.sabinewenig.de\/myblog\/wp-content\/uploads\/2023\/03\/PTDC0335-768x1024.jpg 768w, http:\/\/www.sabinewenig.de\/myblog\/wp-content\/uploads\/2023\/03\/PTDC0335-225x300.jpg 225w, http:\/\/www.sabinewenig.de\/myblog\/wp-content\/uploads\/2023\/03\/PTDC0335-1152x1536.jpg 1152w, http:\/\/www.sabinewenig.de\/myblog\/wp-content\/uploads\/2023\/03\/PTDC0335-1536x2048.jpg 1536w, http:\/\/www.sabinewenig.de\/myblog\/wp-content\/uploads\/2023\/03\/PTDC0335-scaled.jpg 1920w\" sizes=\"auto, (max-width: 192px) 100vw, 192px\" \/> <img loading=\"lazy\" decoding=\"async\" src=\"http:\/\/www.sabinewenig.de\/myblog\/wp-content\/uploads\/2023\/03\/PTDC0334-1024x768.jpg\" alt=\"\" width=\"256\" height=\"192\" class=\"size-large wp-image-130768\" srcset=\"http:\/\/www.sabinewenig.de\/myblog\/wp-content\/uploads\/2023\/03\/PTDC0334-1024x768.jpg 1024w, http:\/\/www.sabinewenig.de\/myblog\/wp-content\/uploads\/2023\/03\/PTDC0334-300x225.jpg 300w, http:\/\/www.sabinewenig.de\/myblog\/wp-content\/uploads\/2023\/03\/PTDC0334-768x576.jpg 768w, http:\/\/www.sabinewenig.de\/myblog\/wp-content\/uploads\/2023\/03\/PTDC0334-1536x1152.jpg 1536w, http:\/\/www.sabinewenig.de\/myblog\/wp-content\/uploads\/2023\/03\/PTDC0334-2048x1536.jpg 2048w\" sizes=\"auto, (max-width: 256px) 100vw, 256px\" \/><\/p>\n<p><img loading=\"lazy\" decoding=\"async\" src=\"http:\/\/www.sabinewenig.de\/myblog\/wp-content\/uploads\/2023\/03\/PTDC0268-556x1024.jpg\" alt=\"\" width=\"139\" height=\"256\" class=\"size-large wp-image-130769\" srcset=\"http:\/\/www.sabinewenig.de\/myblog\/wp-content\/uploads\/2023\/03\/PTDC0268-556x1024.jpg 556w, http:\/\/www.sabinewenig.de\/myblog\/wp-content\/uploads\/2023\/03\/PTDC0268-163x300.jpg 163w, http:\/\/www.sabinewenig.de\/myblog\/wp-content\/uploads\/2023\/03\/PTDC0268-768x1414.jpg 768w, http:\/\/www.sabinewenig.de\/myblog\/wp-content\/uploads\/2023\/03\/PTDC0268-834x1536.jpg 834w, http:\/\/www.sabinewenig.de\/myblog\/wp-content\/uploads\/2023\/03\/PTDC0268-1112x2048.jpg 1112w, http:\/\/www.sabinewenig.de\/myblog\/wp-content\/uploads\/2023\/03\/PTDC0268-scaled.jpg 1390w\" sizes=\"auto, (max-width: 139px) 100vw, 139px\" \/><\/p>\n<p>&#8212;&#8212;&#8212;&#8212;&#8212;&#8212;&#8212;&#8212;&#8212;&#8212;&#8212;<br \/>\nFertig :<\/p>\n<p><img loading=\"lazy\" decoding=\"async\" src=\"http:\/\/www.sabinewenig.de\/myblog\/wp-content\/uploads\/2023\/04\/PTDC0158-768x1024.jpg\" alt=\"\" width=\"192\" height=\"256\" class=\"size-large wp-image-131290\" srcset=\"http:\/\/www.sabinewenig.de\/myblog\/wp-content\/uploads\/2023\/04\/PTDC0158-768x1024.jpg 768w, http:\/\/www.sabinewenig.de\/myblog\/wp-content\/uploads\/2023\/04\/PTDC0158-225x300.jpg 225w, http:\/\/www.sabinewenig.de\/myblog\/wp-content\/uploads\/2023\/04\/PTDC0158-1152x1536.jpg 1152w, http:\/\/www.sabinewenig.de\/myblog\/wp-content\/uploads\/2023\/04\/PTDC0158-1536x2048.jpg 1536w, http:\/\/www.sabinewenig.de\/myblog\/wp-content\/uploads\/2023\/04\/PTDC0158-scaled.jpg 1920w\" sizes=\"auto, (max-width: 192px) 100vw, 192px\" \/><\/p>\n<p><img loading=\"lazy\" decoding=\"async\" src=\"http:\/\/www.sabinewenig.de\/myblog\/wp-content\/uploads\/2023\/04\/PTDC0191-1024x768.jpg\" alt=\"\" width=\"256\" height=\"192\" class=\"size-large wp-image-131285\" srcset=\"http:\/\/www.sabinewenig.de\/myblog\/wp-content\/uploads\/2023\/04\/PTDC0191-1024x768.jpg 1024w, http:\/\/www.sabinewenig.de\/myblog\/wp-content\/uploads\/2023\/04\/PTDC0191-300x225.jpg 300w, http:\/\/www.sabinewenig.de\/myblog\/wp-content\/uploads\/2023\/04\/PTDC0191-768x576.jpg 768w, http:\/\/www.sabinewenig.de\/myblog\/wp-content\/uploads\/2023\/04\/PTDC0191-1536x1152.jpg 1536w, http:\/\/www.sabinewenig.de\/myblog\/wp-content\/uploads\/2023\/04\/PTDC0191-2048x1536.jpg 2048w\" sizes=\"auto, (max-width: 256px) 100vw, 256px\" \/><\/p>\n<p><img loading=\"lazy\" decoding=\"async\" src=\"http:\/\/www.sabinewenig.de\/myblog\/wp-content\/uploads\/2023\/04\/PTDC0190-1024x768.jpg\" alt=\"\" width=\"256\" height=\"192\" class=\"size-large wp-image-131286\" srcset=\"http:\/\/www.sabinewenig.de\/myblog\/wp-content\/uploads\/2023\/04\/PTDC0190-1024x768.jpg 1024w, http:\/\/www.sabinewenig.de\/myblog\/wp-content\/uploads\/2023\/04\/PTDC0190-300x225.jpg 300w, http:\/\/www.sabinewenig.de\/myblog\/wp-content\/uploads\/2023\/04\/PTDC0190-768x576.jpg 768w, http:\/\/www.sabinewenig.de\/myblog\/wp-content\/uploads\/2023\/04\/PTDC0190-1536x1152.jpg 1536w, http:\/\/www.sabinewenig.de\/myblog\/wp-content\/uploads\/2023\/04\/PTDC0190-2048x1536.jpg 2048w\" sizes=\"auto, (max-width: 256px) 100vw, 256px\" \/> <img loading=\"lazy\" decoding=\"async\" src=\"http:\/\/www.sabinewenig.de\/myblog\/wp-content\/uploads\/2023\/04\/PTDC0189-1024x768.jpg\" alt=\"\" width=\"256\" height=\"192\" class=\"size-large wp-image-131287\" srcset=\"http:\/\/www.sabinewenig.de\/myblog\/wp-content\/uploads\/2023\/04\/PTDC0189-1024x768.jpg 1024w, http:\/\/www.sabinewenig.de\/myblog\/wp-content\/uploads\/2023\/04\/PTDC0189-300x225.jpg 300w, http:\/\/www.sabinewenig.de\/myblog\/wp-content\/uploads\/2023\/04\/PTDC0189-768x576.jpg 768w, http:\/\/www.sabinewenig.de\/myblog\/wp-content\/uploads\/2023\/04\/PTDC0189-1536x1152.jpg 1536w, http:\/\/www.sabinewenig.de\/myblog\/wp-content\/uploads\/2023\/04\/PTDC0189-2048x1536.jpg 2048w\" sizes=\"auto, (max-width: 256px) 100vw, 256px\" \/><\/p>\n<p><img loading=\"lazy\" decoding=\"async\" src=\"http:\/\/www.sabinewenig.de\/myblog\/wp-content\/uploads\/2023\/04\/PTDC0188-1024x768.jpg\" alt=\"\" width=\"256\" height=\"192\" class=\"size-large wp-image-131288\" srcset=\"http:\/\/www.sabinewenig.de\/myblog\/wp-content\/uploads\/2023\/04\/PTDC0188-1024x768.jpg 1024w, http:\/\/www.sabinewenig.de\/myblog\/wp-content\/uploads\/2023\/04\/PTDC0188-300x225.jpg 300w, http:\/\/www.sabinewenig.de\/myblog\/wp-content\/uploads\/2023\/04\/PTDC0188-768x576.jpg 768w, http:\/\/www.sabinewenig.de\/myblog\/wp-content\/uploads\/2023\/04\/PTDC0188-1536x1152.jpg 1536w, http:\/\/www.sabinewenig.de\/myblog\/wp-content\/uploads\/2023\/04\/PTDC0188-2048x1536.jpg 2048w\" sizes=\"auto, (max-width: 256px) 100vw, 256px\" \/> <img loading=\"lazy\" decoding=\"async\" src=\"http:\/\/www.sabinewenig.de\/myblog\/wp-content\/uploads\/2023\/04\/PTDC0187-1024x768.jpg\" alt=\"\" width=\"256\" height=\"192\" class=\"size-large wp-image-131289\" srcset=\"http:\/\/www.sabinewenig.de\/myblog\/wp-content\/uploads\/2023\/04\/PTDC0187-1024x768.jpg 1024w, http:\/\/www.sabinewenig.de\/myblog\/wp-content\/uploads\/2023\/04\/PTDC0187-300x225.jpg 300w, http:\/\/www.sabinewenig.de\/myblog\/wp-content\/uploads\/2023\/04\/PTDC0187-768x576.jpg 768w, http:\/\/www.sabinewenig.de\/myblog\/wp-content\/uploads\/2023\/04\/PTDC0187-1536x1152.jpg 1536w, http:\/\/www.sabinewenig.de\/myblog\/wp-content\/uploads\/2023\/04\/PTDC0187-2048x1536.jpg 2048w\" sizes=\"auto, (max-width: 256px) 100vw, 256px\" \/><\/p>\n","protected":false},"excerpt":{"rendered":"<p>Hallo, ich baue f\u00fcr Euch Hundeh\u00fctten und Vogelh\u00e4user. Meldet Euch einfach unter Tel. 0157 36200870. nur an Selbstabholer. Privatverkauf in Magdeburg Ich schlie\u00dfe jegliche Sachmangelhaftung aus. Die Haftung auf Schadenersatz wegen Verletzungen von Gesundheit, K\u00f6rper oder Leben und grob fahrl\u00e4ssiger &hellip; <a href=\"http:\/\/www.sabinewenig.de\/myblog\/?page_id=128644\">Weiterlesen <span class=\"meta-nav\">&rarr;<\/span><\/a><\/p>\n","protected":false},"author":1,"featured_media":0,"parent":2153,"menu_order":0,"comment_status":"closed","ping_status":"closed","template":"","meta":{"ngg_post_thumbnail":0,"footnotes":""},"class_list":["post-128644","page","type-page","status-publish","hentry"],"_links":{"self":[{"href":"http:\/\/www.sabinewenig.de\/myblog\/index.php?rest_route=\/wp\/v2\/pages\/128644","targetHints":{"allow":["GET"]}}],"collection":[{"href":"http:\/\/www.sabinewenig.de\/myblog\/index.php?rest_route=\/wp\/v2\/pages"}],"about":[{"href":"http:\/\/www.sabinewenig.de\/myblog\/index.php?rest_route=\/wp\/v2\/types\/page"}],"author":[{"embeddable":true,"href":"http:\/\/www.sabinewenig.de\/myblog\/index.php?rest_route=\/wp\/v2\/users\/1"}],"replies":[{"embeddable":true,"href":"http:\/\/www.sabinewenig.de\/myblog\/index.php?rest_route=%2Fwp%2Fv2%2Fcomments&post=128644"}],"version-history":[{"count":0,"href":"http:\/\/www.sabinewenig.de\/myblog\/index.php?rest_route=\/wp\/v2\/pages\/128644\/revisions"}],"up":[{"embeddable":true,"href":"http:\/\/www.sabinewenig.de\/myblog\/index.php?rest_route=\/wp\/v2\/pages\/2153"}],"wp:attachment":[{"href":"http:\/\/www.sabinewenig.de\/myblog\/index.php?rest_route=%2Fwp%2Fv2%2Fmedia&parent=128644"}],"curies":[{"name":"wp","href":"https:\/\/api.w.org\/{rel}","templated":true}]}}