{"id":128639,"date":"2023-01-24T21:53:20","date_gmt":"2023-01-24T20:53:20","guid":{"rendered":"http:\/\/www.sabinewenig.de\/myblog\/?page_id=128639"},"modified":"2023-01-24T22:01:33","modified_gmt":"2023-01-24T21:01:33","slug":"reparierte-fahrraeder-abzugeben","status":"publish","type":"page","link":"http:\/\/www.sabinewenig.de\/myblog\/?page_id=128639","title":{"rendered":"Reparierte Fahrr\u00e4der abzugeben"},"content":{"rendered":"<p>Hallo,<\/p>\n<p>ich repariere ausrangierte Fahrr\u00e4der und gebe sie dann gegen einen kleinen Geldbetrag ab.<br \/>\nIch kann nat\u00fcrlich auch Euer Fahrrad reparieren.<\/p>\n<p>Meldet Euch einfach unter Tel. 0157 36200870.<\/p>\n<p>Fahrr\u00e4der nur an Selbstabholer<\/p>\n<p>Privatverkauf in Magdeburg <\/p>\n<p>Ich schlie\u00dfe jegliche Sachmangelhaftung aus.<br \/>\nDie Haftung auf Schadenersatz wegen Verletzungen von Gesundheit, K\u00f6rper oder Leben und grob fahrl\u00e4ssiger und\/oder vors\u00e4tzlicher Verletzungen meiner Pflichten als Verk\u00e4ufer bleibt uneingeschr\u00e4nkt.<\/p>\n<p>Beispielbilder :<\/p>\n<p><img loading=\"lazy\" decoding=\"async\" src=\"http:\/\/www.sabinewenig.de\/myblog\/wp-content\/uploads\/2023\/01\/IMG0011A-225x300.jpg\" alt=\"\" width=\"225\" height=\"300\" class=\"alignnone size-medium wp-image-128640\" srcset=\"http:\/\/www.sabinewenig.de\/myblog\/wp-content\/uploads\/2023\/01\/IMG0011A-225x300.jpg 225w, http:\/\/www.sabinewenig.de\/myblog\/wp-content\/uploads\/2023\/01\/IMG0011A.jpg 240w\" sizes=\"auto, (max-width: 225px) 100vw, 225px\" \/> <img loading=\"lazy\" decoding=\"async\" src=\"http:\/\/www.sabinewenig.de\/myblog\/wp-content\/uploads\/2023\/01\/IMG0012A-225x300.jpg\" alt=\"\" width=\"225\" height=\"300\" class=\"alignnone size-medium wp-image-128641\" srcset=\"http:\/\/www.sabinewenig.de\/myblog\/wp-content\/uploads\/2023\/01\/IMG0012A-225x300.jpg 225w, http:\/\/www.sabinewenig.de\/myblog\/wp-content\/uploads\/2023\/01\/IMG0012A.jpg 240w\" sizes=\"auto, (max-width: 225px) 100vw, 225px\" \/><\/p>\n","protected":false},"excerpt":{"rendered":"<p>Hallo, ich repariere ausrangierte Fahrr\u00e4der und gebe sie dann gegen einen kleinen Geldbetrag ab. Ich kann nat\u00fcrlich auch Euer Fahrrad reparieren. Meldet Euch einfach unter Tel. 0157 36200870. Fahrr\u00e4der nur an Selbstabholer Privatverkauf in Magdeburg Ich schlie\u00dfe jegliche Sachmangelhaftung aus. &hellip; <a href=\"http:\/\/www.sabinewenig.de\/myblog\/?page_id=128639\">Weiterlesen <span class=\"meta-nav\">&rarr;<\/span><\/a><\/p>\n","protected":false},"author":1,"featured_media":0,"parent":2153,"menu_order":0,"comment_status":"closed","ping_status":"closed","template":"","meta":{"ngg_post_thumbnail":0,"footnotes":""},"class_list":["post-128639","page","type-page","status-publish","hentry"],"_links":{"self":[{"href":"http:\/\/www.sabinewenig.de\/myblog\/index.php?rest_route=\/wp\/v2\/pages\/128639","targetHints":{"allow":["GET"]}}],"collection":[{"href":"http:\/\/www.sabinewenig.de\/myblog\/index.php?rest_route=\/wp\/v2\/pages"}],"about":[{"href":"http:\/\/www.sabinewenig.de\/myblog\/index.php?rest_route=\/wp\/v2\/types\/page"}],"author":[{"embeddable":true,"href":"http:\/\/www.sabinewenig.de\/myblog\/index.php?rest_route=\/wp\/v2\/users\/1"}],"replies":[{"embeddable":true,"href":"http:\/\/www.sabinewenig.de\/myblog\/index.php?rest_route=%2Fwp%2Fv2%2Fcomments&post=128639"}],"version-history":[{"count":0,"href":"http:\/\/www.sabinewenig.de\/myblog\/index.php?rest_route=\/wp\/v2\/pages\/128639\/revisions"}],"up":[{"embeddable":true,"href":"http:\/\/www.sabinewenig.de\/myblog\/index.php?rest_route=\/wp\/v2\/pages\/2153"}],"wp:attachment":[{"href":"http:\/\/www.sabinewenig.de\/myblog\/index.php?rest_route=%2Fwp%2Fv2%2Fmedia&parent=128639"}],"curies":[{"name":"wp","href":"https:\/\/api.w.org\/{rel}","templated":true}]}}