{"id":123795,"date":"2022-10-25T16:36:41","date_gmt":"2022-10-25T15:36:41","guid":{"rendered":"http:\/\/www.sabinewenig.de\/myblog\/?page_id=123795"},"modified":"2023-01-24T21:37:20","modified_gmt":"2023-01-24T20:37:20","slug":"2-weinballon-auch-einzeln-abzugeben","status":"publish","type":"page","link":"http:\/\/www.sabinewenig.de\/myblog\/?page_id=123795","title":{"rendered":"2 Weinballon &#8211; auch einzeln abzugeben"},"content":{"rendered":"<p>1* 25 Liter zu 25 Euro<br \/>\n1* 20 Liter zu 20 Euro<\/p>\n<p>Gummiverschlu\u00df-Kappen und G\u00e4rr\u00f6hrchen<\/p>\n<p>Selbstabholer<br \/>\noder im Umkreis von 15 km von Magdeburg kann auch kostenlos vorbei gebracht werden.<\/p>\n<p>Privatverkauf in Magdeburg &#8211; Bertolt-Brecht-Str. 14b<br \/>\nWare benutzt und ges\u00e4ubert &#8211; nicht defekt<\/p>\n<p>Ich schlie\u00dfe jegliche Sachmangelhaftung aus.<br \/>\nDie Haftung auf Schadenersatz wegen Verletzungen von Gesundheit, K\u00f6rper oder Leben und grob fahrl\u00e4ssiger und\/oder vors\u00e4tzlicher Verletzungen meiner Pflichten als Verk\u00e4ufer bleibt uneingeschr\u00e4nkt.<\/p>\n<p>Tel. 0157 36200870<\/p>\n<a href=\"http:\/\/www.sabinewenig.de\/myblog\/wp-content\/uploads\/2022\/10\/PTDC1066.jpg\"><img loading=\"lazy\" decoding=\"async\" class=\"size-medium wp-image-123796\" src=\"http:\/\/www.sabinewenig.de\/myblog\/wp-content\/uploads\/2022\/10\/PTDC1066-300x225.jpg\" alt=\"\" width=\"300\" height=\"225\" srcset=\"http:\/\/www.sabinewenig.de\/myblog\/wp-content\/uploads\/2022\/10\/PTDC1066-300x225.jpg 300w, http:\/\/www.sabinewenig.de\/myblog\/wp-content\/uploads\/2022\/10\/PTDC1066.jpg 640w\" sizes=\"auto, (max-width: 300px) 100vw, 300px\" \/><\/a>\n<a href=\"http:\/\/www.sabinewenig.de\/myblog\/wp-content\/uploads\/2022\/10\/PTDC1067-rotated.jpg\"><img loading=\"lazy\" decoding=\"async\" class=\"size-medium wp-image-123797\" src=\"http:\/\/www.sabinewenig.de\/myblog\/wp-content\/uploads\/2022\/10\/PTDC1067-225x300.jpg\" alt=\"\" width=\"225\" height=\"300\" srcset=\"http:\/\/www.sabinewenig.de\/myblog\/wp-content\/uploads\/2022\/10\/PTDC1067-225x300.jpg 225w, http:\/\/www.sabinewenig.de\/myblog\/wp-content\/uploads\/2022\/10\/PTDC1067-rotated.jpg 480w\" sizes=\"auto, (max-width: 225px) 100vw, 225px\" \/><\/a>\n<a href=\"http:\/\/www.sabinewenig.de\/myblog\/wp-content\/uploads\/2022\/10\/PTDC1068-rotated.jpg\"><img loading=\"lazy\" decoding=\"async\" class=\"size-medium wp-image-123798\" src=\"http:\/\/www.sabinewenig.de\/myblog\/wp-content\/uploads\/2022\/10\/PTDC1068-225x300.jpg\" alt=\"\" width=\"225\" height=\"300\" srcset=\"http:\/\/www.sabinewenig.de\/myblog\/wp-content\/uploads\/2022\/10\/PTDC1068-225x300.jpg 225w, http:\/\/www.sabinewenig.de\/myblog\/wp-content\/uploads\/2022\/10\/PTDC1068-rotated.jpg 480w\" sizes=\"auto, (max-width: 225px) 100vw, 225px\" \/><\/a>\n<a href=\"http:\/\/www.sabinewenig.de\/myblog\/wp-content\/uploads\/2022\/10\/PTDC1069-rotated.jpg\"><img loading=\"lazy\" decoding=\"async\" class=\"size-medium wp-image-123799\" src=\"http:\/\/www.sabinewenig.de\/myblog\/wp-content\/uploads\/2022\/10\/PTDC1069-225x300.jpg\" alt=\"\" width=\"225\" height=\"300\" srcset=\"http:\/\/www.sabinewenig.de\/myblog\/wp-content\/uploads\/2022\/10\/PTDC1069-225x300.jpg 225w, http:\/\/www.sabinewenig.de\/myblog\/wp-content\/uploads\/2022\/10\/PTDC1069-rotated.jpg 480w\" sizes=\"auto, (max-width: 225px) 100vw, 225px\" \/><\/a>\n","protected":false},"excerpt":{"rendered":"<p>1* 25 Liter zu 25 Euro 1* 20 Liter zu 20 Euro Gummiverschlu\u00df-Kappen und G\u00e4rr\u00f6hrchen Selbstabholer oder im Umkreis von 15 km von Magdeburg kann auch kostenlos vorbei gebracht werden. Privatverkauf in Magdeburg &#8211; Bertolt-Brecht-Str. 14b Ware benutzt und ges\u00e4ubert &hellip; <a href=\"http:\/\/www.sabinewenig.de\/myblog\/?page_id=123795\">Weiterlesen <span class=\"meta-nav\">&rarr;<\/span><\/a><\/p>\n","protected":false},"author":1,"featured_media":0,"parent":2153,"menu_order":0,"comment_status":"closed","ping_status":"closed","template":"","meta":{"ngg_post_thumbnail":0,"footnotes":""},"class_list":["post-123795","page","type-page","status-publish","hentry"],"_links":{"self":[{"href":"http:\/\/www.sabinewenig.de\/myblog\/index.php?rest_route=\/wp\/v2\/pages\/123795","targetHints":{"allow":["GET"]}}],"collection":[{"href":"http:\/\/www.sabinewenig.de\/myblog\/index.php?rest_route=\/wp\/v2\/pages"}],"about":[{"href":"http:\/\/www.sabinewenig.de\/myblog\/index.php?rest_route=\/wp\/v2\/types\/page"}],"author":[{"embeddable":true,"href":"http:\/\/www.sabinewenig.de\/myblog\/index.php?rest_route=\/wp\/v2\/users\/1"}],"replies":[{"embeddable":true,"href":"http:\/\/www.sabinewenig.de\/myblog\/index.php?rest_route=%2Fwp%2Fv2%2Fcomments&post=123795"}],"version-history":[{"count":0,"href":"http:\/\/www.sabinewenig.de\/myblog\/index.php?rest_route=\/wp\/v2\/pages\/123795\/revisions"}],"up":[{"embeddable":true,"href":"http:\/\/www.sabinewenig.de\/myblog\/index.php?rest_route=\/wp\/v2\/pages\/2153"}],"wp:attachment":[{"href":"http:\/\/www.sabinewenig.de\/myblog\/index.php?rest_route=%2Fwp%2Fv2%2Fmedia&parent=123795"}],"curies":[{"name":"wp","href":"https:\/\/api.w.org\/{rel}","templated":true}]}}