{"id":160923,"date":"2025-02-22T18:43:12","date_gmt":"2025-02-22T17:43:12","guid":{"rendered":"http:\/\/www.sabinewenig.de\/IG-Blog\/?page_id=160923"},"modified":"2025-02-28T20:50:42","modified_gmt":"2025-02-28T19:50:42","slug":"besichtigung-speicher","status":"publish","type":"page","link":"http:\/\/www.sabinewenig.de\/IG-Blog\/?page_id=160923","title":{"rendered":"Besichtigung &#8212; Speicher"},"content":{"rendered":"<p>*********************************<\/p>\n<p>Email :<br \/>\n&#8222;Liebe Mitstreiter, voraussichtlich am 29.03.2019 um 14:00 Uhr k\u00f6nnen wir die beiden Speicher im Wissenschaftshafen (s. Anhang) besichtigen. Einige Bedingungen m\u00fcssen wir erf\u00fcllen: &#8211;das Betreten der Geb\u00e4ude ist nur auf eigene Gefahr und \u00e4u\u00dferster Vorsicht m\u00f6glich;<br \/>\n-Unterschrift unter die Haftungsfreistellung und R\u00fccksendung per E-Mail an mich bis zum 15.03.2019;<br \/>\n-festes Schuhwerk;<br \/>\n-Taschenlampe.<br \/>\nWir treffen uns vor dem Speicher an der Elbe.<br \/>\nMit freundlichen Gr\u00fc\u00dfen<br \/>\n&#8230; &#8220;<\/p>\n<p>*********************************<\/p>\n<p>29.3.2019 :<\/p>\n<p><a href=\"http:\/\/www.sabinewenig.de\/IG-Blog\/wp-content\/uploads\/2025\/02\/SAM_0746-scaled.jpg\" target=\"_blank\" rel=\"noopener\"><img loading=\"lazy\" decoding=\"async\" class=\"alignnone size-medium wp-image-161309\" src=\"http:\/\/www.sabinewenig.de\/IG-Blog\/wp-content\/uploads\/2025\/02\/SAM_0746-300x169.jpg\" alt=\"Rechte Uwe\" width=\"300\" height=\"169\" srcset=\"http:\/\/www.sabinewenig.de\/IG-Blog\/wp-content\/uploads\/2025\/02\/SAM_0746-300x169.jpg 300w, http:\/\/www.sabinewenig.de\/IG-Blog\/wp-content\/uploads\/2025\/02\/SAM_0746-1024x576.jpg 1024w, http:\/\/www.sabinewenig.de\/IG-Blog\/wp-content\/uploads\/2025\/02\/SAM_0746-768x432.jpg 768w, http:\/\/www.sabinewenig.de\/IG-Blog\/wp-content\/uploads\/2025\/02\/SAM_0746-1536x865.jpg 1536w, http:\/\/www.sabinewenig.de\/IG-Blog\/wp-content\/uploads\/2025\/02\/SAM_0746-2048x1153.jpg 2048w\" sizes=\"auto, (max-width: 300px) 100vw, 300px\" \/><\/a>\u00a0\u00a0\u00a0<a href=\"http:\/\/www.sabinewenig.de\/IG-Blog\/wp-content\/uploads\/2025\/02\/SAM_0810-scaled.jpg\" target=\"_blank\" rel=\"noopener\"><img loading=\"lazy\" decoding=\"async\" class=\"alignnone size-medium wp-image-161310\" src=\"http:\/\/www.sabinewenig.de\/IG-Blog\/wp-content\/uploads\/2025\/02\/SAM_0810-300x169.jpg\" alt=\"\" width=\"300\" height=\"169\" srcset=\"http:\/\/www.sabinewenig.de\/IG-Blog\/wp-content\/uploads\/2025\/02\/SAM_0810-300x169.jpg 300w, http:\/\/www.sabinewenig.de\/IG-Blog\/wp-content\/uploads\/2025\/02\/SAM_0810-1024x576.jpg 1024w, http:\/\/www.sabinewenig.de\/IG-Blog\/wp-content\/uploads\/2025\/02\/SAM_0810-768x432.jpg 768w, http:\/\/www.sabinewenig.de\/IG-Blog\/wp-content\/uploads\/2025\/02\/SAM_0810-1536x865.jpg 1536w, http:\/\/www.sabinewenig.de\/IG-Blog\/wp-content\/uploads\/2025\/02\/SAM_0810-2048x1153.jpg 2048w\" sizes=\"auto, (max-width: 300px) 100vw, 300px\" \/><\/a><\/p>\n<p><a href=\"http:\/\/www.sabinewenig.de\/IG-Blog\/wp-content\/uploads\/2025\/02\/SAM_0880-scaled.jpg\" target=\"_blank\" rel=\"noopener\"><img loading=\"lazy\" decoding=\"async\" class=\"alignnone size-medium wp-image-161311\" src=\"http:\/\/www.sabinewenig.de\/IG-Blog\/wp-content\/uploads\/2025\/02\/SAM_0880-300x169.jpg\" alt=\"\" width=\"300\" height=\"169\" srcset=\"http:\/\/www.sabinewenig.de\/IG-Blog\/wp-content\/uploads\/2025\/02\/SAM_0880-300x169.jpg 300w, http:\/\/www.sabinewenig.de\/IG-Blog\/wp-content\/uploads\/2025\/02\/SAM_0880-1024x576.jpg 1024w, http:\/\/www.sabinewenig.de\/IG-Blog\/wp-content\/uploads\/2025\/02\/SAM_0880-768x432.jpg 768w, http:\/\/www.sabinewenig.de\/IG-Blog\/wp-content\/uploads\/2025\/02\/SAM_0880-1536x865.jpg 1536w, http:\/\/www.sabinewenig.de\/IG-Blog\/wp-content\/uploads\/2025\/02\/SAM_0880-2048x1153.jpg 2048w\" sizes=\"auto, (max-width: 300px) 100vw, 300px\" \/><\/a>\u00a0\u00a0\u00a0<a href=\"http:\/\/www.sabinewenig.de\/IG-Blog\/wp-content\/uploads\/2025\/02\/SAM_0927-scaled.jpg\" target=\"_blank\" rel=\"noopener\"><img loading=\"lazy\" decoding=\"async\" class=\"alignnone size-medium wp-image-161312\" src=\"http:\/\/www.sabinewenig.de\/IG-Blog\/wp-content\/uploads\/2025\/02\/SAM_0927-169x300.jpg\" alt=\"\" width=\"169\" height=\"300\" srcset=\"http:\/\/www.sabinewenig.de\/IG-Blog\/wp-content\/uploads\/2025\/02\/SAM_0927-169x300.jpg 169w, http:\/\/www.sabinewenig.de\/IG-Blog\/wp-content\/uploads\/2025\/02\/SAM_0927-576x1024.jpg 576w, http:\/\/www.sabinewenig.de\/IG-Blog\/wp-content\/uploads\/2025\/02\/SAM_0927-768x1364.jpg 768w, http:\/\/www.sabinewenig.de\/IG-Blog\/wp-content\/uploads\/2025\/02\/SAM_0927-865x1536.jpg 865w, http:\/\/www.sabinewenig.de\/IG-Blog\/wp-content\/uploads\/2025\/02\/SAM_0927-1153x2048.jpg 1153w, http:\/\/www.sabinewenig.de\/IG-Blog\/wp-content\/uploads\/2025\/02\/SAM_0927-scaled.jpg 1441w\" sizes=\"auto, (max-width: 169px) 100vw, 169px\" \/><\/a><\/p>\n<p><a href=\"http:\/\/www.sabinewenig.de\/IG-Blog\/wp-content\/uploads\/2025\/02\/SAM_1021-scaled.jpg\" target=\"_blank\" rel=\"noopener\"><img loading=\"lazy\" decoding=\"async\" class=\"alignnone size-medium wp-image-161313\" src=\"http:\/\/www.sabinewenig.de\/IG-Blog\/wp-content\/uploads\/2025\/02\/SAM_1021-300x169.jpg\" alt=\"\" width=\"300\" height=\"169\" srcset=\"http:\/\/www.sabinewenig.de\/IG-Blog\/wp-content\/uploads\/2025\/02\/SAM_1021-300x169.jpg 300w, http:\/\/www.sabinewenig.de\/IG-Blog\/wp-content\/uploads\/2025\/02\/SAM_1021-1024x576.jpg 1024w, http:\/\/www.sabinewenig.de\/IG-Blog\/wp-content\/uploads\/2025\/02\/SAM_1021-768x432.jpg 768w, http:\/\/www.sabinewenig.de\/IG-Blog\/wp-content\/uploads\/2025\/02\/SAM_1021-1536x865.jpg 1536w, http:\/\/www.sabinewenig.de\/IG-Blog\/wp-content\/uploads\/2025\/02\/SAM_1021-2048x1153.jpg 2048w\" sizes=\"auto, (max-width: 300px) 100vw, 300px\" \/><\/a><\/p>\n<p>*********************************<\/p>\n<p>18.4.2012 :<\/p>\n<p><a href=\"http:\/\/www.sabinewenig.de\/IG-Blog\/wp-content\/uploads\/2025\/02\/JD500096-2012-Rechte-Marlies-Kuehne.jpg\" target=\"_blank\" rel=\"noopener\"><img loading=\"lazy\" decoding=\"async\" class=\"alignnone size-medium wp-image-160922\" src=\"http:\/\/www.sabinewenig.de\/IG-Blog\/wp-content\/uploads\/2025\/02\/JD500096-2012-Rechte-Marlies-Kuehne-300x225.jpg\" alt=\"\" width=\"300\" height=\"225\" srcset=\"http:\/\/www.sabinewenig.de\/IG-Blog\/wp-content\/uploads\/2025\/02\/JD500096-2012-Rechte-Marlies-Kuehne-300x225.jpg 300w, http:\/\/www.sabinewenig.de\/IG-Blog\/wp-content\/uploads\/2025\/02\/JD500096-2012-Rechte-Marlies-Kuehne-1024x768.jpg 1024w, http:\/\/www.sabinewenig.de\/IG-Blog\/wp-content\/uploads\/2025\/02\/JD500096-2012-Rechte-Marlies-Kuehne-768x576.jpg 768w, http:\/\/www.sabinewenig.de\/IG-Blog\/wp-content\/uploads\/2025\/02\/JD500096-2012-Rechte-Marlies-Kuehne-1536x1152.jpg 1536w, http:\/\/www.sabinewenig.de\/IG-Blog\/wp-content\/uploads\/2025\/02\/JD500096-2012-Rechte-Marlies-Kuehne.jpg 2048w\" sizes=\"auto, (max-width: 300px) 100vw, 300px\" \/><\/a>\u00a0\u00a0\u00a0<a href=\"http:\/\/www.sabinewenig.de\/IG-Blog\/wp-content\/uploads\/2025\/02\/JD500101-2012-Rechte-Marlies-Kuehne.jpg\" target=\"_blank\" rel=\"noopener\"><img loading=\"lazy\" decoding=\"async\" class=\"alignnone size-medium wp-image-160927\" src=\"http:\/\/www.sabinewenig.de\/IG-Blog\/wp-content\/uploads\/2025\/02\/JD500101-2012-Rechte-Marlies-Kuehne-300x225.jpg\" alt=\"\" width=\"300\" height=\"225\" srcset=\"http:\/\/www.sabinewenig.de\/IG-Blog\/wp-content\/uploads\/2025\/02\/JD500101-2012-Rechte-Marlies-Kuehne-300x225.jpg 300w, http:\/\/www.sabinewenig.de\/IG-Blog\/wp-content\/uploads\/2025\/02\/JD500101-2012-Rechte-Marlies-Kuehne-1024x768.jpg 1024w, http:\/\/www.sabinewenig.de\/IG-Blog\/wp-content\/uploads\/2025\/02\/JD500101-2012-Rechte-Marlies-Kuehne-768x576.jpg 768w, http:\/\/www.sabinewenig.de\/IG-Blog\/wp-content\/uploads\/2025\/02\/JD500101-2012-Rechte-Marlies-Kuehne-1536x1152.jpg 1536w, http:\/\/www.sabinewenig.de\/IG-Blog\/wp-content\/uploads\/2025\/02\/JD500101-2012-Rechte-Marlies-Kuehne.jpg 2048w\" sizes=\"auto, (max-width: 300px) 100vw, 300px\" \/><\/a><\/p>\n<p><a href=\"http:\/\/www.sabinewenig.de\/IG-Blog\/wp-content\/uploads\/2025\/02\/JD500103-2012-Rechte-Marlies-Kuehne.jpg\" target=\"_blank\" rel=\"noopener\"><img loading=\"lazy\" decoding=\"async\" class=\"alignnone size-medium wp-image-160928\" src=\"http:\/\/www.sabinewenig.de\/IG-Blog\/wp-content\/uploads\/2025\/02\/JD500103-2012-Rechte-Marlies-Kuehne-300x225.jpg\" alt=\"\" width=\"300\" height=\"225\" srcset=\"http:\/\/www.sabinewenig.de\/IG-Blog\/wp-content\/uploads\/2025\/02\/JD500103-2012-Rechte-Marlies-Kuehne-300x225.jpg 300w, http:\/\/www.sabinewenig.de\/IG-Blog\/wp-content\/uploads\/2025\/02\/JD500103-2012-Rechte-Marlies-Kuehne-1024x768.jpg 1024w, http:\/\/www.sabinewenig.de\/IG-Blog\/wp-content\/uploads\/2025\/02\/JD500103-2012-Rechte-Marlies-Kuehne-768x576.jpg 768w, http:\/\/www.sabinewenig.de\/IG-Blog\/wp-content\/uploads\/2025\/02\/JD500103-2012-Rechte-Marlies-Kuehne-1536x1152.jpg 1536w, http:\/\/www.sabinewenig.de\/IG-Blog\/wp-content\/uploads\/2025\/02\/JD500103-2012-Rechte-Marlies-Kuehne.jpg 2048w\" sizes=\"auto, (max-width: 300px) 100vw, 300px\" \/><\/a><\/p>\n<p>*********************************<\/p>\n","protected":false},"excerpt":{"rendered":"<p>********************************* Email : &#8222;Liebe Mitstreiter, voraussichtlich am 29.03.2019 um 14:00 Uhr k\u00f6nnen wir die beiden Speicher im Wissenschaftshafen (s. Anhang) besichtigen. Einige Bedingungen m\u00fcssen wir erf\u00fcllen: &#8211;das Betreten der Geb\u00e4ude ist nur auf eigene Gefahr und \u00e4u\u00dferster Vorsicht m\u00f6glich; -Unterschrift &hellip; <a href=\"http:\/\/www.sabinewenig.de\/IG-Blog\/?page_id=160923\">Weiterlesen <span class=\"meta-nav\">&rarr;<\/span><\/a><\/p>\n","protected":false},"author":1,"featured_media":0,"parent":161529,"menu_order":0,"comment_status":"closed","ping_status":"closed","template":"","meta":{"footnotes":""},"class_list":["post-160923","page","type-page","status-publish","hentry"],"_links":{"self":[{"href":"http:\/\/www.sabinewenig.de\/IG-Blog\/index.php?rest_route=\/wp\/v2\/pages\/160923","targetHints":{"allow":["GET"]}}],"collection":[{"href":"http:\/\/www.sabinewenig.de\/IG-Blog\/index.php?rest_route=\/wp\/v2\/pages"}],"about":[{"href":"http:\/\/www.sabinewenig.de\/IG-Blog\/index.php?rest_route=\/wp\/v2\/types\/page"}],"author":[{"embeddable":true,"href":"http:\/\/www.sabinewenig.de\/IG-Blog\/index.php?rest_route=\/wp\/v2\/users\/1"}],"replies":[{"embeddable":true,"href":"http:\/\/www.sabinewenig.de\/IG-Blog\/index.php?rest_route=%2Fwp%2Fv2%2Fcomments&post=160923"}],"version-history":[{"count":0,"href":"http:\/\/www.sabinewenig.de\/IG-Blog\/index.php?rest_route=\/wp\/v2\/pages\/160923\/revisions"}],"up":[{"embeddable":true,"href":"http:\/\/www.sabinewenig.de\/IG-Blog\/index.php?rest_route=\/wp\/v2\/pages\/161529"}],"wp:attachment":[{"href":"http:\/\/www.sabinewenig.de\/IG-Blog\/index.php?rest_route=%2Fwp%2Fv2%2Fmedia&parent=160923"}],"curies":[{"name":"wp","href":"https:\/\/api.w.org\/{rel}","templated":true}]}}