{"id":160807,"date":"2025-02-20T13:21:45","date_gmt":"2025-02-20T12:21:45","guid":{"rendered":"http:\/\/www.sabinewenig.de\/IG-Blog\/?page_id=160807"},"modified":"2025-02-28T21:10:34","modified_gmt":"2025-02-28T20:10:34","slug":"eroeffnung-neue-strassenbahn-linie-wiener-strasse","status":"publish","type":"page","link":"http:\/\/www.sabinewenig.de\/IG-Blog\/?page_id=160807","title":{"rendered":"Er\u00f6ffnung Neue Stra\u00dfenbahn-Linie Wiener Stra\u00dfe"},"content":{"rendered":"<p>*********************************<\/p>\n<p>8.8.2018 :<\/p>\n<p><a href=\"http:\/\/www.sabinewenig.de\/IG-Blog\/wp-content\/uploads\/2025\/02\/P1170439-scaled.jpg\" target=\"_blank\"><img loading=\"lazy\" decoding=\"async\" src=\"http:\/\/www.sabinewenig.de\/IG-Blog\/wp-content\/uploads\/2025\/02\/P1170439-300x200.jpg\" alt=\"\" width=\"300\" height=\"200\" class=\"alignnone size-medium wp-image-160808\" srcset=\"http:\/\/www.sabinewenig.de\/IG-Blog\/wp-content\/uploads\/2025\/02\/P1170439-300x200.jpg 300w, http:\/\/www.sabinewenig.de\/IG-Blog\/wp-content\/uploads\/2025\/02\/P1170439-1024x683.jpg 1024w, http:\/\/www.sabinewenig.de\/IG-Blog\/wp-content\/uploads\/2025\/02\/P1170439-768x512.jpg 768w, http:\/\/www.sabinewenig.de\/IG-Blog\/wp-content\/uploads\/2025\/02\/P1170439-1536x1024.jpg 1536w, http:\/\/www.sabinewenig.de\/IG-Blog\/wp-content\/uploads\/2025\/02\/P1170439-2048x1365.jpg 2048w\" sizes=\"auto, (max-width: 300px) 100vw, 300px\" \/><\/a>&nbsp;&nbsp;&nbsp;<a href=\"http:\/\/www.sabinewenig.de\/IG-Blog\/wp-content\/uploads\/2025\/02\/P1170450-scaled.jpg\" target=\"_blank\"><img loading=\"lazy\" decoding=\"async\" src=\"http:\/\/www.sabinewenig.de\/IG-Blog\/wp-content\/uploads\/2025\/02\/P1170450-300x200.jpg\" alt=\"\" width=\"300\" height=\"200\" class=\"alignnone size-medium wp-image-160809\" srcset=\"http:\/\/www.sabinewenig.de\/IG-Blog\/wp-content\/uploads\/2025\/02\/P1170450-300x200.jpg 300w, http:\/\/www.sabinewenig.de\/IG-Blog\/wp-content\/uploads\/2025\/02\/P1170450-1024x683.jpg 1024w, http:\/\/www.sabinewenig.de\/IG-Blog\/wp-content\/uploads\/2025\/02\/P1170450-768x512.jpg 768w, http:\/\/www.sabinewenig.de\/IG-Blog\/wp-content\/uploads\/2025\/02\/P1170450-1536x1024.jpg 1536w, http:\/\/www.sabinewenig.de\/IG-Blog\/wp-content\/uploads\/2025\/02\/P1170450-2048x1365.jpg 2048w\" sizes=\"auto, (max-width: 300px) 100vw, 300px\" \/><\/a><\/p>\n<p><a href=\"http:\/\/www.sabinewenig.de\/IG-Blog\/wp-content\/uploads\/2025\/02\/P1170454-scaled.jpg\" target=\"_blank\"><img loading=\"lazy\" decoding=\"async\" src=\"http:\/\/www.sabinewenig.de\/IG-Blog\/wp-content\/uploads\/2025\/02\/P1170454-300x200.jpg\" alt=\"\" width=\"300\" height=\"200\" class=\"alignnone size-medium wp-image-160810\" srcset=\"http:\/\/www.sabinewenig.de\/IG-Blog\/wp-content\/uploads\/2025\/02\/P1170454-300x200.jpg 300w, http:\/\/www.sabinewenig.de\/IG-Blog\/wp-content\/uploads\/2025\/02\/P1170454-1024x683.jpg 1024w, http:\/\/www.sabinewenig.de\/IG-Blog\/wp-content\/uploads\/2025\/02\/P1170454-768x512.jpg 768w, http:\/\/www.sabinewenig.de\/IG-Blog\/wp-content\/uploads\/2025\/02\/P1170454-1536x1024.jpg 1536w, http:\/\/www.sabinewenig.de\/IG-Blog\/wp-content\/uploads\/2025\/02\/P1170454-2048x1365.jpg 2048w\" sizes=\"auto, (max-width: 300px) 100vw, 300px\" \/><\/a>&nbsp;&nbsp;&nbsp;<a href=\"http:\/\/www.sabinewenig.de\/IG-Blog\/wp-content\/uploads\/2025\/02\/P1170455-scaled.jpg\" target=\"_blank\"><img loading=\"lazy\" decoding=\"async\" src=\"http:\/\/www.sabinewenig.de\/IG-Blog\/wp-content\/uploads\/2025\/02\/P1170455-300x200.jpg\" alt=\"\" width=\"300\" height=\"200\" class=\"alignnone size-medium wp-image-160811\" srcset=\"http:\/\/www.sabinewenig.de\/IG-Blog\/wp-content\/uploads\/2025\/02\/P1170455-300x200.jpg 300w, http:\/\/www.sabinewenig.de\/IG-Blog\/wp-content\/uploads\/2025\/02\/P1170455-1024x683.jpg 1024w, http:\/\/www.sabinewenig.de\/IG-Blog\/wp-content\/uploads\/2025\/02\/P1170455-768x512.jpg 768w, http:\/\/www.sabinewenig.de\/IG-Blog\/wp-content\/uploads\/2025\/02\/P1170455-1536x1024.jpg 1536w, http:\/\/www.sabinewenig.de\/IG-Blog\/wp-content\/uploads\/2025\/02\/P1170455-2048x1365.jpg 2048w\" sizes=\"auto, (max-width: 300px) 100vw, 300px\" \/><\/a><\/p>\n<p><a href=\"http:\/\/www.sabinewenig.de\/IG-Blog\/wp-content\/uploads\/2025\/02\/P1170458-scaled.jpg\" target=\"_blank\"><img loading=\"lazy\" decoding=\"async\" src=\"http:\/\/www.sabinewenig.de\/IG-Blog\/wp-content\/uploads\/2025\/02\/P1170458-300x200.jpg\" alt=\"\" width=\"300\" height=\"200\" class=\"alignnone size-medium wp-image-160812\" srcset=\"http:\/\/www.sabinewenig.de\/IG-Blog\/wp-content\/uploads\/2025\/02\/P1170458-300x200.jpg 300w, http:\/\/www.sabinewenig.de\/IG-Blog\/wp-content\/uploads\/2025\/02\/P1170458-1024x683.jpg 1024w, http:\/\/www.sabinewenig.de\/IG-Blog\/wp-content\/uploads\/2025\/02\/P1170458-768x512.jpg 768w, http:\/\/www.sabinewenig.de\/IG-Blog\/wp-content\/uploads\/2025\/02\/P1170458-1536x1024.jpg 1536w, http:\/\/www.sabinewenig.de\/IG-Blog\/wp-content\/uploads\/2025\/02\/P1170458-2048x1365.jpg 2048w\" sizes=\"auto, (max-width: 300px) 100vw, 300px\" \/><\/a>&nbsp;&nbsp;&nbsp;<a href=\"http:\/\/www.sabinewenig.de\/IG-Blog\/wp-content\/uploads\/2025\/02\/P1170459-scaled.jpg\" target=\"_blank\"><img loading=\"lazy\" decoding=\"async\" src=\"http:\/\/www.sabinewenig.de\/IG-Blog\/wp-content\/uploads\/2025\/02\/P1170459-200x300.jpg\" alt=\"\" width=\"200\" height=\"300\" class=\"alignnone size-medium wp-image-160813\" srcset=\"http:\/\/www.sabinewenig.de\/IG-Blog\/wp-content\/uploads\/2025\/02\/P1170459-200x300.jpg 200w, http:\/\/www.sabinewenig.de\/IG-Blog\/wp-content\/uploads\/2025\/02\/P1170459-683x1024.jpg 683w, http:\/\/www.sabinewenig.de\/IG-Blog\/wp-content\/uploads\/2025\/02\/P1170459-768x1152.jpg 768w, http:\/\/www.sabinewenig.de\/IG-Blog\/wp-content\/uploads\/2025\/02\/P1170459-1024x1536.jpg 1024w, http:\/\/www.sabinewenig.de\/IG-Blog\/wp-content\/uploads\/2025\/02\/P1170459-1365x2048.jpg 1365w, http:\/\/www.sabinewenig.de\/IG-Blog\/wp-content\/uploads\/2025\/02\/P1170459-scaled.jpg 1707w\" sizes=\"auto, (max-width: 200px) 100vw, 200px\" \/><\/a><\/p>\n<p><a href=\"http:\/\/www.sabinewenig.de\/IG-Blog\/wp-content\/uploads\/2025\/02\/P1170485-scaled.jpg\" target=\"_blank\"><img loading=\"lazy\" decoding=\"async\" src=\"http:\/\/www.sabinewenig.de\/IG-Blog\/wp-content\/uploads\/2025\/02\/P1170485-300x200.jpg\" alt=\"\" width=\"300\" height=\"200\" class=\"alignnone size-medium wp-image-160814\" srcset=\"http:\/\/www.sabinewenig.de\/IG-Blog\/wp-content\/uploads\/2025\/02\/P1170485-300x200.jpg 300w, http:\/\/www.sabinewenig.de\/IG-Blog\/wp-content\/uploads\/2025\/02\/P1170485-1024x683.jpg 1024w, http:\/\/www.sabinewenig.de\/IG-Blog\/wp-content\/uploads\/2025\/02\/P1170485-768x512.jpg 768w, http:\/\/www.sabinewenig.de\/IG-Blog\/wp-content\/uploads\/2025\/02\/P1170485-1536x1024.jpg 1536w, http:\/\/www.sabinewenig.de\/IG-Blog\/wp-content\/uploads\/2025\/02\/P1170485-2048x1365.jpg 2048w\" sizes=\"auto, (max-width: 300px) 100vw, 300px\" \/><\/a>&nbsp;&nbsp;&nbsp;<a href=\"http:\/\/www.sabinewenig.de\/IG-Blog\/wp-content\/uploads\/2025\/02\/P1170502-scaled.jpg\" target=\"_blank\"><img loading=\"lazy\" decoding=\"async\" src=\"http:\/\/www.sabinewenig.de\/IG-Blog\/wp-content\/uploads\/2025\/02\/P1170502-300x200.jpg\" alt=\"\" width=\"300\" height=\"200\" class=\"alignnone size-medium wp-image-160815\" srcset=\"http:\/\/www.sabinewenig.de\/IG-Blog\/wp-content\/uploads\/2025\/02\/P1170502-300x200.jpg 300w, http:\/\/www.sabinewenig.de\/IG-Blog\/wp-content\/uploads\/2025\/02\/P1170502-1024x683.jpg 1024w, http:\/\/www.sabinewenig.de\/IG-Blog\/wp-content\/uploads\/2025\/02\/P1170502-768x512.jpg 768w, http:\/\/www.sabinewenig.de\/IG-Blog\/wp-content\/uploads\/2025\/02\/P1170502-1536x1024.jpg 1536w, http:\/\/www.sabinewenig.de\/IG-Blog\/wp-content\/uploads\/2025\/02\/P1170502-2048x1365.jpg 2048w\" sizes=\"auto, (max-width: 300px) 100vw, 300px\" \/><\/a><\/p>\n<p>*********************************<\/p>\n","protected":false},"excerpt":{"rendered":"<p>********************************* 8.8.2018 : &nbsp;&nbsp;&nbsp; &nbsp;&nbsp;&nbsp; &nbsp;&nbsp;&nbsp; &nbsp;&nbsp;&nbsp; *********************************<\/p>\n","protected":false},"author":1,"featured_media":0,"parent":161554,"menu_order":0,"comment_status":"closed","ping_status":"closed","template":"","meta":{"footnotes":""},"class_list":["post-160807","page","type-page","status-publish","hentry"],"_links":{"self":[{"href":"http:\/\/www.sabinewenig.de\/IG-Blog\/index.php?rest_route=\/wp\/v2\/pages\/160807","targetHints":{"allow":["GET"]}}],"collection":[{"href":"http:\/\/www.sabinewenig.de\/IG-Blog\/index.php?rest_route=\/wp\/v2\/pages"}],"about":[{"href":"http:\/\/www.sabinewenig.de\/IG-Blog\/index.php?rest_route=\/wp\/v2\/types\/page"}],"author":[{"embeddable":true,"href":"http:\/\/www.sabinewenig.de\/IG-Blog\/index.php?rest_route=\/wp\/v2\/users\/1"}],"replies":[{"embeddable":true,"href":"http:\/\/www.sabinewenig.de\/IG-Blog\/index.php?rest_route=%2Fwp%2Fv2%2Fcomments&post=160807"}],"version-history":[{"count":0,"href":"http:\/\/www.sabinewenig.de\/IG-Blog\/index.php?rest_route=\/wp\/v2\/pages\/160807\/revisions"}],"up":[{"embeddable":true,"href":"http:\/\/www.sabinewenig.de\/IG-Blog\/index.php?rest_route=\/wp\/v2\/pages\/161554"}],"wp:attachment":[{"href":"http:\/\/www.sabinewenig.de\/IG-Blog\/index.php?rest_route=%2Fwp%2Fv2%2Fmedia&parent=160807"}],"curies":[{"name":"wp","href":"https:\/\/api.w.org\/{rel}","templated":true}]}}