{"id":158542,"date":"2025-02-09T17:30:21","date_gmt":"2025-02-09T16:30:21","guid":{"rendered":"http:\/\/www.sabinewenig.de\/IG-Blog\/?page_id=158542"},"modified":"2025-02-09T20:54:53","modified_gmt":"2025-02-09T19:54:53","slug":"gaestebuch","status":"publish","type":"page","link":"http:\/\/www.sabinewenig.de\/IG-Blog\/?page_id=158542","title":{"rendered":"G\u00e4stebuch"},"content":{"rendered":"<p>*********************************<\/p>\n<p>Hallo,<\/p>\n<p>ich w\u00fcrde mich \u00fcber Eintr\u00e4ge freuen &#8211; schreibt einfach an <\/p>\n<p><a href=\"mailto:info@sabinewenig.de\">info@sabinewenig.de<\/a><\/p>\n<p>Eure Sabine Wenig<br \/>\nWebdesignerin des IG-Blog\u00b4s<\/p>\n<p>*********************************<\/p>\n","protected":false},"excerpt":{"rendered":"<p>********************************* Hallo, ich w\u00fcrde mich \u00fcber Eintr\u00e4ge freuen &#8211; schreibt einfach an info@sabinewenig.de Eure Sabine Wenig Webdesignerin des IG-Blog\u00b4s *********************************<\/p>\n","protected":false},"author":1,"featured_media":0,"parent":0,"menu_order":12,"comment_status":"closed","ping_status":"closed","template":"","meta":{"footnotes":""},"class_list":["post-158542","page","type-page","status-publish","hentry"],"_links":{"self":[{"href":"http:\/\/www.sabinewenig.de\/IG-Blog\/index.php?rest_route=\/wp\/v2\/pages\/158542","targetHints":{"allow":["GET"]}}],"collection":[{"href":"http:\/\/www.sabinewenig.de\/IG-Blog\/index.php?rest_route=\/wp\/v2\/pages"}],"about":[{"href":"http:\/\/www.sabinewenig.de\/IG-Blog\/index.php?rest_route=\/wp\/v2\/types\/page"}],"author":[{"embeddable":true,"href":"http:\/\/www.sabinewenig.de\/IG-Blog\/index.php?rest_route=\/wp\/v2\/users\/1"}],"replies":[{"embeddable":true,"href":"http:\/\/www.sabinewenig.de\/IG-Blog\/index.php?rest_route=%2Fwp%2Fv2%2Fcomments&post=158542"}],"version-history":[{"count":0,"href":"http:\/\/www.sabinewenig.de\/IG-Blog\/index.php?rest_route=\/wp\/v2\/pages\/158542\/revisions"}],"wp:attachment":[{"href":"http:\/\/www.sabinewenig.de\/IG-Blog\/index.php?rest_route=%2Fwp%2Fv2%2Fmedia&parent=158542"}],"curies":[{"name":"wp","href":"https:\/\/api.w.org\/{rel}","templated":true}]}}