{"id":158457,"date":"2025-02-09T01:54:37","date_gmt":"2025-02-09T00:54:37","guid":{"rendered":"http:\/\/www.sabinewenig.de\/IG-Blog\/?page_id=158457"},"modified":"2025-02-12T22:11:42","modified_gmt":"2025-02-12T21:11:42","slug":"vereinsarbeit","status":"publish","type":"page","link":"http:\/\/www.sabinewenig.de\/IG-Blog\/?page_id=158457","title":{"rendered":"Vereinsarbeit"},"content":{"rendered":"<p>*********************************<\/p>\n<p>Die IG Altes Magdeburg e.V. sammelt altes Material aus Magdeburg und scannt es ein, arbeitet es auf, archiviert es und verarbeitet es in Ausstellungen und Vortr\u00e4gen. <\/p>\n<p>Doch wo f\u00e4ngt &#8222;alt&#8220; schon an ? Bei Tilly 1631 oder bei den ersten Bildaufnahmen bzw. Filmaufnahmen &#8211; selbst die Zeitung von gestern ist heute schon alt. Alt ist relativ.<\/p>\n<p>Der Verein stellt auch &#8222;alt-neuer-jetzt&#8220; gegen\u00fcber &#8211; soll hei\u00dfen : wir knippsen auch selber in der Jetztzeit oder Geb\u00e4ude, die abgerissen oder umgebaut werden.<\/p>\n<p>Haben Sie noch alte Dachbodenfunde oder erben vielleicht von Ihren verstorbenen Verwandten alte Aufnahmen &#8211; immer her damit, wir suchen st\u00e4ndig Foto\u00b4s, Filme, Zeitungsausschnitte bis hin zu Dias oder Negative &#8211; nat\u00fcrlich gehen wir damit sorgsam um und Sie bekommen das Material danach sofort zur\u00fcck &#8211; oder Sie \u00fcberlassen es dem Verein als Schenkung, wenn Sie nicht wissen wohin damit.<\/p>\n<p>Wir sind auch st\u00e4ndig auf der Suche nach neuen Mitgliedern &#8211; also wenn Sie Lust und Interesse haben, einfach vorbei kommen :<br \/>\njeden letzten Montag im Monat in der Stadtbibliothek um 16 Uhr.<\/p>\n<p>*********************************<\/p>\n<p>31.5.2011 :<\/p>\n<p><a href=\"http:\/\/www.sabinewenig.de\/IG-Blog\/wp-content\/uploads\/2025\/02\/12_Marlies_Dieter-_Gert_Dienemann.jpg\" target=\"_blank\"><img loading=\"lazy\" decoding=\"async\" src=\"http:\/\/www.sabinewenig.de\/IG-Blog\/wp-content\/uploads\/2025\/02\/12_Marlies_Dieter-_Gert_Dienemann-300x199.jpg\" alt=\"\" width=\"300\" height=\"199\" class=\"alignnone size-medium wp-image-159149\" srcset=\"http:\/\/www.sabinewenig.de\/IG-Blog\/wp-content\/uploads\/2025\/02\/12_Marlies_Dieter-_Gert_Dienemann-300x199.jpg 300w, http:\/\/www.sabinewenig.de\/IG-Blog\/wp-content\/uploads\/2025\/02\/12_Marlies_Dieter-_Gert_Dienemann-1024x679.jpg 1024w, http:\/\/www.sabinewenig.de\/IG-Blog\/wp-content\/uploads\/2025\/02\/12_Marlies_Dieter-_Gert_Dienemann-768x510.jpg 768w, http:\/\/www.sabinewenig.de\/IG-Blog\/wp-content\/uploads\/2025\/02\/12_Marlies_Dieter-_Gert_Dienemann-1536x1019.jpg 1536w, http:\/\/www.sabinewenig.de\/IG-Blog\/wp-content\/uploads\/2025\/02\/12_Marlies_Dieter-_Gert_Dienemann.jpg 1792w\" sizes=\"auto, (max-width: 300px) 100vw, 300px\" \/><\/a>&nbsp;&nbsp;&nbsp;<a href=\"http:\/\/www.sabinewenig.de\/IG-Blog\/wp-content\/uploads\/2025\/02\/13_Marlies_Dieter-_Gert_Dienemann.jpg\"  target=\"_blank\"><img loading=\"lazy\" decoding=\"async\" src=\"http:\/\/www.sabinewenig.de\/IG-Blog\/wp-content\/uploads\/2025\/02\/13_Marlies_Dieter-_Gert_Dienemann-300x203.jpg\" alt=\"\" width=\"300\" height=\"203\" class=\"alignnone size-medium wp-image-159152\" srcset=\"http:\/\/www.sabinewenig.de\/IG-Blog\/wp-content\/uploads\/2025\/02\/13_Marlies_Dieter-_Gert_Dienemann-300x203.jpg 300w, http:\/\/www.sabinewenig.de\/IG-Blog\/wp-content\/uploads\/2025\/02\/13_Marlies_Dieter-_Gert_Dienemann-1024x692.jpg 1024w, http:\/\/www.sabinewenig.de\/IG-Blog\/wp-content\/uploads\/2025\/02\/13_Marlies_Dieter-_Gert_Dienemann-768x519.jpg 768w, http:\/\/www.sabinewenig.de\/IG-Blog\/wp-content\/uploads\/2025\/02\/13_Marlies_Dieter-_Gert_Dienemann-1536x1038.jpg 1536w, http:\/\/www.sabinewenig.de\/IG-Blog\/wp-content\/uploads\/2025\/02\/13_Marlies_Dieter-_Gert_Dienemann.jpg 1782w\" sizes=\"auto, (max-width: 300px) 100vw, 300px\" \/><\/a><\/p>\n<p>*********************************<\/p>\n<p>2005 :<\/p>\n<p><a href=\"http:\/\/www.sabinewenig.de\/IG-Blog\/wp-content\/uploads\/2025\/02\/Bild_006.jpg\" target=\"_blank\"><img loading=\"lazy\" decoding=\"async\" src=\"http:\/\/www.sabinewenig.de\/IG-Blog\/wp-content\/uploads\/2025\/02\/Bild_006-203x300.jpg\" alt=\"\" width=\"203\" height=\"300\" class=\"alignnone size-medium wp-image-159195\" srcset=\"http:\/\/www.sabinewenig.de\/IG-Blog\/wp-content\/uploads\/2025\/02\/Bild_006-203x300.jpg 203w, http:\/\/www.sabinewenig.de\/IG-Blog\/wp-content\/uploads\/2025\/02\/Bild_006-695x1024.jpg 695w, http:\/\/www.sabinewenig.de\/IG-Blog\/wp-content\/uploads\/2025\/02\/Bild_006-768x1132.jpg 768w, http:\/\/www.sabinewenig.de\/IG-Blog\/wp-content\/uploads\/2025\/02\/Bild_006-1042x1536.jpg 1042w, http:\/\/www.sabinewenig.de\/IG-Blog\/wp-content\/uploads\/2025\/02\/Bild_006.jpg 1202w\" sizes=\"auto, (max-width: 203px) 100vw, 203px\" \/><\/a>&nbsp;&nbsp;&nbsp;<a href=\"http:\/\/www.sabinewenig.de\/IG-Blog\/wp-content\/uploads\/2025\/02\/Bild_013.jpg\" target=\"_blank\"><img loading=\"lazy\" decoding=\"async\" src=\"http:\/\/www.sabinewenig.de\/IG-Blog\/wp-content\/uploads\/2025\/02\/Bild_013-300x201.jpg\" alt=\"\" width=\"300\" height=\"201\" class=\"alignnone size-medium wp-image-159196\" srcset=\"http:\/\/www.sabinewenig.de\/IG-Blog\/wp-content\/uploads\/2025\/02\/Bild_013-300x201.jpg 300w, http:\/\/www.sabinewenig.de\/IG-Blog\/wp-content\/uploads\/2025\/02\/Bild_013-1024x685.jpg 1024w, http:\/\/www.sabinewenig.de\/IG-Blog\/wp-content\/uploads\/2025\/02\/Bild_013-768x514.jpg 768w, http:\/\/www.sabinewenig.de\/IG-Blog\/wp-content\/uploads\/2025\/02\/Bild_013-1536x1027.jpg 1536w, http:\/\/www.sabinewenig.de\/IG-Blog\/wp-content\/uploads\/2025\/02\/Bild_013.jpg 1772w\" sizes=\"auto, (max-width: 300px) 100vw, 300px\" \/><\/a><\/p>\n<p><a href=\"http:\/\/www.sabinewenig.de\/IG-Blog\/wp-content\/uploads\/2025\/02\/Bild_035.jpg\" target=\"_blank\"><img loading=\"lazy\" decoding=\"async\" src=\"http:\/\/www.sabinewenig.de\/IG-Blog\/wp-content\/uploads\/2025\/02\/Bild_035-300x204.jpg\" alt=\"\" width=\"300\" height=\"204\" class=\"alignnone size-medium wp-image-159197\" srcset=\"http:\/\/www.sabinewenig.de\/IG-Blog\/wp-content\/uploads\/2025\/02\/Bild_035-300x204.jpg 300w, http:\/\/www.sabinewenig.de\/IG-Blog\/wp-content\/uploads\/2025\/02\/Bild_035-1024x697.jpg 1024w, http:\/\/www.sabinewenig.de\/IG-Blog\/wp-content\/uploads\/2025\/02\/Bild_035-768x523.jpg 768w, http:\/\/www.sabinewenig.de\/IG-Blog\/wp-content\/uploads\/2025\/02\/Bild_035-1536x1046.jpg 1536w, http:\/\/www.sabinewenig.de\/IG-Blog\/wp-content\/uploads\/2025\/02\/Bild_035.jpg 1772w\" sizes=\"auto, (max-width: 300px) 100vw, 300px\" \/><\/a><\/p>\n<p>*********************************<\/p>\n<p>2007 :<\/p>\n<p><a href=\"http:\/\/www.sabinewenig.de\/IG-Blog\/wp-content\/uploads\/2025\/02\/DSC02180-scaled.jpg\" target=\"_blank\"><img loading=\"lazy\" decoding=\"async\" src=\"http:\/\/www.sabinewenig.de\/IG-Blog\/wp-content\/uploads\/2025\/02\/DSC02180-300x225.jpg\" alt=\"\" width=\"300\" height=\"225\" class=\"alignnone size-medium wp-image-159198\" srcset=\"http:\/\/www.sabinewenig.de\/IG-Blog\/wp-content\/uploads\/2025\/02\/DSC02180-300x225.jpg 300w, http:\/\/www.sabinewenig.de\/IG-Blog\/wp-content\/uploads\/2025\/02\/DSC02180-1024x768.jpg 1024w, http:\/\/www.sabinewenig.de\/IG-Blog\/wp-content\/uploads\/2025\/02\/DSC02180-768x576.jpg 768w, http:\/\/www.sabinewenig.de\/IG-Blog\/wp-content\/uploads\/2025\/02\/DSC02180-1536x1152.jpg 1536w, http:\/\/www.sabinewenig.de\/IG-Blog\/wp-content\/uploads\/2025\/02\/DSC02180-2048x1536.jpg 2048w\" sizes=\"auto, (max-width: 300px) 100vw, 300px\" \/><\/a>&nbsp;&nbsp;&nbsp;<a href=\"http:\/\/www.sabinewenig.de\/IG-Blog\/wp-content\/uploads\/2025\/02\/DSC02210-scaled.jpg\" target=\"_blank\"><img loading=\"lazy\" decoding=\"async\" src=\"http:\/\/www.sabinewenig.de\/IG-Blog\/wp-content\/uploads\/2025\/02\/DSC02210-300x225.jpg\" alt=\"\" width=\"300\" height=\"225\" class=\"alignnone size-medium wp-image-159202\" srcset=\"http:\/\/www.sabinewenig.de\/IG-Blog\/wp-content\/uploads\/2025\/02\/DSC02210-300x225.jpg 300w, http:\/\/www.sabinewenig.de\/IG-Blog\/wp-content\/uploads\/2025\/02\/DSC02210-1024x768.jpg 1024w, http:\/\/www.sabinewenig.de\/IG-Blog\/wp-content\/uploads\/2025\/02\/DSC02210-768x576.jpg 768w, http:\/\/www.sabinewenig.de\/IG-Blog\/wp-content\/uploads\/2025\/02\/DSC02210-1536x1152.jpg 1536w, http:\/\/www.sabinewenig.de\/IG-Blog\/wp-content\/uploads\/2025\/02\/DSC02210-2048x1536.jpg 2048w\" sizes=\"auto, (max-width: 300px) 100vw, 300px\" \/><\/a><\/p>\n<p><a href=\"http:\/\/www.sabinewenig.de\/IG-Blog\/wp-content\/uploads\/2025\/02\/DSC02241-scaled.jpg\" target=\"_blank\"><img loading=\"lazy\" decoding=\"async\" src=\"http:\/\/www.sabinewenig.de\/IG-Blog\/wp-content\/uploads\/2025\/02\/DSC02241-300x225.jpg\" alt=\"\" width=\"300\" height=\"225\" class=\"alignnone size-medium wp-image-159203\" srcset=\"http:\/\/www.sabinewenig.de\/IG-Blog\/wp-content\/uploads\/2025\/02\/DSC02241-300x225.jpg 300w, http:\/\/www.sabinewenig.de\/IG-Blog\/wp-content\/uploads\/2025\/02\/DSC02241-1024x768.jpg 1024w, http:\/\/www.sabinewenig.de\/IG-Blog\/wp-content\/uploads\/2025\/02\/DSC02241-768x576.jpg 768w, http:\/\/www.sabinewenig.de\/IG-Blog\/wp-content\/uploads\/2025\/02\/DSC02241-1536x1152.jpg 1536w, http:\/\/www.sabinewenig.de\/IG-Blog\/wp-content\/uploads\/2025\/02\/DSC02241-2048x1536.jpg 2048w\" sizes=\"auto, (max-width: 300px) 100vw, 300px\" \/><\/a><\/p>\n<p>*********************************<\/p>\n<p>2001:<\/p>\n<p><a href=\"http:\/\/www.sabinewenig.de\/IG-Blog\/wp-content\/uploads\/2025\/02\/Fotopirsch-2.jpg\" target=\"_blank\"><img loading=\"lazy\" decoding=\"async\" src=\"http:\/\/www.sabinewenig.de\/IG-Blog\/wp-content\/uploads\/2025\/02\/Fotopirsch-2-300x225.jpg\" alt=\"\" width=\"300\" height=\"225\" class=\"size-medium wp-image-159200\" srcset=\"http:\/\/www.sabinewenig.de\/IG-Blog\/wp-content\/uploads\/2025\/02\/Fotopirsch-2-300x225.jpg 300w, http:\/\/www.sabinewenig.de\/IG-Blog\/wp-content\/uploads\/2025\/02\/Fotopirsch-2.jpg 568w\" sizes=\"auto, (max-width: 300px) 100vw, 300px\" \/><\/a>&nbsp;&nbsp;&nbsp;<a href=\"http:\/\/www.sabinewenig.de\/IG-Blog\/wp-content\/uploads\/2025\/02\/Fotopirsch-Kauder.jpg\" target=\"_blank\"><img loading=\"lazy\" decoding=\"async\" src=\"http:\/\/www.sabinewenig.de\/IG-Blog\/wp-content\/uploads\/2025\/02\/Fotopirsch-Kauder-300x225.jpg\" alt=\"\" width=\"300\" height=\"225\" class=\"size-medium wp-image-159199\" srcset=\"http:\/\/www.sabinewenig.de\/IG-Blog\/wp-content\/uploads\/2025\/02\/Fotopirsch-Kauder-300x225.jpg 300w, http:\/\/www.sabinewenig.de\/IG-Blog\/wp-content\/uploads\/2025\/02\/Fotopirsch-Kauder.jpg 568w\" sizes=\"auto, (max-width: 300px) 100vw, 300px\" \/><\/a><\/p>\n<p>*********************************<\/p>\n<p>2017 :<\/p>\n<p><a href=\"http:\/\/www.sabinewenig.de\/IG-Blog\/wp-content\/uploads\/2025\/02\/BD-scaled.jpg\"><img loading=\"lazy\" decoding=\"async\" src=\"http:\/\/www.sabinewenig.de\/IG-Blog\/wp-content\/uploads\/2025\/02\/BD-300x186.jpg\" alt=\"\" width=\"300\" height=\"186\" class=\"alignnone size-medium wp-image-159279\" srcset=\"http:\/\/www.sabinewenig.de\/IG-Blog\/wp-content\/uploads\/2025\/02\/BD-300x186.jpg 300w, http:\/\/www.sabinewenig.de\/IG-Blog\/wp-content\/uploads\/2025\/02\/BD-1024x636.jpg 1024w, http:\/\/www.sabinewenig.de\/IG-Blog\/wp-content\/uploads\/2025\/02\/BD-768x477.jpg 768w, http:\/\/www.sabinewenig.de\/IG-Blog\/wp-content\/uploads\/2025\/02\/BD-1536x954.jpg 1536w, http:\/\/www.sabinewenig.de\/IG-Blog\/wp-content\/uploads\/2025\/02\/BD-2048x1272.jpg 2048w\" sizes=\"auto, (max-width: 300px) 100vw, 300px\" \/><\/a><\/p>\n<p>*********************************<\/p>\n","protected":false},"excerpt":{"rendered":"<p>********************************* Die IG Altes Magdeburg e.V. sammelt altes Material aus Magdeburg und scannt es ein, arbeitet es auf, archiviert es und verarbeitet es in Ausstellungen und Vortr\u00e4gen. Doch wo f\u00e4ngt &#8222;alt&#8220; schon an ? Bei Tilly 1631 oder bei den &hellip; <a href=\"http:\/\/www.sabinewenig.de\/IG-Blog\/?page_id=158457\">Weiterlesen <span class=\"meta-nav\">&rarr;<\/span><\/a><\/p>\n","protected":false},"author":1,"featured_media":0,"parent":0,"menu_order":6,"comment_status":"closed","ping_status":"closed","template":"","meta":{"footnotes":""},"class_list":["post-158457","page","type-page","status-publish","hentry"],"_links":{"self":[{"href":"http:\/\/www.sabinewenig.de\/IG-Blog\/index.php?rest_route=\/wp\/v2\/pages\/158457","targetHints":{"allow":["GET"]}}],"collection":[{"href":"http:\/\/www.sabinewenig.de\/IG-Blog\/index.php?rest_route=\/wp\/v2\/pages"}],"about":[{"href":"http:\/\/www.sabinewenig.de\/IG-Blog\/index.php?rest_route=\/wp\/v2\/types\/page"}],"author":[{"embeddable":true,"href":"http:\/\/www.sabinewenig.de\/IG-Blog\/index.php?rest_route=\/wp\/v2\/users\/1"}],"replies":[{"embeddable":true,"href":"http:\/\/www.sabinewenig.de\/IG-Blog\/index.php?rest_route=%2Fwp%2Fv2%2Fcomments&post=158457"}],"version-history":[{"count":0,"href":"http:\/\/www.sabinewenig.de\/IG-Blog\/index.php?rest_route=\/wp\/v2\/pages\/158457\/revisions"}],"wp:attachment":[{"href":"http:\/\/www.sabinewenig.de\/IG-Blog\/index.php?rest_route=%2Fwp%2Fv2%2Fmedia&parent=158457"}],"curies":[{"name":"wp","href":"https:\/\/api.w.org\/{rel}","templated":true}]}}